{"id":1992,"date":"2025-01-05T07:16:38","date_gmt":"2025-01-05T07:16:38","guid":{"rendered":"https:\/\/elevatorlightcurtains.com\/?post_type=product&#038;p=1992"},"modified":"2025-02-08T06:18:17","modified_gmt":"2025-02-08T06:18:17","slug":"full-height-elevator-door-detector-with-weco-photosensor-technology-2m-high","status":"publish","type":"product","link":"https:\/\/elevatorlightcurtains.com\/es\/producto\/full-height-elevator-door-detector-with-weco-photosensor-technology-2m-high\/","title":{"rendered":"Detector de puerta de ascensor de altura total con tecnolog\u00eda Fotosensor de Weco de 2 m de altura"},"content":{"rendered":"<p><strong>Detector de puertas de ascensor con tecnolog\u00eda Fotosensor de Weco: Garantizar la seguridad con precisi\u00f3n<\/strong><\/p>\n<p>En el vertiginoso mundo actual, la seguridad y la eficacia siguen siendo primordiales en el transporte vertical, especialmente en lo que respecta a los sistemas de ascensores. El sitio <strong>Detector de puerta de ascensor con tecnolog\u00eda Fotosensor de Weco<\/strong> es un componente crucial dise\u00f1ado para mejorar la seguridad de los usuarios y agilizar el funcionamiento de los ascensores. Este avanzado detector no solo protege contra accidentes, sino que tambi\u00e9n optimiza el rendimiento de los sistemas de puertas de ascensor, lo que lo convierte en un producto esencial para las instalaciones modernas.<\/p>\n<p><strong>Caracter\u00edsticas principales<\/strong><\/p>\n<p>Este detector de puertas de ascensor de \u00faltima generaci\u00f3n utiliza la tecnolog\u00eda Fotosensor de Weco, que garantiza un alto nivel de precisi\u00f3n y capacidad de respuesta. La unidad est\u00e1 fabricada con materiales de primera calidad, lo que la hace resistente y duradera en diversos entornos. Su sofisticado dise\u00f1o permite una r\u00e1pida integraci\u00f3n en los sistemas de ascensores existentes, haciendo hincapi\u00e9 en la facilidad de instalaci\u00f3n y mantenimiento. El detector est\u00e1 equipado con capacidades de detecci\u00f3n avanzadas que pueden detectar pasajeros y objetos entrantes, evitando el cierre de puertas y garantizando la seguridad de los pasajeros.<\/p>\n<p><strong>Beneficios<\/strong><\/p>\n<p>El detector de puertas de ascensor ofrece numerosas ventajas tanto a los usuarios como a los propietarios de edificios. La incorporaci\u00f3n de este dispositivo de seguridad de grado A reduce significativamente el riesgo de accidentes, mejorando la seguridad de las operaciones del ascensor. Esto, a su vez, genera una mayor confianza por parte de los usuarios, al tiempo que fomenta una cultura de seguridad positiva dentro del establecimiento. La mayor fiabilidad y los bajos costes de mantenimiento se traducen en un ahorro considerable, lo que lo convierte en una sabia elecci\u00f3n para operaciones rentables. Adem\u00e1s, el detector est\u00e1 dise\u00f1ado para funcionar sin problemas en varios tipos de ascensores, lo que garantiza su versatilidad y amplia aplicabilidad.<\/p>\n<p><strong>Aplicaciones<\/strong><\/p>\n<p>La utilidad del detector de puertas de ascensor se extiende a diversos entornos, desde edificios corporativos de gran altura hasta complejos residenciales y hospitales. Resulta especialmente beneficioso en entornos con gran tr\u00e1nsito de personas, como aeropuertos, centros comerciales y centros sanitarios, donde la seguridad y la eficacia de los sistemas de ascensores son fundamentales. Para m\u00e1s informaci\u00f3n, consulte las aplicaciones en entornos especializados, como los ascensores de hospitales, que se detallan en este art\u00edculo. <a href=\"https:\/\/elevatorlightcurtains.com\/es\/.com\/producto\/elevator-door-detection-system\/\">sistema de detecci\u00f3n de puertas de ascensor<\/a> p\u00e1gina.<\/p>\n<p><strong>Diferenciaci\u00f3n y ventajas<\/strong><\/p>\n<p>Lo que diferencia al detector de puertas de ascensor con tecnolog\u00eda Fotosensor de Weco de otros productos del mercado es su eficacia sin igual. A diferencia de los sistemas est\u00e1ndar que pueden utilizar sensores \u00f3pticos b\u00e1sicos, la tecnolog\u00eda de este detector est\u00e1 espec\u00edficamente dise\u00f1ada para zonas de mucho tr\u00e1fico, lo que garantiza un rendimiento \u00f3ptimo en diversas condiciones. Adem\u00e1s, este producto est\u00e1 respaldado por una reputada <strong>Fabricante<\/strong> con sede en <strong>China<\/strong>, conocida por su compromiso con la calidad. Como l\u00edder <strong>F\u00e1brica<\/strong> y <strong>Proveedor<\/strong>Estamos totalmente equipados para gestionar <strong>Compra a granel<\/strong> y <strong>Venta al por mayor<\/strong> pedidos, garantizando que nuestros clientes reciban <strong>Precios al por mayor<\/strong> sin renunciar a la calidad. Tanto si busca un <strong>Exportador<\/strong> para sus productos o busca un <strong>OEM<\/strong>Nuestras ofertas est\u00e1n dise\u00f1adas para cumplir las normas m\u00e1s exigentes del sector.<\/p>\n<p>En resumen, el Detector de Puertas de Ascensor con Tecnolog\u00eda Fotosensor de Weco proporciona soluciones de \u00faltima generaci\u00f3n para mejorar la seguridad y la eficiencia en el transporte vertical. Para obtener m\u00e1s informaci\u00f3n sobre las ofertas de la competencia, no dude en explorar nuestra <a href=\"https:\/\/elevatorlightcurtains.com\/es\/.com\/producto\/elevator-door-detector-light-curtain-parts\/\">piezas detector de puerta de ascensor<\/a>. Eleve sus operaciones con nuestra tecnolog\u00eda superior y experimente c\u00f3mo se disparan sus m\u00e9tricas de seguridad.<\/p>\n<div style=\"justify-content: space - between; align-items: stretch;\">\n<figure id=\"attachment_1527\" class=\"wp-caption alignnone\" style=\"width: 911px;\"><img data-recalc-dims=\"1\" fetchpriority=\"high\" decoding=\"async\" class=\"alignnone wp-image-1917\" src=\"https:\/\/i0.wp.com\/elevatorlightcurtains.com\/wp-content\/uploads\/2025\/01\/weco-elevator-light-curtain.webp?resize=800%2C1037&#038;ssl=1\" alt=\"\" width=\"800\" height=\"1037\" srcset=\"https:\/\/i0.wp.com\/elevatorlightcurtains.com\/wp-content\/uploads\/2025\/01\/weco-elevator-light-curtain.webp?w=1000&amp;ssl=1 1000w, https:\/\/i0.wp.com\/elevatorlightcurtains.com\/wp-content\/uploads\/2025\/01\/weco-elevator-light-curtain.webp?resize=231%2C300&amp;ssl=1 231w, https:\/\/i0.wp.com\/elevatorlightcurtains.com\/wp-content\/uploads\/2025\/01\/weco-elevator-light-curtain.webp?resize=789%2C1024&amp;ssl=1 789w, https:\/\/i0.wp.com\/elevatorlightcurtains.com\/wp-content\/uploads\/2025\/01\/weco-elevator-light-curtain.webp?resize=768%2C997&amp;ssl=1 768w, https:\/\/i0.wp.com\/elevatorlightcurtains.com\/wp-content\/uploads\/2025\/01\/weco-elevator-light-curtain.webp?resize=9%2C12&amp;ssl=1 9w, https:\/\/i0.wp.com\/elevatorlightcurtains.com\/wp-content\/uploads\/2025\/01\/weco-elevator-light-curtain.webp?resize=600%2C779&amp;ssl=1 600w\" sizes=\"(max-width: 800px) 100vw, 800px\" \/><\/figure>\n<p><img data-recalc-dims=\"1\" decoding=\"async\" class=\"alignnone size-full wp-image-1519\" style=\"width: 48%; height: auto;\" src=\"https:\/\/i0.wp.com\/elevatorlightcurtains.com\/wp-content\/uploads\/2025\/01\/%E5%BE%AE%E4%BF%A1%E5%9B%BE%E7%89%87_20230714163000%20-%20scaled.jpg?w=800&#038;ssl=1\" alt=\"\" \/><\/p>\n<\/div>\n<p>&nbsp;<\/p>\n<h2 id=\"faqs-for-weco-elevator-door-sensors\">Preguntas frecuentes sobre los sensores de puerta de ascensor WECO:<\/h2>\n<h3 id=\"how-does-a-weco-elevator-door-sensor-work\">\u00bfC\u00f3mo funciona un sensor de puerta de ascensor WECO?<\/h3>\n<p>Los sensores de puerta de ascensor WECO suelen utilizar tecnolog\u00eda de infrarrojos para detectar cualquier obstrucci\u00f3n en la trayectoria de la puerta. Cuando un objeto interrumpe el haz del sensor, hace que las puertas se abran o permanezcan abiertas por razones de seguridad. Estos sensores desempe\u00f1an un papel fundamental en la prevenci\u00f3n de accidentes relacionados con las puertas y en el buen funcionamiento de los ascensores.<\/p>\n<h3 id=\"what-sensors-are-used-in-weco-elevator-doors\">\u00bfQu\u00e9 sensores se utilizan en las puertas de ascensor WECO?<\/h3>\n<p>Las puertas de ascensor WECO suelen incorporar sensores de infrarrojos, cortinas de luz o sensores de proximidad para detectar movimiento y obst\u00e1culos. Estos avanzados sensores proporcionan informaci\u00f3n precisa y r\u00e1pida al sistema de control del ascensor, facilitando un funcionamiento seguro y eficiente de la puerta en diversos entornos de ascensor.<\/p>\n<h3 id=\"do-all-elevators-have-door-sensors\">\u00bfTienen todos los ascensores sensores de puerta?<\/h3>\n<p>S\u00ed, todos los ascensores modernos est\u00e1n equipados con sensores de puerta para mejorar la seguridad de los pasajeros y la eficacia operativa. Estos sensores son un componente esencial del sistema del ascensor, ya que detectan objetos, personas u obst\u00e1culos en la trayectoria de la puerta para evitar accidentes y garantizar un funcionamiento sin problemas.<\/p>\n<h3 id=\"where-are-weco-elevator-door-sensors-located\">\u00bfD\u00f3nde se encuentran los sensores de puerta de ascensor WECO?<\/h3>\n<p>Los sensores WECO para puertas de ascensores suelen colocarse estrat\u00e9gicamente cerca de las puertas del ascensor, ya sea en la parte superior, inferior o lateral. La ubicaci\u00f3n exacta puede variar en funci\u00f3n del modelo de ascensor y de las especificaciones de dise\u00f1o. La colocaci\u00f3n de los sensores en posiciones clave les permite detectar eficazmente cualquier movimiento u obst\u00e1culo y activar las respuestas adecuadas de la puerta.<\/p>","protected":false},"excerpt":{"rendered":"<p>El detector de puertas de ascensor con tecnolog\u00eda de fotosensor de Weco est\u00e1 dise\u00f1ado para garantizar la seguridad de los pasajeros durante el funcionamiento del ascensor. Con un dise\u00f1o compacto y ligero, es ideal para ascensores comerciales y residenciales. Con la avanzada tecnolog\u00eda de fotosensor de Weco, ofrece una detecci\u00f3n precisa de obst\u00e1culos para mejorar la seguridad en el sector de los ascensores.<\/p>","protected":false},"featured_media":1245,"comment_status":"open","ping_status":"closed","template":"","meta":[],"product_cat":[46],"product_tag":[],"class_list":{"0":"post-1992","1":"product","2":"type-product","3":"status-publish","4":"has-post-thumbnail","6":"product_cat-lift-infrared-sensor","8":"first","9":"instock","10":"shipping-taxable","11":"product-type-simple"},"jetpack_sharing_enabled":true,"_links":{"self":[{"href":"https:\/\/elevatorlightcurtains.com\/es\/wp-json\/wp\/v2\/product\/1992","targetHints":{"allow":["GET"]}}],"collection":[{"href":"https:\/\/elevatorlightcurtains.com\/es\/wp-json\/wp\/v2\/product"}],"about":[{"href":"https:\/\/elevatorlightcurtains.com\/es\/wp-json\/wp\/v2\/types\/product"}],"replies":[{"embeddable":true,"href":"https:\/\/elevatorlightcurtains.com\/es\/wp-json\/wp\/v2\/comments?post=1992"}],"wp:featuredmedia":[{"embeddable":true,"href":"https:\/\/elevatorlightcurtains.com\/es\/wp-json\/wp\/v2\/media\/1245"}],"wp:attachment":[{"href":"https:\/\/elevatorlightcurtains.com\/es\/wp-json\/wp\/v2\/media?parent=1992"}],"wp:term":[{"taxonomy":"product_cat","embeddable":true,"href":"https:\/\/elevatorlightcurtains.com\/es\/wp-json\/wp\/v2\/product_cat?post=1992"},{"taxonomy":"product_tag","embeddable":true,"href":"https:\/\/elevatorlightcurtains.com\/es\/wp-json\/wp\/v2\/product_tag?post=1992"}],"curies":[{"name":"wp","href":"https:\/\/api.w.org\/{rel}","templated":true}]}}