{"id":1988,"date":"2025-01-05T07:16:35","date_gmt":"2025-01-05T07:16:35","guid":{"rendered":"https:\/\/elevatorlightcurtains.com\/?post_type=product&#038;p=1988"},"modified":"2025-02-08T06:12:17","modified_gmt":"2025-02-08T06:12:17","slug":"elevator-door-system-light-curtain-by-weco-2000mm-dc24v","status":"publish","type":"product","link":"https:\/\/elevatorlightcurtains.com\/es\/producto\/elevator-door-system-light-curtain-by-weco-2000mm-dc24v\/","title":{"rendered":"Sistema de puerta de ascensor Cortina de luz de Weco 2000mm DC24V"},"content":{"rendered":"<p><strong>Cortina de luz para puertas de ascensor de Weco<\/strong><\/p>\n<p>La cortina \u00f3ptica del sistema de puertas de ascensor de Weco es un componente crucial dise\u00f1ado para mejorar la seguridad y la eficacia en el funcionamiento de los ascensores. Con su tecnolog\u00eda de vanguardia, este sistema desempe\u00f1a un papel esencial a la hora de garantizar un flujo fluido de pasajeros y minimizar los accidentes mediante la detecci\u00f3n de obstrucciones en la entrada del ascensor. Es reconocido en la industria por su fiabilidad y eficacia en diversos entornos comerciales y residenciales. Como producto orgullosamente fabricado en China, Weco se erige como f\u00e1brica y productor l\u00edder en el mercado de equipos de seguridad para ascensores.<\/p>\n<p><strong>Caracter\u00edsticas principales<\/strong><\/p>\n<p>La cortina \u00f3ptica del sistema de puerta de ascensor cuenta con varias caracter\u00edsticas avanzadas que la distinguen de otras opciones del mercado. Gracias a su avanzada tecnolog\u00eda de infrarrojos, detecta eficazmente cualquier objeto o persona que se encuentre en la puerta, evitando cierres accidentales. La unidad est\u00e1 fabricada con materiales de alta calidad, lo que garantiza su durabilidad y resistencia a los factores ambientales. Dise\u00f1ado para una instalaci\u00f3n sencilla, este sistema funciona a la perfecci\u00f3n con varios modelos de ascensor. Para las empresas que buscan soluciones integrales, nuestras soluciones completas de sensores de puerta de ascensor se detallan m\u00e1s adelante en este documento. <a href=\"https:\/\/elevatorlightcurtains.com\/es\/.com\/producto\/elevator-door-sensor-solution\/\">soluci\u00f3n de sensor de puerta de ascensor<\/a>.<\/p>\n<p><strong>Beneficios<\/strong><\/p>\n<p>El uso de la cortina \u00f3ptica para puertas de ascensores aporta ventajas sustanciales a los usuarios, como una mayor seguridad para los pasajeros y una menor responsabilidad para los propietarios. La eficacia de este sistema se traduce directamente en una reducci\u00f3n de los tiempos de espera y una mejora de la experiencia del usuario, lo que lo convierte en un complemento rentable para cualquier instalaci\u00f3n. La capacidad de la unidad para evitar lesiones no s\u00f3lo genera confianza entre los clientes, sino que tambi\u00e9n mejora significativamente los resultados operativos.<\/p>\n<p><strong>Aplicaciones<\/strong><\/p>\n<p>Este sistema de cortina fotoel\u00e9ctrica puede utilizarse eficazmente en diversos entornos, como edificios residenciales, complejos de oficinas, hospitales y centros de transporte p\u00fablico. Resulta especialmente beneficioso en zonas muy transitadas, donde la seguridad de los pasajeros es primordial. Si desea conocer m\u00e1s detalles sobre su aplicaci\u00f3n en entornos hospitalarios, por ejemplo, puede consultar nuestra informaci\u00f3n espec\u00edfica sobre <a href=\"https:\/\/elevatorlightcurtains.com\/es\/.com\/producto\/infrared-door-detector-elevator-passenger-hospital\/\">detector de puertas por infrarrojos en hospitales<\/a>.<\/p>\n<p><strong>Diferenciaci\u00f3n y ventajas<\/strong><\/p>\n<p>Lo que diferencia a la cortina \u00f3ptica para puertas de ascensores de sus competidores no es s\u00f3lo su excepcional funcionalidad, sino tambi\u00e9n su modelo de precios rentable. Como fabricante y exportador OEM, este producto est\u00e1 disponible para la compra al por mayor y al por mayor, lo que permite a las empresas aprovechar los precios al por mayor que proporcionan un ahorro sustancial. Esta integraci\u00f3n de precios competitivos con una calidad sobresaliente hace de Weco un proveedor preferido entre los fabricantes de la industria de equipos de seguridad para ascensores. En comparaci\u00f3n con otros modelos, nuestro sistema garantiza una capacidad de detecci\u00f3n superior y una vida \u00fatil m\u00e1s larga, asegurando que los est\u00e1ndares de seguridad se mantienen sin compromiso. Para alternativas m\u00e1s competitivas, nuestra gama incluye productos especializados adaptados a distintas necesidades, como el <a href=\"https:\/\/elevatorlightcurtains.com\/es\/.com\/producto\/elevator-door-detection-system\/\">sistema de detecci\u00f3n de puertas de ascensor<\/a>.<\/p>\n<p>En conclusi\u00f3n, cuando busque un sistema de puertas de ascensor fiable y de alto rendimiento, la elecci\u00f3n de la cortina de luz Elevator Door System de Weco no s\u00f3lo mejora la seguridad, sino que tambi\u00e9n le posiciona como l\u00edder en la adopci\u00f3n de tecnolog\u00eda avanzada en la gesti\u00f3n de ascensores. Aseg\u00farese de que sus instalaciones est\u00e1n equipadas con lo mejor colaborando con un fabricante de renombre que prioriza la calidad y la satisfacci\u00f3n del cliente.<\/p>\n<div style=\"justify-content: space - between; align-items: stretch;\">\n<figure id=\"attachment_1527\" class=\"wp-caption alignnone\" style=\"width: 911px;\"><img data-recalc-dims=\"1\" fetchpriority=\"high\" decoding=\"async\" class=\"alignnone wp-image-1917\" src=\"https:\/\/i0.wp.com\/elevatorlightcurtains.com\/wp-content\/uploads\/2025\/01\/weco-elevator-light-curtain.webp?resize=800%2C1037&#038;ssl=1\" alt=\"\" width=\"800\" height=\"1037\" srcset=\"https:\/\/i0.wp.com\/elevatorlightcurtains.com\/wp-content\/uploads\/2025\/01\/weco-elevator-light-curtain.webp?w=1000&amp;ssl=1 1000w, https:\/\/i0.wp.com\/elevatorlightcurtains.com\/wp-content\/uploads\/2025\/01\/weco-elevator-light-curtain.webp?resize=231%2C300&amp;ssl=1 231w, https:\/\/i0.wp.com\/elevatorlightcurtains.com\/wp-content\/uploads\/2025\/01\/weco-elevator-light-curtain.webp?resize=789%2C1024&amp;ssl=1 789w, https:\/\/i0.wp.com\/elevatorlightcurtains.com\/wp-content\/uploads\/2025\/01\/weco-elevator-light-curtain.webp?resize=768%2C997&amp;ssl=1 768w, https:\/\/i0.wp.com\/elevatorlightcurtains.com\/wp-content\/uploads\/2025\/01\/weco-elevator-light-curtain.webp?resize=9%2C12&amp;ssl=1 9w, https:\/\/i0.wp.com\/elevatorlightcurtains.com\/wp-content\/uploads\/2025\/01\/weco-elevator-light-curtain.webp?resize=600%2C779&amp;ssl=1 600w\" sizes=\"(max-width: 800px) 100vw, 800px\" \/><\/figure>\n<p><img data-recalc-dims=\"1\" decoding=\"async\" class=\"alignnone size-full wp-image-1519\" style=\"width: 48%; height: auto;\" src=\"https:\/\/i0.wp.com\/elevatorlightcurtains.com\/wp-content\/uploads\/2025\/01\/%E5%BE%AE%E4%BF%A1%E5%9B%BE%E7%89%87_20230714163000%20-%20scaled.jpg?w=800&#038;ssl=1\" alt=\"\" \/><\/p>\n<\/div>\n<p>&nbsp;<\/p>\n<h2 id=\"faqs-for-elevator-door-system\">Preguntas frecuentes sobre el sistema de puertas de ascensor:<\/h2>\n<h3 id=\"what-is-an-elevator-light-curtain\">\u00bfQu\u00e9 es una cortina \u00f3ptica de ascensor?<\/h3>\n<p>Una cortina \u00f3ptica de ascensor es un dispositivo de seguridad que se instala en las puertas de los ascensores para detectar obstrucciones en el paso. Consiste en haces de infrarrojos que crean una cortina invisible, activando la reapertura de las puertas si se interrumpen los haces. Esto ayuda a evitar accidentes y garantiza la seguridad de los pasajeros al proporcionar una respuesta r\u00e1pida ante objetos o personas en el paso de la puerta.<\/p>\n<h3 id=\"what-is-the-purpose-of-an-elevator-door-sensor\">\u00bfPara qu\u00e9 sirve un sensor de puerta de ascensor?<\/h3>\n<p>Un sensor de puerta de ascensor es un componente crucial del sistema de puerta de ascensor que detecta la presencia de objetos o personas en la trayectoria de la puerta. Garantiza un funcionamiento seguro impidiendo que las puertas se cierren si se detecta un obst\u00e1culo, reduciendo as\u00ed el riesgo de accidentes y lesiones. El sensor ayuda a mantener un funcionamiento fluido y eficaz del ascensor, al tiempo que da prioridad a la seguridad de los pasajeros.<\/p>\n<h3 id=\"what-kind-of-doors-are-used-in-elevator-systems\">\u00bfQu\u00e9 tipo de puertas se utilizan en los ascensores?<\/h3>\n<p>Las puertas de los ascensores suelen dise\u00f1arse como puertas correderas verticales o puertas batientes horizontales, en funci\u00f3n del tipo de sistema de ascensor. Las puertas correderas verticales se utilizan habitualmente en los ascensores modernos, ya que ofrecen eficiencia de espacio y un dise\u00f1o elegante. Las puertas bipartitas se abren horizontalmente, proporcionando una entrada m\u00e1s amplia para la accesibilidad. Ambos tipos de puertas pueden equiparse con elementos de seguridad como cortinas de luz y sensores para mejorar la seguridad de los pasajeros.<\/p>\n<h3 id=\"how-is-the-installation-process-for-an-elevator-door-system\">\u00bfC\u00f3mo es el proceso de instalaci\u00f3n de un sistema de puertas de ascensor?<\/h3>\n<p>La instalaci\u00f3n de un sistema de puertas de ascensor conlleva una serie de pasos para garantizar su correcto funcionamiento y seguridad. Incluye el montaje de las puertas, la activaci\u00f3n de los sensores, la calibraci\u00f3n de la cortina de luz y la comprobaci\u00f3n de la capacidad de respuesta del sistema. Se recomienda una instalaci\u00f3n profesional realizada por t\u00e9cnicos cualificados para garantizar el cumplimiento de las normas de seguridad y un rendimiento \u00f3ptimo. Una instalaci\u00f3n adecuada es esencial para el funcionamiento fiable y la longevidad del sistema de puertas de ascensor.<\/p>\n<h3 id=\"what-is-the-typical-cost-associated-with-installing-an-elevator-door-system\">\u00bfCu\u00e1l es el coste t\u00edpico asociado a la instalaci\u00f3n de un sistema de puertas de ascensor?<\/h3>\n<p>El coste de la instalaci\u00f3n de un sistema de puertas de ascensor puede variar en funci\u00f3n de factores como el tipo de puertas, los sensores, las cortinas de luz y la complejidad de la instalaci\u00f3n. Se recomienda obtener presupuestos de proveedores de sistemas de puertas de ascensor acreditados para evaluar los requisitos espec\u00edficos de su edificio. Aunque los costes pueden variar, invertir en un sistema de puertas de ascensor de alta calidad y orientado a la seguridad es esencial para un funcionamiento fiable y la seguridad de los pasajeros.<\/p>","protected":false},"excerpt":{"rendered":"<p>La cortina \u00f3ptica para sistemas de puertas de ascensores de Weco est\u00e1 dise\u00f1ada para mejorar la seguridad y la eficacia operativa de los sistemas de ascensores. Con unas especificaciones compactas y ligeras, es ideal para aplicaciones de ascensores residenciales y comerciales. Con una avanzada tecnolog\u00eda de detecci\u00f3n de luz, ofrece una mejor detecci\u00f3n de pasajeros para la prevenci\u00f3n de accidentes relacionados con las puertas en el sector de los ascensores.<\/p>","protected":false},"featured_media":1245,"comment_status":"open","ping_status":"closed","template":"","meta":[],"product_cat":[46],"product_tag":[],"class_list":{"0":"post-1988","1":"product","2":"type-product","3":"status-publish","4":"has-post-thumbnail","6":"product_cat-lift-infrared-sensor","8":"first","9":"instock","10":"shipping-taxable","11":"product-type-simple"},"jetpack_sharing_enabled":true,"_links":{"self":[{"href":"https:\/\/elevatorlightcurtains.com\/es\/wp-json\/wp\/v2\/product\/1988","targetHints":{"allow":["GET"]}}],"collection":[{"href":"https:\/\/elevatorlightcurtains.com\/es\/wp-json\/wp\/v2\/product"}],"about":[{"href":"https:\/\/elevatorlightcurtains.com\/es\/wp-json\/wp\/v2\/types\/product"}],"replies":[{"embeddable":true,"href":"https:\/\/elevatorlightcurtains.com\/es\/wp-json\/wp\/v2\/comments?post=1988"}],"wp:featuredmedia":[{"embeddable":true,"href":"https:\/\/elevatorlightcurtains.com\/es\/wp-json\/wp\/v2\/media\/1245"}],"wp:attachment":[{"href":"https:\/\/elevatorlightcurtains.com\/es\/wp-json\/wp\/v2\/media?parent=1988"}],"wp:term":[{"taxonomy":"product_cat","embeddable":true,"href":"https:\/\/elevatorlightcurtains.com\/es\/wp-json\/wp\/v2\/product_cat?post=1988"},{"taxonomy":"product_tag","embeddable":true,"href":"https:\/\/elevatorlightcurtains.com\/es\/wp-json\/wp\/v2\/product_tag?post=1988"}],"curies":[{"name":"wp","href":"https:\/\/api.w.org\/{rel}","templated":true}]}}