{"id":1986,"date":"2025-01-05T07:16:29","date_gmt":"2025-01-05T07:16:29","guid":{"rendered":"https:\/\/elevatorlightcurtains.com\/?post_type=product&#038;p=1986"},"modified":"2025-02-08T05:44:11","modified_gmt":"2025-02-08T05:44:11","slug":"elevator-safety-edge-bracket-detector-weco-systems","status":"publish","type":"product","link":"https:\/\/elevatorlightcurtains.com\/es\/producto\/elevator-safety-edge-bracket-detector-weco-systems\/","title":{"rendered":"Detector de seguridad de borde de ascensor para sistemas Weco 220V"},"content":{"rendered":"<p><strong>Detector de seguridad de borde de ascensor para sistemas Weco<\/strong><\/p>\n<p>El detector de cantoneras de seguridad para ascensores es un componente esencial dise\u00f1ado para mejorar las caracter\u00edsticas de seguridad de los sistemas de ascensores, especialmente los integrados con sistemas Weco. Este dispositivo de vanguardia garantiza que el funcionamiento de la puerta del ascensor sea seguro y fiable, reduciendo significativamente el riesgo de accidentes durante el tr\u00e1nsito. Como <strong>fabricante<\/strong> y <strong>proveedor<\/strong>En la actualidad, atendemos las necesidades de las empresas que buscan soluciones de seguridad de alta calidad, cruciales tanto para ascensores comerciales como residenciales.<\/p>\n<p><strong>Caracter\u00edsticas principales:<\/strong><\/p>\n<p>Nuestro detector de seguridad de borde de ascensor cuenta con una serie de caracter\u00edsticas avanzadas que lo distinguen en el mercado. Incorpora tecnolog\u00eda de vanguardia que ofrece capacidades de detecci\u00f3n precisas, proporcionando respuestas inmediatas para evitar el cierre de la puerta cuando se detecta una obstrucci\u00f3n. Su robusta construcci\u00f3n garantiza un rendimiento duradero, lo que lo convierte en la opci\u00f3n ideal para cualquier aplicaci\u00f3n. <strong>f\u00e1brica<\/strong> o instalaci\u00f3n que busque soluciones fiables. Nuestros productos est\u00e1n dise\u00f1ados manteniendo <strong>OEM<\/strong> en mente, lo que permite una integraci\u00f3n perfecta en los sistemas de ascensores existentes.<\/p>\n<p><strong>Ventajas:<\/strong><\/p>\n<p>Invertir en el Detector de bordes de seguridad para ascensores es una elecci\u00f3n inteligente para las empresas centradas en la seguridad, la fiabilidad y la eficiencia. El producto mejora los resultados operativos al minimizar el tiempo de inactividad y los posibles costes de reparaci\u00f3n asociados a los accidentes. Al garantizar un flujo peatonal fluido y una capacidad de detecci\u00f3n r\u00e1pida, el sistema fomenta un entorno m\u00e1s seguro para los pasajeros. Como empresa de confianza <strong>exportador<\/strong>Con nuestra pol\u00edtica de calidad, nos aseguramos de que nuestros productos mantengan altos niveles de calidad y rendimiento, lo que da tranquilidad a nuestros clientes cuando compran al por mayor.<\/p>\n<p><strong>Aplicaciones:<\/strong><\/p>\n<p>El detector de seguridad de borde de ascensor es adecuado para diversas aplicaciones, como edificios comerciales, complejos residenciales e instalaciones sanitarias. Su adaptabilidad lo convierte en una excelente opci\u00f3n para cualquier <strong>venta al por mayor<\/strong> distribuidor que busca ofrecer soluciones de seguridad de alta calidad para instalaciones de ascensores. La unidad est\u00e1 dise\u00f1ada espec\u00edficamente para funcionar a la perfecci\u00f3n con los sistemas Weco, lo que ampl\u00eda a\u00fan m\u00e1s su utilidad en diversos entornos. Para obtener m\u00e1s informaci\u00f3n sobre productos similares, visite nuestra p\u00e1gina web <a href=\"https:\/\/elevatorlightcurtains.com\/es\/.com\/producto\/passive-infrared-elevator-door-sensor\/\">Sensor infrarrojo pasivo para puertas de ascensores<\/a> o <a href=\"https:\/\/elevatorlightcurtains.com\/es\/.com\/producto\/elevator-door-detection-system\/\">Sistema de detecci\u00f3n de puertas de ascensor<\/a>.<\/p>\n<p><strong>Diferenciaci\u00f3n y ventajas:<\/strong><\/p>\n<p>Cuando se trata de soluciones de seguridad para ascensores, nuestro producto destaca por su excepcional atenci\u00f3n a la calidad y la funcionalidad. Como l\u00edder <strong>proveedor a granel<\/strong>Ofrecemos un <strong>precios al por mayor<\/strong> que hacen de nuestro Detector de Seguridad de Cantos una alternativa asequible a productos similares en el mercado. Nuestros productos se fabrican en <strong>China<\/strong>La calidad de nuestros productos nos permite cumplir las normas internacionales y ofrecer precios superiores a los de otros proveedores. Los clientes nos eligen no s\u00f3lo por nuestra fiabilidad como <strong>productor<\/strong> sino tambi\u00e9n por nuestro compromiso con el servicio al cliente, que hace que el proceso de compra e integraci\u00f3n de nuestros productos sea eficiente y sin complicaciones.<\/p>\n<p>Eleve hoy mismo los est\u00e1ndares de seguridad de sus instalaciones con nuestro avanzado detector de seguridad de bordes de ascensores para sistemas Weco y \u00fanase a las innumerables empresas que han tomado la decisi\u00f3n inteligente de priorizar la seguridad y la calidad en sus sistemas de ascensores.<\/p>\n<div style=\"justify-content: space - between; align-items: stretch;\">\n<figure id=\"attachment_1527\" class=\"wp-caption alignnone\" style=\"width: 911px;\"><img data-recalc-dims=\"1\" fetchpriority=\"high\" decoding=\"async\" class=\"alignnone wp-image-1917\" src=\"https:\/\/i0.wp.com\/elevatorlightcurtains.com\/wp-content\/uploads\/2025\/01\/weco-elevator-light-curtain.webp?resize=800%2C1037&#038;ssl=1\" alt=\"\" width=\"800\" height=\"1037\" srcset=\"https:\/\/i0.wp.com\/elevatorlightcurtains.com\/wp-content\/uploads\/2025\/01\/weco-elevator-light-curtain.webp?w=1000&amp;ssl=1 1000w, https:\/\/i0.wp.com\/elevatorlightcurtains.com\/wp-content\/uploads\/2025\/01\/weco-elevator-light-curtain.webp?resize=231%2C300&amp;ssl=1 231w, https:\/\/i0.wp.com\/elevatorlightcurtains.com\/wp-content\/uploads\/2025\/01\/weco-elevator-light-curtain.webp?resize=789%2C1024&amp;ssl=1 789w, https:\/\/i0.wp.com\/elevatorlightcurtains.com\/wp-content\/uploads\/2025\/01\/weco-elevator-light-curtain.webp?resize=768%2C997&amp;ssl=1 768w, https:\/\/i0.wp.com\/elevatorlightcurtains.com\/wp-content\/uploads\/2025\/01\/weco-elevator-light-curtain.webp?resize=9%2C12&amp;ssl=1 9w, https:\/\/i0.wp.com\/elevatorlightcurtains.com\/wp-content\/uploads\/2025\/01\/weco-elevator-light-curtain.webp?resize=600%2C779&amp;ssl=1 600w\" sizes=\"(max-width: 800px) 100vw, 800px\" \/><\/figure>\n<p><img data-recalc-dims=\"1\" decoding=\"async\" class=\"alignnone size-full wp-image-1519\" style=\"width: 48%; height: auto;\" src=\"https:\/\/i0.wp.com\/elevatorlightcurtains.com\/wp-content\/uploads\/2025\/01\/%E5%BE%AE%E4%BF%A1%E5%9B%BE%E7%89%87_20230714163000%20-%20scaled.jpg?w=800&#038;ssl=1\" alt=\"\" \/><\/p>\n<\/div>\n<p>&nbsp;<\/p>\n<h2 id=\"faqs-for-elevator-safety-edge-bracket-detector\">Preguntas frecuentes sobre el detector de seguridad de borde de ascensor<\/h2>\n<h3 id=\"what-is-the-purpose-of-an-elevator-safety-edge-bracket-detector-for-weco-systems\">\u00bfPara qu\u00e9 sirve un detector de seguridad de borde de ascensor de WECO Systems?<\/h3>\n<p>El detector de seguridad de borde de puerta para ascensores de WECO Systems est\u00e1 dise\u00f1ado para mejorar la seguridad mediante la detecci\u00f3n de cualquier obstrucci\u00f3n o contacto con los bordes de la puerta del ascensor. Este dispositivo ayuda a prevenir accidentes deteniendo o invirtiendo inmediatamente la direcci\u00f3n del ascensor al detectar cualquier presi\u00f3n u obstrucci\u00f3n en los bordes de la puerta.<\/p>\n<h3 id=\"how-do-i-install-the-elevator-safety-edge-bracket-detector-for-weco-systems\">\u00bfC\u00f3mo se instala el detector de borde de seguridad para ascensores WECO Systems?<\/h3>\n<p>La instalaci\u00f3n del detector de borde de seguridad para ascensores de WECO Systems implica la fijaci\u00f3n segura de los soportes del sensor a lo largo de los bordes de las puertas del ascensor. Puede encontrar instrucciones detalladas en el manual de instalaci\u00f3n proporcionado por WECO Systems, garantizando una alineaci\u00f3n y funcionalidad adecuadas para un rendimiento de seguridad \u00f3ptimo.<\/p>\n<h3 id=\"what-is-the-cost-range-for-elevator-safety-edge-bracket-detectors-for-weco-systems\">\u00bfCu\u00e1l es la gama de precios de los detectores de borde de seguridad para ascensores de WECO Systems?<\/h3>\n<p>El coste de los detectores de borde de seguridad para ascensores de WECO Systems puede variar en funci\u00f3n del modelo espec\u00edfico, las caracter\u00edsticas y la cantidad necesaria para la instalaci\u00f3n. Se recomienda ponerse en contacto directamente con WECO Systems o con sus distribuidores autorizados para obtener informaci\u00f3n sobre precios adaptada a sus necesidades.<\/p>\n<h3 id=\"where-can-i-find-the-manual-for-the-elevator-safety-edge-bracket-detector-for-weco-systems\">\u00bfD\u00f3nde puedo encontrar el manual del detector de borde de seguridad para ascensores de WECO Systems?<\/h3>\n<p>El manual del detector de borde de seguridad para ascensores WECO Systems normalmente est\u00e1 disponible en el sitio web del fabricante o a trav\u00e9s de sus canales de atenci\u00f3n al cliente. El manual proporciona instrucciones detalladas sobre los procedimientos de instalaci\u00f3n, funcionamiento y mantenimiento para garantizar el correcto funcionamiento y la seguridad del dispositivo.<\/p>","protected":false},"excerpt":{"rendered":"<p>El detector de cantoneras de seguridad para ascensores de Weco Systems est\u00e1 dise\u00f1ado para garantizar la seguridad de los sistemas de ascensores. Con unas especificaciones compactas, es ideal para su instalaci\u00f3n en ascensores comerciales y residenciales. Gracias a su avanzada tecnolog\u00eda de detecci\u00f3n, ofrece una mayor seguridad y fiabilidad para el sector de los ascensores.<\/p>","protected":false},"featured_media":1248,"comment_status":"open","ping_status":"closed","template":"","meta":[],"product_cat":[46],"product_tag":[],"class_list":{"0":"post-1986","1":"product","2":"type-product","3":"status-publish","4":"has-post-thumbnail","6":"product_cat-lift-infrared-sensor","8":"first","9":"instock","10":"shipping-taxable","11":"product-type-simple"},"jetpack_sharing_enabled":true,"_links":{"self":[{"href":"https:\/\/elevatorlightcurtains.com\/es\/wp-json\/wp\/v2\/product\/1986","targetHints":{"allow":["GET"]}}],"collection":[{"href":"https:\/\/elevatorlightcurtains.com\/es\/wp-json\/wp\/v2\/product"}],"about":[{"href":"https:\/\/elevatorlightcurtains.com\/es\/wp-json\/wp\/v2\/types\/product"}],"replies":[{"embeddable":true,"href":"https:\/\/elevatorlightcurtains.com\/es\/wp-json\/wp\/v2\/comments?post=1986"}],"wp:featuredmedia":[{"embeddable":true,"href":"https:\/\/elevatorlightcurtains.com\/es\/wp-json\/wp\/v2\/media\/1248"}],"wp:attachment":[{"href":"https:\/\/elevatorlightcurtains.com\/es\/wp-json\/wp\/v2\/media?parent=1986"}],"wp:term":[{"taxonomy":"product_cat","embeddable":true,"href":"https:\/\/elevatorlightcurtains.com\/es\/wp-json\/wp\/v2\/product_cat?post=1986"},{"taxonomy":"product_tag","embeddable":true,"href":"https:\/\/elevatorlightcurtains.com\/es\/wp-json\/wp\/v2\/product_tag?post=1986"}],"curies":[{"name":"wp","href":"https:\/\/api.w.org\/{rel}","templated":true}]}}