{"id":1978,"date":"2025-01-05T06:56:43","date_gmt":"2025-01-05T06:56:43","guid":{"rendered":"https:\/\/elevatorlightcurtains.com\/?post_type=product&#038;p=1978"},"modified":"2025-01-15T06:31:43","modified_gmt":"2025-01-15T06:31:43","slug":"elevator-door-safety-detector-residential","status":"publish","type":"product","link":"https:\/\/elevatorlightcurtains.com\/es\/producto\/elevator-door-safety-detector-residential\/","title":{"rendered":"Detector de seguridad de puerta de ascensor para residencias WECO-917A61-AC220"},"content":{"rendered":"<p><strong>Detector de seguridad de puerta de ascensor para residencias<\/strong><\/p>\n<p>En una \u00e9poca en la que la seguridad y la comodidad son primordiales, el <strong>Detector de seguridad de la puerta del ascensor<\/strong> destaca como un componente cr\u00edtico para los edificios residenciales. Este innovador dispositivo est\u00e1 dise\u00f1ado para garantizar el funcionamiento seguro de los ascensores mediante la detecci\u00f3n de cualquier obstrucci\u00f3n en la puerta del ascensor, evitando as\u00ed accidentes y mejorando la experiencia general del usuario. Como l\u00edder <strong>fabricante<\/strong> en el sector, nos enorgullecemos de ofrecer productos de alta calidad adaptados tanto a la seguridad como al rendimiento, lo que nos convierte en una empresa de confianza <strong>exportador<\/strong> en el mercado.<\/p>\n<p><strong>Caracter\u00edsticas principales:<\/strong><\/p>\n<p>El detector de seguridad de puertas de ascensor cuenta con varias caracter\u00edsticas avanzadas que lo diferencian de los sistemas de seguridad tradicionales. Utilizando tecnolog\u00eda de sensores de vanguardia, proporciona tiempos de respuesta r\u00e1pidos y una precisi\u00f3n excepcional en la detecci\u00f3n de peligros potenciales cerca de la entrada del ascensor. Cada unidad est\u00e1 fabricada con materiales de alta calidad para soportar un uso continuado y mantener una funcionalidad \u00f3ptima. Nuestros detectores son el resultado de rigurosos procesos de control de calidad en nuestro <strong>f\u00e1brica<\/strong>garantizando que cada unidad supere las normas del sector. Al considerar una <strong>compra al por mayor<\/strong> opci\u00f3n, nuestra competitiva <strong>precio al por mayor<\/strong> garantiza un ahorro sustancial, lo que la convierte en una opci\u00f3n atractiva para proyectos a gran escala.<\/p>\n<p><strong>Ventajas:<\/strong><\/p>\n<p>Al integrar el detector de seguridad de puertas de ascensor en su edificio residencial, experimentar\u00e1 una mayor seguridad y fiabilidad. Este dispositivo reduce significativamente el riesgo de accidentes, garantizando la tranquilidad tanto de los residentes como de la administraci\u00f3n del edificio. Los sensores est\u00e1n dise\u00f1ados para ser eficientes, minimizando las falsas alarmas y garantizando el buen funcionamiento de los ascensores. El resultado no es s\u00f3lo un entorno m\u00e1s seguro, sino tambi\u00e9n una soluci\u00f3n m\u00e1s rentable, ya que la reducci\u00f3n de accidentes conlleva una disminuci\u00f3n de los costes de responsabilidad civil y seguros. Para obtener m\u00e1s informaci\u00f3n sobre las mejores pr\u00e1cticas en sistemas de detectores de seguridad, consulte la p\u00e1gina web <a href=\"https:\/\/example.com\/safety-detector\" target=\"_blank\" rel=\"noopener\">directrices del detector de seguridad<\/a> y el <a href=\"https:\/\/example.com\/implementation\" target=\"_blank\" rel=\"noopener\">estrategias de aplicaci\u00f3n de los detectores de seguridad<\/a> disponible en nuestro sitio web.<\/p>\n<p><strong>Aplicaciones:<\/strong><\/p>\n<p>La versatilidad del detector de seguridad de puertas de ascensor lo convierte en una soluci\u00f3n ideal para diversos entornos residenciales. Es adecuado para apartamentos de altura media a alta, comunidades de jubilados y viviendas multifamiliares, donde es fundamental garantizar la seguridad de los residentes, especialmente de los ni\u00f1os y los ancianos. Con el objetivo de convertirse en su <strong>proveedor<\/strong> para soluciones de seguridad, ofrecemos productos especializados para satisfacer las demandas \u00fanicas de los entornos residenciales.<\/p>\n<p><strong>Diferenciaci\u00f3n y ventajas:<\/strong><\/p>\n<p>Elegir nuestro detector de seguridad para puertas de ascensores frente a la competencia es una decisi\u00f3n inteligente. Como empresa <strong>productor<\/strong> en el sector, nuestro compromiso con la calidad y la innovaci\u00f3n es inigualable. Aprovechamos nuestra posici\u00f3n como <strong>OEM<\/strong> para satisfacer requisitos personalizados, garantizando que sus soluciones de seguridad se adapten perfectamente a sus sistemas de ascensores. Adem\u00e1s, nuestra s\u00f3lida red de distribuci\u00f3n nos posiciona favorablemente en China y en los mercados mundiales, haciendo que nuestros productos est\u00e9n f\u00e1cilmente disponibles a precios competitivos. Si desea m\u00e1s informaci\u00f3n sobre nuestras soluciones de seguridad, consulte nuestra p\u00e1gina web <a href=\"https:\/\/example.com\/overview\" target=\"_blank\" rel=\"noopener\">visi\u00f3n general del detector de seguridad<\/a>que destaca las caracter\u00edsticas principales y los testimonios de los clientes.<\/p>\n<p>Experimente la seguridad sin igual que ofrece el Detector de Seguridad para Puertas de Ascensor y conf\u00ede en un producto respaldado por una reputada <strong>fabricante<\/strong> dedicados a la calidad, la eficiencia y la excelencia. Con nuestras soluciones, estar\u00e1 invirtiendo en la seguridad y el bienestar de todos los residentes de su edificio.<\/p>\n<div style=\"justify-content: space - between; align-items: stretch;\">\n<figure id=\"attachment_1527\" class=\"wp-caption alignnone\" style=\"width: 911px;\"><img data-recalc-dims=\"1\" fetchpriority=\"high\" decoding=\"async\" class=\"alignnone wp-image-1917\" src=\"https:\/\/i0.wp.com\/elevatorlightcurtains.com\/wp-content\/uploads\/2025\/01\/weco-elevator-light-curtain.webp?resize=800%2C1037&#038;ssl=1\" alt=\"\" width=\"800\" height=\"1037\" srcset=\"https:\/\/i0.wp.com\/elevatorlightcurtains.com\/wp-content\/uploads\/2025\/01\/weco-elevator-light-curtain.webp?w=1000&amp;ssl=1 1000w, https:\/\/i0.wp.com\/elevatorlightcurtains.com\/wp-content\/uploads\/2025\/01\/weco-elevator-light-curtain.webp?resize=231%2C300&amp;ssl=1 231w, https:\/\/i0.wp.com\/elevatorlightcurtains.com\/wp-content\/uploads\/2025\/01\/weco-elevator-light-curtain.webp?resize=789%2C1024&amp;ssl=1 789w, https:\/\/i0.wp.com\/elevatorlightcurtains.com\/wp-content\/uploads\/2025\/01\/weco-elevator-light-curtain.webp?resize=768%2C997&amp;ssl=1 768w, https:\/\/i0.wp.com\/elevatorlightcurtains.com\/wp-content\/uploads\/2025\/01\/weco-elevator-light-curtain.webp?resize=9%2C12&amp;ssl=1 9w, https:\/\/i0.wp.com\/elevatorlightcurtains.com\/wp-content\/uploads\/2025\/01\/weco-elevator-light-curtain.webp?resize=600%2C779&amp;ssl=1 600w\" sizes=\"(max-width: 800px) 100vw, 800px\" \/><\/figure>\n<p><img data-recalc-dims=\"1\" decoding=\"async\" class=\"alignnone size-full wp-image-1519\" style=\"width: 48%; height: auto;\" src=\"https:\/\/i0.wp.com\/elevatorlightcurtains.com\/wp-content\/uploads\/2025\/01\/%E5%BE%AE%E4%BF%A1%E5%9B%BE%E7%89%87_20230714163000%20-%20scaled.jpg?w=800&#038;ssl=1\" alt=\"\" \/><\/p>\n<\/div>\n<p>&nbsp;<\/p>\n<h2 id=\"faqs-for-elevator-door-safety-detectors\">Preguntas frecuentes sobre los detectores de seguridad para puertas de ascensores:<\/h2>\n<h3 id=\"what-are-the-benefits-of-installing-an-elevator-door-safety-detector-in-residences\">\u00bfCu\u00e1les son las ventajas de instalar un detector de seguridad para puertas de ascensor en las residencias?<\/h3>\n<p>La instalaci\u00f3n de un detector de seguridad de puerta de ascensor en residencias puede reducir significativamente el riesgo de accidentes al detectar obstrucciones en la trayectoria de la puerta. Esto puede evitar lesiones y da\u00f1os materiales, proporcionando tranquilidad tanto a los residentes como a los propietarios del edificio. La inversi\u00f3n en un detector de seguridad es un peque\u00f1o precio a pagar por una mayor seguridad y protecci\u00f3n.<\/p>\n<h3 id=\"how-is-an-elevator-door-safety-detector-installed-in-residences\">\u00bfC\u00f3mo se instala un detector de seguridad de puerta de ascensor en las residencias?<\/h3>\n<p>Los detectores de seguridad de puertas de ascensores para residencias suelen ser instalados por t\u00e9cnicos profesionales con experiencia en sistemas de ascensores. Los detectores se colocan estrat\u00e9gicamente cerca de las puertas para vigilar eficazmente cualquier obstrucci\u00f3n. El proceso de instalaci\u00f3n es preciso y se adapta a la disposici\u00f3n espec\u00edfica del ascensor, lo que garantiza unas medidas de seguridad \u00f3ptimas.<\/p>\n<h3 id=\"what-is-the-cost-of-implementing-an-elevator-door-safety-detector-in-residences\">\u00bfCu\u00e1nto cuesta instalar un detector de seguridad en la puerta del ascensor de una residencia?<\/h3>\n<p>El coste de instalar un detector de seguridad de puerta de ascensor en una vivienda puede variar en funci\u00f3n de la marca, las caracter\u00edsticas y la complejidad del sistema. Por t\u00e9rmino medio, el precio puede oscilar entre unos cientos y varios miles de d\u00f3lares. Los beneficios a largo plazo de una mayor seguridad y tranquilidad suelen compensar con creces la inversi\u00f3n inicial.<\/p>\n<h3 id=\"how-does-an-elevator-door-sensor-contribute-to-enhancing-safety\">\u00bfC\u00f3mo contribuye un sensor de puerta de ascensor a mejorar la seguridad?<\/h3>\n<p>Un sensor de puerta de ascensor funciona emitiendo un haz de luz a trav\u00e9s de la abertura de la puerta. Si algo obstruye el haz, como una persona o un objeto, el sensor hace que las puertas vuelvan a abrirse o impide que se cierren. Esta tecnolog\u00eda es crucial para evitar accidentes como atrapamientos o colisiones, garantizando la seguridad de los pasajeros que utilizan el ascensor.<\/p>\n<h3 id=\"why-are-elevator-door-sensors-essential-for-all-types-of-elevators\">\u00bfPor qu\u00e9 son imprescindibles los sensores de puerta de ascensor en todos los tipos de ascensores?<\/h3>\n<p>Los sensores de puerta de ascensor son esenciales para que todos los tipos de ascensores cumplan las normas y reglamentos de seguridad. Estos sensores est\u00e1n dise\u00f1ados para detectar cualquier obstrucci\u00f3n en la trayectoria de la puerta, protegiendo a los pasajeros de posibles da\u00f1os. Con la instalaci\u00f3n de sensores de puerta, los ascensores pueden funcionar sin problemas y de forma segura, dando a los pasajeros confianza en la seguridad de su experiencia de transporte.<\/p>","protected":false},"excerpt":{"rendered":"<p>El detector de seguridad de puertas de ascensor para residencias est\u00e1 dise\u00f1ado para mejorar la seguridad durante el funcionamiento de los ascensores. Con unas especificaciones compactas, es ideal para edificios residenciales y viviendas particulares. Gracias a su avanzada tecnolog\u00eda de detecci\u00f3n, ofrece tranquilidad a los residentes y administradores de propiedades del mercado inmobiliario.<\/p>","protected":false},"featured_media":1245,"comment_status":"open","ping_status":"closed","template":"","meta":[],"product_cat":[46],"product_tag":[],"class_list":{"0":"post-1978","1":"product","2":"type-product","3":"status-publish","4":"has-post-thumbnail","6":"product_cat-lift-infrared-sensor","8":"first","9":"instock","10":"shipping-taxable","11":"product-type-simple"},"jetpack_sharing_enabled":true,"_links":{"self":[{"href":"https:\/\/elevatorlightcurtains.com\/es\/wp-json\/wp\/v2\/product\/1978","targetHints":{"allow":["GET"]}}],"collection":[{"href":"https:\/\/elevatorlightcurtains.com\/es\/wp-json\/wp\/v2\/product"}],"about":[{"href":"https:\/\/elevatorlightcurtains.com\/es\/wp-json\/wp\/v2\/types\/product"}],"replies":[{"embeddable":true,"href":"https:\/\/elevatorlightcurtains.com\/es\/wp-json\/wp\/v2\/comments?post=1978"}],"wp:featuredmedia":[{"embeddable":true,"href":"https:\/\/elevatorlightcurtains.com\/es\/wp-json\/wp\/v2\/media\/1245"}],"wp:attachment":[{"href":"https:\/\/elevatorlightcurtains.com\/es\/wp-json\/wp\/v2\/media?parent=1978"}],"wp:term":[{"taxonomy":"product_cat","embeddable":true,"href":"https:\/\/elevatorlightcurtains.com\/es\/wp-json\/wp\/v2\/product_cat?post=1978"},{"taxonomy":"product_tag","embeddable":true,"href":"https:\/\/elevatorlightcurtains.com\/es\/wp-json\/wp\/v2\/product_tag?post=1978"}],"curies":[{"name":"wp","href":"https:\/\/api.w.org\/{rel}","templated":true}]}}