{"id":1921,"date":"2025-01-02T13:17:55","date_gmt":"2025-01-02T13:17:55","guid":{"rendered":"https:\/\/elevatorlightcurtains.com\/?post_type=product&#038;p=1921"},"modified":"2025-01-02T13:49:25","modified_gmt":"2025-01-02T13:49:25","slug":"weco-917a61-dc24v-elevator-safety-light-curtain-sensors","status":"publish","type":"product","link":"https:\/\/elevatorlightcurtains.com\/es\/producto\/weco-917a61-dc24v-elevator-safety-light-curtain-sensors\/","title":{"rendered":"Weco 917A61 DC-24V Sensores de cortina de luz de seguridad para ascensores"},"content":{"rendered":"<p><strong>Presentaci\u00f3n de los sensores de cortina \u00f3ptica de seguridad para ascensores Weco 917A61 DC-24V<\/strong><\/p>\n<p>La seguridad de los ascensores es primordial para garantizar el bienestar de los pasajeros y la eficiencia de los sistemas de ascensores. Los sensores de cortina \u00f3ptica de seguridad para ascensores Weco 917A61 DC-24V desempe\u00f1an un papel crucial en la mejora de las normas de seguridad, por lo que son un componente esencial de los sistemas de ascensores modernos. Como producto fabricado en f\u00e1brica, estos sensores ofrecen un rendimiento fiable para diversas aplicaciones, garantizando que los ascensores funcionen sin riesgos.<\/p>\n<p><strong>Caracter\u00edsticas principales<\/strong><\/p>\n<p>Los sensores de cortina de luz de seguridad para ascensores Weco 917A61 DC-24V est\u00e1n equipados con tecnolog\u00eda avanzada, con un sistema de fotoc\u00e9lula de alta sensibilidad que garantiza un rendimiento \u00f3ptimo. Dise\u00f1ados para durar, estos sensores est\u00e1n fabricados con componentes de calidad que garantizan su durabilidad y fiabilidad en cualquier entorno. Su facilidad de instalaci\u00f3n los convierte en una opci\u00f3n ideal tanto para nuevas instalaciones como para la adaptaci\u00f3n en ascensores existentes. Con opciones de compra al por mayor y al por mayor, es f\u00e1cil para las empresas asegurarse un suministro adecuado directamente de un proveedor o fabricante de confianza.<\/p>\n<p><strong>Beneficios<\/strong><\/p>\n<p>Los usuarios de los sensores Weco 917A61 pueden esperar numerosas ventajas, incluida una mayor seguridad gracias a la detecci\u00f3n inmediata de obstrucciones. Esta caracter\u00edstica no s\u00f3lo protege la vida y la integridad f\u00edsica de los usuarios, sino que tambi\u00e9n reduce significativamente la responsabilidad de los operadores. Gracias a su eficaz rendimiento, estos sensores funcionan de forma fiable en diversas condiciones, ofreciendo un servicio duradero que, en \u00faltima instancia, ahorra costes relacionados con reparaciones y sustituciones. Las opciones de precios al por mayor disponibles a trav\u00e9s de nuestra red de exportadores permiten a las empresas gestionar eficazmente sus presupuestos sin comprometer la calidad.<\/p>\n<p><strong>Aplicaciones<\/strong><\/p>\n<p>Estos sensores tienen aplicaciones vers\u00e1tiles en varios entornos, incluidos edificios comerciales, complejos residenciales e instalaciones industriales. Tanto si se instalan en un ajetreado edificio de oficinas como en un activo centro de fabricaci\u00f3n, los sensores Weco 917A61 cumplen las estrictas normas de seguridad y proporcionan tranquilidad. Su funcionamiento de CC24 V los hace compatibles con los sistemas de ascensores modernos, lo que garantiza una integraci\u00f3n perfecta en las configuraciones existentes. Para obtener m\u00e1s informaci\u00f3n sobre las distintas opciones de sensores, puede consultar nuestra p\u00e1gina web <a href=\"https:\/\/elevatorlightcurtains.com\/es\/.com\/producto\/elevator-door-sensor-photocell-light-curtain-weco-917a61-ac220\/\">sensor de puerta de ascensor fotoc\u00e9lula cortina de luz<\/a> o nuestro <a href=\"https:\/\/elevatorlightcurtains.com\/es\/.com\/producto\/dc24v-elevator-safety-light-curtain-sensor\/\">Sensor de cortina de luz de seguridad para ascensores DC24V<\/a>.<\/p>\n<p><strong>Diferenciaci\u00f3n y ventajas<\/strong><\/p>\n<p>Lo que diferencia a los sensores de cortina de luz de seguridad para ascensores Weco 917A61 DC-24V de otros productos del mercado es su historial probado de fiabilidad y calidad, respaldado por un proveedor y fabricante l\u00edder en China. Con opciones para la producci\u00f3n OEM de marca propia, las empresas pueden personalizar f\u00e1cilmente estos sensores para adaptarlos a sus necesidades espec\u00edficas de marca. Elegir estos sensores frente a otras alternativas no s\u00f3lo garantiza un rendimiento superior, sino que tambi\u00e9n fomenta las asociaciones a largo plazo con un exportador de confianza. Dado que elevar los est\u00e1ndares es crucial en el competitivo mercado actual, las capacidades de compra al por mayor garantizan que sus operaciones nunca se queden cortas de equipos de seguridad esenciales.<\/p>\n<p>En conclusi\u00f3n, el Weco 917A61 DC-24V Ascensor sensores de seguridad de la cortina de luz proporcionan una combinaci\u00f3n inigualable de tecnolog\u00eda, seguridad y adaptabilidad, por lo que la mejor opci\u00f3n para las empresas que buscan proveedores y fabricantes al por mayor. Explore otras opciones, como nuestra <a href=\"https:\/\/elevatorlightcurtains.com\/es\/.com\/producto\/dc24v-light-curtain-sensor-elevator-917a61\/\">Sensor de cortina de luz DC24V para ascensores<\/a>para mejorar hoy mismo su seguridad y eficacia operativas.<\/p>\n<div style=\"justify-content: space - between; align-items: stretch;\">\n<figure id=\"attachment_1527\" class=\"wp-caption alignnone\" style=\"width: 911px;\"><img data-recalc-dims=\"1\" fetchpriority=\"high\" decoding=\"async\" class=\"alignnone wp-image-1917\" src=\"https:\/\/i0.wp.com\/elevatorlightcurtains.com\/wp-content\/uploads\/2025\/01\/weco-elevator-light-curtain.webp?resize=800%2C1037&#038;ssl=1\" alt=\"\" width=\"800\" height=\"1037\" srcset=\"https:\/\/i0.wp.com\/elevatorlightcurtains.com\/wp-content\/uploads\/2025\/01\/weco-elevator-light-curtain.webp?w=1000&amp;ssl=1 1000w, https:\/\/i0.wp.com\/elevatorlightcurtains.com\/wp-content\/uploads\/2025\/01\/weco-elevator-light-curtain.webp?resize=231%2C300&amp;ssl=1 231w, https:\/\/i0.wp.com\/elevatorlightcurtains.com\/wp-content\/uploads\/2025\/01\/weco-elevator-light-curtain.webp?resize=789%2C1024&amp;ssl=1 789w, https:\/\/i0.wp.com\/elevatorlightcurtains.com\/wp-content\/uploads\/2025\/01\/weco-elevator-light-curtain.webp?resize=768%2C997&amp;ssl=1 768w, https:\/\/i0.wp.com\/elevatorlightcurtains.com\/wp-content\/uploads\/2025\/01\/weco-elevator-light-curtain.webp?resize=9%2C12&amp;ssl=1 9w, https:\/\/i0.wp.com\/elevatorlightcurtains.com\/wp-content\/uploads\/2025\/01\/weco-elevator-light-curtain.webp?resize=600%2C779&amp;ssl=1 600w\" sizes=\"(max-width: 800px) 100vw, 800px\" \/><\/figure>\n<p><img data-recalc-dims=\"1\" decoding=\"async\" class=\"alignnone size-full wp-image-1519\" style=\"width: 48%; height: auto;\" src=\"https:\/\/i0.wp.com\/elevatorlightcurtains.com\/wp-content\/uploads\/2025\/01\/%E5%BE%AE%E4%BF%A1%E5%9B%BE%E7%89%87_20230714163000%20-%20scaled.jpg?w=800&#038;ssl=1\" alt=\"\" \/><\/p>\n<\/div>\n<p>&nbsp;<\/p>\n<h2 id=\"faqs-for-weco-917a61-dc-24v-elevator-safety-light-curtain-sensors\">FAQs for Weco 917a61 DC 24V Sensores de cortina de luz de seguridad para ascensores<\/h2>\n<h3 id=\"are-the-weco-917a61-sensors-compatible-with-different-elevator-models\">\u00bfSon compatibles los sensores Weco 917a61 con distintos modelos de ascensor?<\/h3>\n<p>S\u00ed, los sensores Weco 917a61 est\u00e1n dise\u00f1ados para ser compatibles con una amplia gama de modelos de ascensor. Son vers\u00e1tiles y pueden integrarse f\u00e1cilmente en diversos sistemas de ascensores para mejorar las medidas de seguridad.<\/p>\n<h3 id=\"what-is-the-price-range-for-the-weco-917a61-dc-24v-elevator-safety-light-curtain-sensors\">\u00bfCu\u00e1l es el precio de los sensores de cortina \u00f3ptica de seguridad para ascensores Weco 917a61 DC 24V?<\/h3>\n<p>El precio de los sensores Weco 917a61 puede variar dependiendo de la cantidad solicitada y los requisitos espec\u00edficos. Para obtener precios precisos, se recomienda ponerse en contacto directamente con Husheng Lift Parts Co, Ltd para obtener una cotizaci\u00f3n detallada.<\/p>\n<h3 id=\"how-do-the-weco-917a61-sensors-improve-elevator-safety\">\u00bfC\u00f3mo mejoran la seguridad de los ascensores los sensores Weco 917a61?<\/h3>\n<p>Los sensores Weco 917a61 proporcionan una soluci\u00f3n de seguridad fiable y eficaz para ascensores al detectar cualquier obstrucci\u00f3n en la apertura de la puerta, garantizando que las puertas no se cierren cuando haya una obstrucci\u00f3n presente. Esto ayuda a evitar accidentes y mejora la seguridad de los pasajeros.<\/p>\n<h3 id=\"can-the-weco-917a61-sensors-be-easily-installed-in-existing-elevator-systems\">\u00bfPueden instalarse f\u00e1cilmente los sensores Weco 917a61 en los sistemas de ascensores existentes?<\/h3>\n<p>S\u00ed, los sensores Weco 917a61 est\u00e1n dise\u00f1ados para una f\u00e1cil instalaci\u00f3n e integraci\u00f3n en los sistemas de ascensores existentes. Vienen con instrucciones de instalaci\u00f3n claras y pueden incorporarse sin problemas a la configuraci\u00f3n del ascensor, minimizando el tiempo de inactividad durante el proceso de instalaci\u00f3n.<\/p>\n<h3 id=\"are-the-weco-917a61-sensors-durable-and-long-lasting\">\u00bfSon duraderos los sensores Weco 917a61?<\/h3>\n<p>S\u00ed, los sensores Weco 917a61 est\u00e1n fabricados para ser resistentes y duraderos, garantizando un rendimiento fiable durante un largo per\u00edodo. Est\u00e1n fabricados con materiales de alta calidad que pueden soportar los rigores del funcionamiento diario del ascensor, proporcionando una soluci\u00f3n de seguridad fiable en los a\u00f1os venideros.<\/p>","protected":false},"excerpt":{"rendered":"<p>Weco 917A61 DC-24V Ascensor Luz de Seguridad Sensores de cortina, est\u00e1 dise\u00f1ado para mejorar la seguridad en las operaciones de ascensor. Con un dise\u00f1o compacto, es ideal para su instalaci\u00f3n en diversos sistemas de ascensores. Gracias a su avanzada tecnolog\u00eda de cortina de luz, ofrece una detecci\u00f3n y protecci\u00f3n fiables para los pasajeros en el sector de los ascensores.<\/p>","protected":false},"featured_media":1438,"comment_status":"open","ping_status":"closed","template":"","meta":[],"product_cat":[46],"product_tag":[],"class_list":{"0":"post-1921","1":"product","2":"type-product","3":"status-publish","4":"has-post-thumbnail","6":"product_cat-lift-infrared-sensor","8":"first","9":"instock","10":"shipping-taxable","11":"product-type-simple"},"jetpack_sharing_enabled":true,"_links":{"self":[{"href":"https:\/\/elevatorlightcurtains.com\/es\/wp-json\/wp\/v2\/product\/1921","targetHints":{"allow":["GET"]}}],"collection":[{"href":"https:\/\/elevatorlightcurtains.com\/es\/wp-json\/wp\/v2\/product"}],"about":[{"href":"https:\/\/elevatorlightcurtains.com\/es\/wp-json\/wp\/v2\/types\/product"}],"replies":[{"embeddable":true,"href":"https:\/\/elevatorlightcurtains.com\/es\/wp-json\/wp\/v2\/comments?post=1921"}],"wp:featuredmedia":[{"embeddable":true,"href":"https:\/\/elevatorlightcurtains.com\/es\/wp-json\/wp\/v2\/media\/1438"}],"wp:attachment":[{"href":"https:\/\/elevatorlightcurtains.com\/es\/wp-json\/wp\/v2\/media?parent=1921"}],"wp:term":[{"taxonomy":"product_cat","embeddable":true,"href":"https:\/\/elevatorlightcurtains.com\/es\/wp-json\/wp\/v2\/product_cat?post=1921"},{"taxonomy":"product_tag","embeddable":true,"href":"https:\/\/elevatorlightcurtains.com\/es\/wp-json\/wp\/v2\/product_tag?post=1921"}],"curies":[{"name":"wp","href":"https:\/\/api.w.org\/{rel}","templated":true}]}}