{"id":1474,"date":"2024-08-23T05:44:51","date_gmt":"2024-08-23T05:44:51","guid":{"rendered":"https:\/\/elevatorlightcurtains.com\/?post_type=product&#038;p=1474"},"modified":"2025-01-01T06:58:58","modified_gmt":"2025-01-01T06:58:58","slug":"optic-light-curtains-weco-987n","status":"publish","type":"product","link":"https:\/\/elevatorlightcurtains.com\/es\/producto\/optic-light-curtains-weco-987n\/","title":{"rendered":"Cortinas \u00f3pticas WECO-987N"},"content":{"rendered":"<h5>Detector de puerta peatonal para protecci\u00f3n de cabina de ascensor Recambios de ascensor Proveedores en China<\/h5>\n<p>&nbsp;<\/p>\n<p><img data-recalc-dims=\"1\" fetchpriority=\"high\" decoding=\"async\" class=\"size-full wp-image-1450\" src=\"https:\/\/i0.wp.com\/elevatorlightcurtains.com\/wp-content\/uploads\/2024\/08\/WECO-987N-scaled.jpg?resize=800%2C2357&#038;ssl=1\" alt=\"987N WECO door sensor detector lift light curtain\" width=\"800\" height=\"2357\" srcset=\"https:\/\/i0.wp.com\/elevatorlightcurtains.com\/wp-content\/uploads\/2024\/08\/WECO-987N-scaled.jpg?w=869&amp;ssl=1 869w, https:\/\/i0.wp.com\/elevatorlightcurtains.com\/wp-content\/uploads\/2024\/08\/WECO-987N-scaled.jpg?resize=102%2C300&amp;ssl=1 102w, https:\/\/i0.wp.com\/elevatorlightcurtains.com\/wp-content\/uploads\/2024\/08\/WECO-987N-scaled.jpg?resize=348%2C1024&amp;ssl=1 348w, https:\/\/i0.wp.com\/elevatorlightcurtains.com\/wp-content\/uploads\/2024\/08\/WECO-987N-scaled.jpg?resize=768%2C2261&amp;ssl=1 768w, https:\/\/i0.wp.com\/elevatorlightcurtains.com\/wp-content\/uploads\/2024\/08\/WECO-987N-scaled.jpg?resize=600%2C1767&amp;ssl=1 600w\" sizes=\"(max-width: 800px) 100vw, 800px\" \/><\/p>\n<p>Presentamos las cortinas \u00f3pticas WECO-987N, una soluci\u00f3n de seguridad de vanguardia dise\u00f1ada para mejorar la eficacia operativa y garantizar el cumplimiento de las \u00faltimas normas del sector. Dise\u00f1adas pensando en la precisi\u00f3n y la versatilidad, estas cortinas \u00f3pticas son ideales para una gran variedad de aplicaciones, ya que proporcionan una protecci\u00f3n robusta tanto en instalaciones est\u00e1ticas como din\u00e1micas.<\/p>\n<p><strong>Opciones de instalaci\u00f3n vers\u00e1tiles<\/strong><\/p>\n<p>El sensor de movimiento de cortina WECO-987N est\u00e1 equipado con una amplia gama de opciones de fijaci\u00f3n que satisfacen diversos requisitos de instalaci\u00f3n. Con dos canales en C, uno situado en el lateral y otro en la parte posterior, estas cortinas de luz ofrecen una flexibilidad sin precedentes. El canal lateral permite taladrar in situ, lo que permite realizar ajustes r\u00e1pidos y sencillos para adaptarse a limitaciones espaciales o necesidades operativas espec\u00edficas. Tanto si las est\u00e1 integrando en maquinaria existente como si est\u00e1 creando nuevos sistemas, las cortinas fotoel\u00e9ctricas de puerta WECO-987N garantizan un proceso de instalaci\u00f3n sin problemas.<\/p>\n<p><strong>Cumplimiento de la nueva norma EN81-20<\/strong><\/p>\n<p>La seguridad es primordial en cualquier entorno industrial, y el detector de puerta abierta WECO-987N cumple los estrictos requisitos de la nueva norma EN81-20. Este cumplimiento garantiza que sus operaciones se adhieren a los protocolos de seguridad m\u00e1s exigentes, proporcionando tranquilidad tanto a los operarios como a la direcci\u00f3n. Con obstrucciones m\u00ednimas detectables continuas de s\u00f3lo 50 mm, estas cortinas fotoel\u00e9ctricas est\u00e1n dise\u00f1adas para detectar incluso los peligros potenciales m\u00e1s peque\u00f1os, garantizando que su lugar de trabajo siga siendo seguro.<\/p>\n<p><strong>Se\u00f1al de salida de aver\u00eda avanzada<\/strong><\/p>\n<p>Adem\u00e1s de sus robustas caracter\u00edsticas de seguridad, el detector sensor de puerta WECO-987N est\u00e1 equipado con una Se\u00f1al de Salida de Aver\u00eda integrada en su caja de alimentaci\u00f3n. Esta avanzada funcionalidad permite la monitorizaci\u00f3n en tiempo real del rendimiento del sistema, alertando a los operadores de cualquier irregularidad o mal funcionamiento con prontitud. Al facilitar las acciones de respuesta inmediata, esta caracter\u00edstica reduce significativamente el tiempo de inactividad y mejora la fiabilidad operativa general.<\/p>\n<p><strong>Conclusi\u00f3n<\/strong><\/p>\n<p>El sensor de borde de puerta de ascensor WECO-987N representa una mezcla perfecta de innovaci\u00f3n, seguridad y adaptabilidad. Gracias a sus vers\u00e1tiles opciones de instalaci\u00f3n, su cumplimiento de las normas del sector y sus avanzadas funciones de supervisi\u00f3n, estas cortinas fotoel\u00e9ctricas son un componente esencial para cualquier instalaci\u00f3n que priorice la seguridad y la eficiencia.<\/p>\n<p>&nbsp;<\/p>","protected":false},"excerpt":{"rendered":"<h5><\/h5>\n<h5><\/h5>\n<ul>\n<li>\n<h5>Funci\u00f3n adicional de la caja de potencia: salida de se\u00f1al defectuosa<\/h5>\n<\/li>\n<li>\n<h5>174\/194 haces de diodos 36\/40<\/h5>\n<\/li>\n<li>\n<h5>Voltaje: AC220V<\/h5>\n<\/li>\n<li>\n<h5>Altura est\u00e1ndar de 2000 mm<\/h5>\n<\/li>\n<li>\n<h5>Alcance de detecci\u00f3n de 4000 mm<\/h5>\n<\/li>\n<li>\n<h5>Grado de protecci\u00f3n IP54<\/h5>\n<\/li>\n<li>\n<h5>Norma EN81-20<\/h5>\n<\/li>\n<li>\n<h5>Embalaje de tubo individual, cinco tubos en un paquete.<\/h5>\n<\/li>\n<li>\n<h5>Se pueden fabricar cables de longitud especial.<\/h5>\n<\/li>\n<li>\n<h5>Inmune a la luz solar.<\/h5>\n<\/li>\n<\/ul>","protected":false},"featured_media":1434,"comment_status":"open","ping_status":"closed","template":"","meta":[],"product_cat":[45,49],"product_tag":[],"class_list":{"0":"post-1474","1":"product","2":"type-product","3":"status-publish","4":"has-post-thumbnail","6":"product_cat-en81-20-lift-door-photocell","7":"product_cat-products","9":"first","10":"instock","11":"shipping-taxable","12":"product-type-simple"},"jetpack_sharing_enabled":true,"_links":{"self":[{"href":"https:\/\/elevatorlightcurtains.com\/es\/wp-json\/wp\/v2\/product\/1474","targetHints":{"allow":["GET"]}}],"collection":[{"href":"https:\/\/elevatorlightcurtains.com\/es\/wp-json\/wp\/v2\/product"}],"about":[{"href":"https:\/\/elevatorlightcurtains.com\/es\/wp-json\/wp\/v2\/types\/product"}],"replies":[{"embeddable":true,"href":"https:\/\/elevatorlightcurtains.com\/es\/wp-json\/wp\/v2\/comments?post=1474"}],"wp:featuredmedia":[{"embeddable":true,"href":"https:\/\/elevatorlightcurtains.com\/es\/wp-json\/wp\/v2\/media\/1434"}],"wp:attachment":[{"href":"https:\/\/elevatorlightcurtains.com\/es\/wp-json\/wp\/v2\/media?parent=1474"}],"wp:term":[{"taxonomy":"product_cat","embeddable":true,"href":"https:\/\/elevatorlightcurtains.com\/es\/wp-json\/wp\/v2\/product_cat?post=1474"},{"taxonomy":"product_tag","embeddable":true,"href":"https:\/\/elevatorlightcurtains.com\/es\/wp-json\/wp\/v2\/product_tag?post=1474"}],"curies":[{"name":"wp","href":"https:\/\/api.w.org\/{rel}","templated":true}]}}