{"id":1471,"date":"2024-08-23T05:06:36","date_gmt":"2024-08-23T05:06:36","guid":{"rendered":"https:\/\/elevatorlightcurtains.com\/?post_type=product&#038;p=1471"},"modified":"2025-01-01T06:59:24","modified_gmt":"2025-01-01T06:59:24","slug":"ip65-lift-photocells-weco-987m","status":"publish","type":"product","link":"https:\/\/elevatorlightcurtains.com\/es\/producto\/ip65-lift-photocells-weco-987m\/","title":{"rendered":"Fotoc\u00e9lulas de ascensor IP65 WECO-987M"},"content":{"rendered":"<h5>Sensores de puerta para ascensores Otis Fabricante de piezas para ascensores en China WECO-987M81-AC220<\/h5>\n<p><img data-recalc-dims=\"1\" fetchpriority=\"high\" decoding=\"async\" class=\"size-full wp-image-1449\" src=\"https:\/\/i0.wp.com\/elevatorlightcurtains.com\/wp-content\/uploads\/2024\/08\/WECO-987M-scaled.jpg?resize=800%2C2357&#038;ssl=1\" alt=\"987M IP65 waterproof otis elevator door sensors\" width=\"800\" height=\"2357\" srcset=\"https:\/\/i0.wp.com\/elevatorlightcurtains.com\/wp-content\/uploads\/2024\/08\/WECO-987M-scaled.jpg?w=869&amp;ssl=1 869w, https:\/\/i0.wp.com\/elevatorlightcurtains.com\/wp-content\/uploads\/2024\/08\/WECO-987M-scaled.jpg?resize=102%2C300&amp;ssl=1 102w, https:\/\/i0.wp.com\/elevatorlightcurtains.com\/wp-content\/uploads\/2024\/08\/WECO-987M-scaled.jpg?resize=348%2C1024&amp;ssl=1 348w, https:\/\/i0.wp.com\/elevatorlightcurtains.com\/wp-content\/uploads\/2024\/08\/WECO-987M-scaled.jpg?resize=768%2C2261&amp;ssl=1 768w, https:\/\/i0.wp.com\/elevatorlightcurtains.com\/wp-content\/uploads\/2024\/08\/WECO-987M-scaled.jpg?resize=600%2C1767&amp;ssl=1 600w\" sizes=\"(max-width: 800px) 100vw, 800px\" \/><\/p>\n<p>&nbsp;<\/p>\n<p>Presentamos las cortinas de luz para bordes de ascensores WECO-987M, una soluci\u00f3n de seguridad de \u00faltima generaci\u00f3n dise\u00f1ada para mejorar la eficiencia operativa y la seguridad de los sistemas de ascensores. Dise\u00f1ada con precisi\u00f3n y fabricada para soportar los rigores de los entornos interiores y exteriores, la WECO-987M es un componente esencial para las instalaciones de ascensores modernas.<\/p>\n<p><strong>Robusto dise\u00f1o impermeable<\/strong><\/p>\n<p>Los sensores de haz WECO-987M cuentan con un impresionante grado de estanqueidad IP65, lo que garantiza su pleno funcionamiento incluso en condiciones meteorol\u00f3gicas adversas. Esta caracter\u00edstica lo hace especialmente adecuado para instalaciones en exteriores, donde la exposici\u00f3n a la humedad y los elementos ambientales pueden comprometer la funcionalidad de productos de menor calidad. La lente de filtro abrochada externa mejora a\u00fan m\u00e1s su durabilidad, proporcionando una capa adicional de protecci\u00f3n contra la entrada de polvo y agua.<\/p>\n<p><strong>Caracter\u00edsticas de instalaci\u00f3n innovadoras<\/strong><\/p>\n<p>Dise\u00f1ados pensando en la comodidad del usuario, los sensores de apertura de puerta de ascensor WECO-987M incluyen una exclusiva aleta de fijaci\u00f3n en la parte posterior. Este innovador dise\u00f1o permite una instalaci\u00f3n segura sin comprometer la integridad del compartimento electr\u00f3nico principal. Tanto si se trata de una instalaci\u00f3n est\u00e1tica como din\u00e1mica, esta caracter\u00edstica garantiza que la cortina de luz permanezca segura en su sitio y mantenga un rendimiento \u00f3ptimo.<\/p>\n<p><strong>Cumplimiento de las normas de seguridad<\/strong><\/p>\n<p>La seguridad es primordial en el funcionamiento de los ascensores, y las cortinas industriales WECO-987M cumplen la estricta norma EN81-20. Esta conformidad garantiza que la cortina fotoel\u00e9ctrica cumple los requisitos industriales para dispositivos de seguridad en ascensores. Con un tama\u00f1o m\u00ednimo de obstrucci\u00f3n detectable continua de s\u00f3lo 50 mm, este producto es experto en la identificaci\u00f3n de peligros potenciales, mejorando as\u00ed la seguridad de los pasajeros durante el funcionamiento del ascensor.<\/p>\n<p><strong>Funcionalidad avanzada de salida de se\u00f1ales de aver\u00eda<\/strong><\/p>\n<p>El detector WECO-987M sensor de puerta autom\u00e1tica est\u00e1 equipado con una funci\u00f3n de salida de se\u00f1al de aver\u00eda integrada en su caja de alimentaci\u00f3n. Esta avanzada funci\u00f3n proporciona informaci\u00f3n en tiempo real sobre el estado operativo de la cortina fotoel\u00e9ctrica, permitiendo la detecci\u00f3n inmediata de cualquier aver\u00eda o irregularidad. Al garantizar que cualquier problema se soluciona r\u00e1pidamente, esta funcionalidad contribuye a mantener un entorno de ascensor seguro y fiable.<\/p>\n<p><strong>Conclusi\u00f3n<\/strong><\/p>\n<p>En resumen, las Cortinas de Luz de Borde de Ascensor WECO-987M representan un pin\u00e1culo de excelencia de ingenier\u00eda en tecnolog\u00eda de seguridad. Con su robusto dise\u00f1o resistente al agua, sus innovadoras caracter\u00edsticas de instalaci\u00f3n, su conformidad con los est\u00e1ndares de la industria y su avanzada funcionalidad de salida de se\u00f1al de fallo, este producto es perfectamente adecuado para instalaciones de ascensores tanto est\u00e1ticas como din\u00e1micas. Eleve sus est\u00e1ndares de seguridad con WECO-987M, donde la fiabilidad se une a la tecnolog\u00eda de vanguardia.<\/p>","protected":false},"excerpt":{"rendered":"<h5><\/h5>\n<h5><\/h5>\n<ul>\n<li>\n<h5>Serie M: El alto grado de protecci\u00f3n IP65, la lente de filtro externa abrochada y la artesan\u00eda de dispensaci\u00f3n pueden hacer que la cortina de luz se adapte mejor al duro entorno.<\/h5>\n<\/li>\n<li>\n<h5>Funci\u00f3n adicional de la caja de potencia: salida de se\u00f1al defectuosa.<\/h5>\n<\/li>\n<li>\n<h5>174\/194 haces de diodos 36\/40<\/h5>\n<\/li>\n<li>\n<h5>Voltaje: AC220V<\/h5>\n<\/li>\n<li>\n<h5>Altura est\u00e1ndar de 2000 mm<\/h5>\n<\/li>\n<li>\n<h5>Alcance de detecci\u00f3n de 4000 mm<\/h5>\n<\/li>\n<li>\n<h5>Grado de protecci\u00f3n IP65<\/h5>\n<\/li>\n<li>\n<h5>Norma EN81-20<\/h5>\n<\/li>\n<li>\n<h5>Embalaje de tubo individual, cinco tubos en un paquete.<\/h5>\n<\/li>\n<li>\n<h5>Se pueden fabricar cables de longitud especial.<\/h5>\n<\/li>\n<li>\n<h5>Inmune a la luz solar.<\/h5>\n<\/li>\n<\/ul>","protected":false},"featured_media":1430,"comment_status":"open","ping_status":"closed","template":"","meta":[],"product_cat":[45,49],"product_tag":[],"class_list":{"0":"post-1471","1":"product","2":"type-product","3":"status-publish","4":"has-post-thumbnail","6":"product_cat-en81-20-lift-door-photocell","7":"product_cat-products","9":"first","10":"instock","11":"shipping-taxable","12":"product-type-simple"},"jetpack_sharing_enabled":true,"_links":{"self":[{"href":"https:\/\/elevatorlightcurtains.com\/es\/wp-json\/wp\/v2\/product\/1471","targetHints":{"allow":["GET"]}}],"collection":[{"href":"https:\/\/elevatorlightcurtains.com\/es\/wp-json\/wp\/v2\/product"}],"about":[{"href":"https:\/\/elevatorlightcurtains.com\/es\/wp-json\/wp\/v2\/types\/product"}],"replies":[{"embeddable":true,"href":"https:\/\/elevatorlightcurtains.com\/es\/wp-json\/wp\/v2\/comments?post=1471"}],"wp:featuredmedia":[{"embeddable":true,"href":"https:\/\/elevatorlightcurtains.com\/es\/wp-json\/wp\/v2\/media\/1430"}],"wp:attachment":[{"href":"https:\/\/elevatorlightcurtains.com\/es\/wp-json\/wp\/v2\/media?parent=1471"}],"wp:term":[{"taxonomy":"product_cat","embeddable":true,"href":"https:\/\/elevatorlightcurtains.com\/es\/wp-json\/wp\/v2\/product_cat?post=1471"},{"taxonomy":"product_tag","embeddable":true,"href":"https:\/\/elevatorlightcurtains.com\/es\/wp-json\/wp\/v2\/product_tag?post=1471"}],"curies":[{"name":"wp","href":"https:\/\/api.w.org\/{rel}","templated":true}]}}