{"id":1469,"date":"2024-08-23T03:16:02","date_gmt":"2024-08-23T03:16:02","guid":{"rendered":"https:\/\/elevatorlightcurtains.com\/?post_type=product&#038;p=1469"},"modified":"2025-01-01T06:59:51","modified_gmt":"2025-01-01T06:59:51","slug":"lift-safety-light-curtain-weco-987l","status":"publish","type":"product","link":"https:\/\/elevatorlightcurtains.com\/es\/producto\/lift-safety-light-curtain-weco-987l\/","title":{"rendered":"Cortina \u00f3ptica de seguridad WECO-987L"},"content":{"rendered":"<h5>WECO cortina fabricante puerta del ascensor detecci\u00f3n fotoel\u00e9ctrica WECO-987L81-AC220<\/h5>\n<p><img data-recalc-dims=\"1\" fetchpriority=\"high\" decoding=\"async\" class=\"size-full wp-image-1448\" src=\"https:\/\/i0.wp.com\/elevatorlightcurtains.com\/wp-content\/uploads\/2024\/08\/WECO-987L-scaled.jpg?resize=800%2C2341&#038;ssl=1\" alt=\"987L WECO elevator door sensor detector\" width=\"800\" height=\"2341\" srcset=\"https:\/\/i0.wp.com\/elevatorlightcurtains.com\/wp-content\/uploads\/2024\/08\/WECO-987L-scaled.jpg?w=875&amp;ssl=1 875w, https:\/\/i0.wp.com\/elevatorlightcurtains.com\/wp-content\/uploads\/2024\/08\/WECO-987L-scaled.jpg?resize=103%2C300&amp;ssl=1 103w, https:\/\/i0.wp.com\/elevatorlightcurtains.com\/wp-content\/uploads\/2024\/08\/WECO-987L-scaled.jpg?resize=350%2C1024&amp;ssl=1 350w, https:\/\/i0.wp.com\/elevatorlightcurtains.com\/wp-content\/uploads\/2024\/08\/WECO-987L-scaled.jpg?resize=768%2C2246&amp;ssl=1 768w, https:\/\/i0.wp.com\/elevatorlightcurtains.com\/wp-content\/uploads\/2024\/08\/WECO-987L-scaled.jpg?resize=525%2C1536&amp;ssl=1 525w, https:\/\/i0.wp.com\/elevatorlightcurtains.com\/wp-content\/uploads\/2024\/08\/WECO-987L-scaled.jpg?resize=700%2C2048&amp;ssl=1 700w, https:\/\/i0.wp.com\/elevatorlightcurtains.com\/wp-content\/uploads\/2024\/08\/WECO-987L-scaled.jpg?resize=600%2C1755&amp;ssl=1 600w\" sizes=\"(max-width: 800px) 100vw, 800px\" \/><\/p>\n<p>&nbsp;<\/p>\n<p>Presentamos la cortina \u00f3ptica de seguridad para ascensores WECO-987L, una soluci\u00f3n de vanguardia dise\u00f1ada para mejorar la seguridad y la eficiencia de los sistemas de ascensores. Como parte de la estimada gama de modelos de detectores de puerta de WECO, la WECO-987L destaca por ser la opci\u00f3n m\u00e1s econ\u00f3mica, lo que la convierte en la opci\u00f3n ideal para instalaciones est\u00e1ticas y din\u00e1micas.<\/p>\n<p>Fabricado con precisi\u00f3n y dise\u00f1ado para ser fiable, el sensor fotoel\u00e9ctrico WECO-987L cuenta con un robusto perfil en L que no s\u00f3lo cumple, sino que supera los est\u00e1ndares del sector. Este modelo est\u00e1 dise\u00f1ado espec\u00edficamente para cumplir con la nueva norma europea EN81-20, lo que garantiza que sus sistemas de ascensores est\u00e1n equipados con las \u00faltimas medidas de seguridad y directrices operativas.<\/p>\n<p>Una de las caracter\u00edsticas m\u00e1s destacadas del WECO-987L es su innovador dise\u00f1o, que incluye puntos de fijaci\u00f3n est\u00e1ndar complementados con un canal en \"C\" adicional situado en la parte posterior del perfil. Este ingenioso a\u00f1adido ofrece posibilidades de fijaci\u00f3n adicionales, lo que permite opciones de instalaci\u00f3n vers\u00e1tiles que pueden adaptarse a diversos requisitos arquitect\u00f3nicos. Tanto si est\u00e1 reequipando un sistema existente como instalando uno nuevo, el WECO-987L ofrece la flexibilidad y facilidad de uso que exigen los profesionales.<\/p>\n<p>Adem\u00e1s de su dise\u00f1o superior y el cumplimiento de las normas de seguridad, el sensor de carga WECO-987L est\u00e1 equipado con una funci\u00f3n de salida de se\u00f1al de fallo integrada en su caja de alimentaci\u00f3n. Esta funci\u00f3n garantiza que cualquier problema potencial se comunique de inmediato, lo que permite realizar acciones de mantenimiento r\u00e1pidas y minimizar el tiempo de inactividad. La salida de se\u00f1al de fallo mejora la fiabilidad operativa, proporcionando tranquilidad tanto a los operadores como a los usuarios.<\/p>\n<p>La cortina de ascensor WECO-987L no es s\u00f3lo un producto; es un compromiso con la seguridad, la eficiencia y la innovaci\u00f3n en la tecnolog\u00eda de ascensores. Con su dise\u00f1o econ\u00f3mico, opciones de instalaci\u00f3n vers\u00e1tiles y capacidades avanzadas de detecci\u00f3n de fallos, esta fotoc\u00e9lula es un componente esencial para los sistemas de ascensores modernos que buscan mantener los m\u00e1s altos est\u00e1ndares de rendimiento y seguridad.<\/p>\n<p>Mejore sus sistemas de ascensores con los sensores fotoel\u00e9ctricos WECO-987L, donde la calidad se une a la asequibilidad en la tecnolog\u00eda de detecci\u00f3n de puertas.<\/p>","protected":false},"excerpt":{"rendered":"<h5><\/h5>\n<h5><\/h5>\n<ul>\n<li>\n<h5>Funci\u00f3n adicional de la caja de potencia: salida de se\u00f1al defectuosa<\/h5>\n<\/li>\n<li>\n<h5>174\/194 haces de diodos 36\/40<\/h5>\n<\/li>\n<li>\n<h5>Voltaje: AC220V<\/h5>\n<\/li>\n<li>\n<h5>Altura est\u00e1ndar de 2000 mm<\/h5>\n<\/li>\n<li>\n<h5>Alcance de detecci\u00f3n de 4000 mm<\/h5>\n<\/li>\n<li>\n<h5>Grado de protecci\u00f3n IP54<\/h5>\n<\/li>\n<li>\n<h5>Norma EN81-20<\/h5>\n<\/li>\n<li>\n<h5>Embalaje de tubo individual, cinco tubos en un paquete.<\/h5>\n<\/li>\n<li>\n<h5>Se pueden fabricar cables de longitud especial.<\/h5>\n<\/li>\n<li>\n<h5>Inmune a la luz solar.<\/h5>\n<\/li>\n<\/ul>","protected":false},"featured_media":1429,"comment_status":"open","ping_status":"closed","template":"","meta":[],"product_cat":[45,49],"product_tag":[],"class_list":{"0":"post-1469","1":"product","2":"type-product","3":"status-publish","4":"has-post-thumbnail","6":"product_cat-en81-20-lift-door-photocell","7":"product_cat-products","9":"first","10":"instock","11":"shipping-taxable","12":"product-type-simple"},"jetpack_sharing_enabled":true,"_links":{"self":[{"href":"https:\/\/elevatorlightcurtains.com\/es\/wp-json\/wp\/v2\/product\/1469","targetHints":{"allow":["GET"]}}],"collection":[{"href":"https:\/\/elevatorlightcurtains.com\/es\/wp-json\/wp\/v2\/product"}],"about":[{"href":"https:\/\/elevatorlightcurtains.com\/es\/wp-json\/wp\/v2\/types\/product"}],"replies":[{"embeddable":true,"href":"https:\/\/elevatorlightcurtains.com\/es\/wp-json\/wp\/v2\/comments?post=1469"}],"wp:featuredmedia":[{"embeddable":true,"href":"https:\/\/elevatorlightcurtains.com\/es\/wp-json\/wp\/v2\/media\/1429"}],"wp:attachment":[{"href":"https:\/\/elevatorlightcurtains.com\/es\/wp-json\/wp\/v2\/media?parent=1469"}],"wp:term":[{"taxonomy":"product_cat","embeddable":true,"href":"https:\/\/elevatorlightcurtains.com\/es\/wp-json\/wp\/v2\/product_cat?post=1469"},{"taxonomy":"product_tag","embeddable":true,"href":"https:\/\/elevatorlightcurtains.com\/es\/wp-json\/wp\/v2\/product_tag?post=1469"}],"curies":[{"name":"wp","href":"https:\/\/api.w.org\/{rel}","templated":true}]}}