{"id":1463,"date":"2024-08-16T08:20:15","date_gmt":"2024-08-16T08:20:15","guid":{"rendered":"https:\/\/elevatorlightcurtains.com\/?post_type=product&#038;p=1463"},"modified":"2025-01-01T07:00:15","modified_gmt":"2025-01-01T07:00:15","slug":"full-height-sensor-weco-987c","status":"publish","type":"product","link":"https:\/\/elevatorlightcurtains.com\/es\/producto\/full-height-sensor-weco-987c\/","title":{"rendered":"Sensor de altura WECO-987C"},"content":{"rendered":"<h5>EN81-20 Sensor de altura total Protecciones para puertas de ascensores 194 haces WECO-987C81-AC220<\/h5>\n<p><img data-recalc-dims=\"1\" fetchpriority=\"high\" decoding=\"async\" class=\"size-full wp-image-1444\" src=\"https:\/\/i0.wp.com\/elevatorlightcurtains.com\/wp-content\/uploads\/2024\/08\/WECO-987C-scaled.jpg?resize=800%2C2335&#038;ssl=1\" alt=\"987C elevator door sensor circuit working\" width=\"800\" height=\"2335\" srcset=\"https:\/\/i0.wp.com\/elevatorlightcurtains.com\/wp-content\/uploads\/2024\/08\/WECO-987C-scaled.jpg?w=877&amp;ssl=1 877w, https:\/\/i0.wp.com\/elevatorlightcurtains.com\/wp-content\/uploads\/2024\/08\/WECO-987C-scaled.jpg?resize=103%2C300&amp;ssl=1 103w, https:\/\/i0.wp.com\/elevatorlightcurtains.com\/wp-content\/uploads\/2024\/08\/WECO-987C-scaled.jpg?resize=351%2C1024&amp;ssl=1 351w, https:\/\/i0.wp.com\/elevatorlightcurtains.com\/wp-content\/uploads\/2024\/08\/WECO-987C-scaled.jpg?resize=768%2C2242&amp;ssl=1 768w, https:\/\/i0.wp.com\/elevatorlightcurtains.com\/wp-content\/uploads\/2024\/08\/WECO-987C-scaled.jpg?resize=526%2C1536&amp;ssl=1 526w, https:\/\/i0.wp.com\/elevatorlightcurtains.com\/wp-content\/uploads\/2024\/08\/WECO-987C-scaled.jpg?resize=702%2C2048&amp;ssl=1 702w\" sizes=\"(max-width: 800px) 100vw, 800px\" \/><\/p>\n<p>&nbsp;<\/p>\n<p>Presentamos el sensor de altura WECO-987C, una soluci\u00f3n de vanguardia dise\u00f1ada para ofrecer precisi\u00f3n y fiabilidad en entornos de alta exigencia. Este avanzado sensor est\u00e1 meticulosamente alojado en un perfil robusto, dise\u00f1ado espec\u00edficamente para soportar los rigores de las vibraciones y las aplicaciones de trabajo pesado. Ideal para su uso en elevadores de gran tonelaje y alta velocidad, el WECO-987C garantiza un rendimiento y una seguridad \u00f3ptimos en diversos entornos industriales.<\/p>\n<p>La fotoc\u00e9lula de altura completa para ascensores WECO-987C est\u00e1 dise\u00f1ada para su instalaci\u00f3n est\u00e1tica, lo que la convierte en una opci\u00f3n excelente para entornos en los que la estabilidad y la durabilidad son primordiales. Su dise\u00f1o se adhiere a la estricta norma EN81-20, garantizando el cumplimiento de la normativa europea de seguridad para ascensores y escaleras mec\u00e1nicas. Este compromiso con la calidad no s\u00f3lo mejora la eficacia operativa, sino que tambi\u00e9n garantiza la tranquilidad tanto de los operadores como de los usuarios.<\/p>\n<p>Una de las caracter\u00edsticas m\u00e1s destacadas del detector de puerta abierta WECO-987C es su capacidad de se\u00f1al de salida de aver\u00eda. Esta innovadora funci\u00f3n proporciona informaci\u00f3n inmediata en caso de que se produzca una anomal\u00eda en el sistema, lo que permite una r\u00e1pida soluci\u00f3n de problemas y mantenimiento. Al integrar este sensor en su sistema de ascensor, puede reducir significativamente el tiempo de inactividad y mejorar la fiabilidad operativa general.<\/p>\n<p>El sensor de altura WECO-987C es m\u00e1s que un simple componente; es una parte vital de la infraestructura de seguridad de su sistema de ascensores. Con su construcci\u00f3n robusta, compatibilidad de alta velocidad y se\u00f1alizaci\u00f3n avanzada de aver\u00edas, este sensor representa una inversi\u00f3n tanto en rendimiento como en seguridad. Elija el WECO-987C para su pr\u00f3ximo proyecto y experimente una fiabilidad sin igual en las operaciones del ascensor.<\/p>","protected":false},"excerpt":{"rendered":"<h5><\/h5>\n<ul>\n<li>\n<h5>Funci\u00f3n adicional de la caja de potencia: salida de se\u00f1al defectuosa<\/h5>\n<\/li>\n<li>\n<h5>174\/194\/234 haces de 36\/40\/48 diodos<\/h5>\n<\/li>\n<li>\n<h5>Voltaje: AC220V<\/h5>\n<\/li>\n<li>\n<h5>Altura est\u00e1ndar de 2000 mm<\/h5>\n<\/li>\n<li>\n<h5>Alcance de detecci\u00f3n de 4000 mm<\/h5>\n<\/li>\n<li>\n<h5>Grado de protecci\u00f3n IP54<\/h5>\n<\/li>\n<li>\n<h5>Norma EN81-20<\/h5>\n<\/li>\n<li>\n<h5>Embalaje de tubo individual, cinco tubos en un paquete.<\/h5>\n<\/li>\n<li>\n<h5>Se pueden fabricar cables de longitud especial.<\/h5>\n<\/li>\n<li>\n<h5>Inmune a la luz solar.<\/h5>\n<\/li>\n<\/ul>","protected":false},"featured_media":1423,"comment_status":"open","ping_status":"closed","template":"","meta":[],"product_cat":[45,49],"product_tag":[],"class_list":{"0":"post-1463","1":"product","2":"type-product","3":"status-publish","4":"has-post-thumbnail","6":"product_cat-en81-20-lift-door-photocell","7":"product_cat-products","9":"first","10":"instock","11":"shipping-taxable","12":"product-type-simple"},"jetpack_sharing_enabled":true,"_links":{"self":[{"href":"https:\/\/elevatorlightcurtains.com\/es\/wp-json\/wp\/v2\/product\/1463","targetHints":{"allow":["GET"]}}],"collection":[{"href":"https:\/\/elevatorlightcurtains.com\/es\/wp-json\/wp\/v2\/product"}],"about":[{"href":"https:\/\/elevatorlightcurtains.com\/es\/wp-json\/wp\/v2\/types\/product"}],"replies":[{"embeddable":true,"href":"https:\/\/elevatorlightcurtains.com\/es\/wp-json\/wp\/v2\/comments?post=1463"}],"wp:featuredmedia":[{"embeddable":true,"href":"https:\/\/elevatorlightcurtains.com\/es\/wp-json\/wp\/v2\/media\/1423"}],"wp:attachment":[{"href":"https:\/\/elevatorlightcurtains.com\/es\/wp-json\/wp\/v2\/media?parent=1463"}],"wp:term":[{"taxonomy":"product_cat","embeddable":true,"href":"https:\/\/elevatorlightcurtains.com\/es\/wp-json\/wp\/v2\/product_cat?post=1463"},{"taxonomy":"product_tag","embeddable":true,"href":"https:\/\/elevatorlightcurtains.com\/es\/wp-json\/wp\/v2\/product_tag?post=1463"}],"curies":[{"name":"wp","href":"https:\/\/api.w.org\/{rel}","templated":true}]}}