{"id":1416,"date":"2024-07-29T08:45:28","date_gmt":"2024-07-29T08:45:28","guid":{"rendered":"https:\/\/elevatorlightcurtains.com\/?post_type=product&#038;p=1416"},"modified":"2025-01-01T07:01:34","modified_gmt":"2025-01-01T07:01:34","slug":"elevator-door-curtain-weco-957y","status":"publish","type":"product","link":"https:\/\/elevatorlightcurtains.com\/es\/producto\/elevator-door-curtain-weco-957y\/","title":{"rendered":"cortina de puerta de ascensor WECO-957Y"},"content":{"rendered":"<h5>Sensor de haz de cortina de puerta de ascensor Yungtai Componentes de ascensor WECO-957Y71-AC220<\/h5>\n<h5><\/h5>\n<p><img data-recalc-dims=\"1\" fetchpriority=\"high\" decoding=\"async\" class=\"wp-image-1377 size-full\" src=\"https:\/\/i0.wp.com\/elevatorlightcurtains.com\/wp-content\/uploads\/2024\/04\/WECO-957Y-scaled.jpg?resize=800%2C2241&#038;ssl=1\" alt=\"957Y Yungtai elevator door curtain beam sensor\" width=\"800\" height=\"2241\" srcset=\"https:\/\/i0.wp.com\/elevatorlightcurtains.com\/wp-content\/uploads\/2024\/04\/WECO-957Y-scaled.jpg?w=914&amp;ssl=1 914w, https:\/\/i0.wp.com\/elevatorlightcurtains.com\/wp-content\/uploads\/2024\/04\/WECO-957Y-scaled.jpg?resize=107%2C300&amp;ssl=1 107w, https:\/\/i0.wp.com\/elevatorlightcurtains.com\/wp-content\/uploads\/2024\/04\/WECO-957Y-scaled.jpg?resize=366%2C1024&amp;ssl=1 366w, https:\/\/i0.wp.com\/elevatorlightcurtains.com\/wp-content\/uploads\/2024\/04\/WECO-957Y-scaled.jpg?resize=768%2C2150&amp;ssl=1 768w, https:\/\/i0.wp.com\/elevatorlightcurtains.com\/wp-content\/uploads\/2024\/04\/WECO-957Y-scaled.jpg?resize=731%2C2048&amp;ssl=1 731w, https:\/\/i0.wp.com\/elevatorlightcurtains.com\/wp-content\/uploads\/2024\/04\/WECO-957Y-scaled.jpg?resize=600%2C1680&amp;ssl=1 600w\" sizes=\"(max-width: 800px) 100vw, 800px\" \/><\/p>\n<p>&nbsp;<\/p>\n<p>Presentamos la cortina para puertas de ascensor WECO-957Y, una soluci\u00f3n de primera calidad meticulosamente dise\u00f1ada para los ascensores Yungtai. Esta cortina especializada est\u00e1 dise\u00f1ada para mejorar tanto la funcionalidad como el atractivo est\u00e9tico de sus sistemas de ascensores, lo que garantiza una experiencia perfecta para los usuarios, manteniendo los m\u00e1s altos est\u00e1ndares de seguridad y durabilidad.<\/p>\n<p>Fabricado con materiales de alta calidad, el WECO-957Y est\u00e1 dise\u00f1ado para soportar los rigores del uso diario en entornos comerciales y residenciales. Su robusta construcci\u00f3n garantiza la longevidad, por lo que es una opci\u00f3n ideal para entornos en los que la fiabilidad es primordial. La cortina presenta un dise\u00f1o \u00fanico que permite un funcionamiento suave, minimizando el desgaste tanto de la cortina como del mecanismo de la puerta del ascensor.<\/p>\n<p>La cortina de puerta de ascensor WECO-957Y se ha dise\u00f1ado espec\u00edficamente para adaptarse a los modelos de ascensor Yungtai, garantizando una adaptaci\u00f3n perfecta que mejora la eficiencia operativa. Sus dimensiones precisas y su compatibilidad con los sistemas Yungtai hacen que la instalaci\u00f3n sea sencilla y sin complicaciones, lo que permite realizar actualizaciones o sustituciones r\u00e1pidas sin necesidad de grandes modificaciones.<\/p>\n<p>La seguridad es una prioridad m\u00e1xima con la WECO-957Y. La cortina est\u00e1 dise\u00f1ada para evitar atrapamientos accidentales y garantizar un funcionamiento suave de la puerta, cumpliendo las normas de seguridad del sector. Su construcci\u00f3n ligera pero robusta permite una r\u00e1pida retracci\u00f3n y despliegue, proporcionando tranquilidad tanto a los operadores como a los pasajeros.<\/p>\n<p>Tanto si est\u00e1 actualizando un sistema de ascensor existente como si est\u00e1 instalando unidades nuevas, la cortina de puerta de ascensor WECO-957Y ofrece una combinaci\u00f3n inigualable de estilo, seguridad y rendimiento. Conf\u00ede en esta soluci\u00f3n especializada para ascensores Yungtai para elevar la funcionalidad de su edificio a la vez que mejora la experiencia del usuario.<\/p>\n<p>Elija hoy mismo la cortina para puertas de ascensores WECO-957Y, donde la innovaci\u00f3n se une a la fiabilidad en cada trayecto.<\/p>","protected":false},"excerpt":{"rendered":"<p>&nbsp;<\/p>\n<ul>\n<li>\n<h5>154\/174\/194\/234 haces de 32\/36\/40\/48 diodos<\/h5>\n<\/li>\n<li>\n<h5>Voltaje: AC220V, AC110V, DC24V<\/h5>\n<\/li>\n<li>\n<h5>Altura est\u00e1ndar de 2000 mm<\/h5>\n<\/li>\n<li>\n<h5>Alcance de detecci\u00f3n de 4000 mm<\/h5>\n<\/li>\n<li>\n<h5>Grado de protecci\u00f3n IP54<\/h5>\n<\/li>\n<li>\n<h5>EN81-70, EN81-20 (los modelos con no menos de 36 juegos de diodos cumplen la norma EN81-20\uff09.<\/h5>\n<\/li>\n<li>\n<h5>Embalaje de tubo individual, cinco tubos en un paquete.<\/h5>\n<\/li>\n<li>\n<h5>Se pueden fabricar a medida alturas y longitudes de cable especiales.<\/h5>\n<\/li>\n<li>\n<h5>Inmune a la luz solar.<\/h5>\n<\/li>\n<\/ul>","protected":false},"featured_media":1354,"comment_status":"open","ping_status":"closed","template":"","meta":[],"product_cat":[45,49],"product_tag":[],"class_list":{"0":"post-1416","1":"product","2":"type-product","3":"status-publish","4":"has-post-thumbnail","6":"product_cat-en81-20-lift-door-photocell","7":"product_cat-products","9":"first","10":"instock","11":"shipping-taxable","12":"product-type-simple"},"jetpack_sharing_enabled":true,"_links":{"self":[{"href":"https:\/\/elevatorlightcurtains.com\/es\/wp-json\/wp\/v2\/product\/1416","targetHints":{"allow":["GET"]}}],"collection":[{"href":"https:\/\/elevatorlightcurtains.com\/es\/wp-json\/wp\/v2\/product"}],"about":[{"href":"https:\/\/elevatorlightcurtains.com\/es\/wp-json\/wp\/v2\/types\/product"}],"replies":[{"embeddable":true,"href":"https:\/\/elevatorlightcurtains.com\/es\/wp-json\/wp\/v2\/comments?post=1416"}],"wp:featuredmedia":[{"embeddable":true,"href":"https:\/\/elevatorlightcurtains.com\/es\/wp-json\/wp\/v2\/media\/1354"}],"wp:attachment":[{"href":"https:\/\/elevatorlightcurtains.com\/es\/wp-json\/wp\/v2\/media?parent=1416"}],"wp:term":[{"taxonomy":"product_cat","embeddable":true,"href":"https:\/\/elevatorlightcurtains.com\/es\/wp-json\/wp\/v2\/product_cat?post=1416"},{"taxonomy":"product_tag","embeddable":true,"href":"https:\/\/elevatorlightcurtains.com\/es\/wp-json\/wp\/v2\/product_tag?post=1416"}],"curies":[{"name":"wp","href":"https:\/\/api.w.org\/{rel}","templated":true}]}}