{"id":1408,"date":"2024-07-29T06:58:04","date_gmt":"2024-07-29T06:58:04","guid":{"rendered":"https:\/\/elevatorlightcurtains.com\/?post_type=product&#038;p=1408"},"modified":"2025-01-01T07:03:44","modified_gmt":"2025-01-01T07:03:44","slug":"door-light-curtains-weco-957q","status":"publish","type":"product","link":"https:\/\/elevatorlightcurtains.com\/es\/producto\/door-light-curtains-weco-957q\/","title":{"rendered":"cortinas de luz para puertas WECO-957Q"},"content":{"rendered":"<h5>Cortinas de luz para puertas Piezas para montacargas Sensores y cables WECO-957Q71-DC24V<\/h5>\n<p><img data-recalc-dims=\"1\" fetchpriority=\"high\" decoding=\"async\" class=\"wp-image-1371 size-full\" src=\"https:\/\/i0.wp.com\/elevatorlightcurtains.com\/wp-content\/uploads\/2024\/04\/WECO-957Q-scaled.jpg?resize=800%2C2241&#038;ssl=1\" alt=\"957Q door light curtains freight elevator parts\" width=\"800\" height=\"2241\" srcset=\"https:\/\/i0.wp.com\/elevatorlightcurtains.com\/wp-content\/uploads\/2024\/04\/WECO-957Q-scaled.jpg?w=914&amp;ssl=1 914w, https:\/\/i0.wp.com\/elevatorlightcurtains.com\/wp-content\/uploads\/2024\/04\/WECO-957Q-scaled.jpg?resize=107%2C300&amp;ssl=1 107w, https:\/\/i0.wp.com\/elevatorlightcurtains.com\/wp-content\/uploads\/2024\/04\/WECO-957Q-scaled.jpg?resize=366%2C1024&amp;ssl=1 366w, https:\/\/i0.wp.com\/elevatorlightcurtains.com\/wp-content\/uploads\/2024\/04\/WECO-957Q-scaled.jpg?resize=768%2C2150&amp;ssl=1 768w, https:\/\/i0.wp.com\/elevatorlightcurtains.com\/wp-content\/uploads\/2024\/04\/WECO-957Q-scaled.jpg?resize=731%2C2048&amp;ssl=1 731w, https:\/\/i0.wp.com\/elevatorlightcurtains.com\/wp-content\/uploads\/2024\/04\/WECO-957Q-scaled.jpg?resize=600%2C1680&amp;ssl=1 600w\" sizes=\"(max-width: 800px) 100vw, 800px\" \/><\/p>\n<p>Presentamos las cortinas \u00f3pticas de puerta WECO-957Q, una soluci\u00f3n pionera en tecnolog\u00eda de seguridad y automatizaci\u00f3n que ha superado la prueba del tiempo desde su creaci\u00f3n. Siendo el primer modelo desarrollado por WECO, la WECO-957Q se ha establecido como una opci\u00f3n de confianza para las empresas que buscan soluciones de detecci\u00f3n de puertas fiables y eficientes.<\/p>\n<p>Dise\u00f1ado con una capacidad de sensor de puerta de altura completa, el WECO-957Q est\u00e1 dise\u00f1ado para proporcionar una cobertura completa y una mayor seguridad para diversas aplicaciones. Su perfil delgado no s\u00f3lo contribuye a una instalaci\u00f3n est\u00e9ticamente agradable, sino que tambi\u00e9n garantiza que pueda encajar perfectamente en una amplia gama de entornos sin comprometer la funcionalidad. Esta combinaci\u00f3n \u00fanica de precio ventajoso y dise\u00f1o compacto ha convertido a WECO-957Q en una elecci\u00f3n popular entre clientes de m\u00faltiples sectores.<\/p>\n<p>La versatilidad del WECO-957Q queda patente en su amplia adopci\u00f3n tanto en ascensores de pasajeros como de carga. Empresas l\u00edderes en ascensores como Giantkone y Hangzhou XO han elegido sistem\u00e1ticamente este modelo para sus proyectos, subrayando su fiabilidad y rendimiento en entornos de alta demanda. La capacidad de detectar movimientos de forma eficaz manteniendo un perfil bajo hace que el WECO-957Q sea una soluci\u00f3n ideal para mejorar los protocolos de seguridad en entornos muy concurridos.<\/p>\n<p>Con su robusta construcci\u00f3n y su avanzada tecnolog\u00eda de detecci\u00f3n, el WECO-957Q garantiza que las puertas funcionen sin problemas, minimizando el riesgo de accidentes o lesiones. Este modelo no es solo un producto; representa el compromiso con la calidad y la innovaci\u00f3n que ha definido a WECO desde su fundaci\u00f3n.<\/p>\n<p>En resumen, las cortinas de luz para puertas WECO-957Q son m\u00e1s que simples sensores; son un componente esencial para cualquier operaci\u00f3n que requiera seguridad, eficiencia y fiabilidad. Elija la WECO-957Q para su pr\u00f3ximo proyecto y experimente de primera mano por qu\u00e9 sigue siendo la opci\u00f3n preferida entre los l\u00edderes del sector.<\/p>\n<p>&nbsp;<\/p>\n<p>&nbsp;<\/p>","protected":false},"excerpt":{"rendered":"<p>&nbsp;<\/p>\n<ul>\n<li>\n<h5>154\/174\/194\/234 haces de 32\/36\/40\/48 diodos<\/h5>\n<\/li>\n<li>\n<h5>Voltaje: AC220V, AC110V, DC24V<\/h5>\n<\/li>\n<li>\n<h5>Altura est\u00e1ndar de 2000 mm<\/h5>\n<\/li>\n<li>\n<h5>Alcance de detecci\u00f3n de 4000 mm<\/h5>\n<\/li>\n<li>\n<h5>Grado de protecci\u00f3n IP54<\/h5>\n<\/li>\n<li>\n<h5>EN81-70, EN81-20(los modelos con no menos de 36 juegos de diodos cumplen la norma EN81-20\uff09<\/h5>\n<\/li>\n<li>\n<h5>Embalaje de tubo individual, cinco tubos en un paquete.<\/h5>\n<\/li>\n<li>\n<h5>Se pueden fabricar a medida alturas y longitudes de cable especiales.<\/h5>\n<\/li>\n<li>\n<h5>Inmune a la luz solar.<\/h5>\n<\/li>\n<\/ul>","protected":false},"featured_media":1350,"comment_status":"open","ping_status":"closed","template":"","meta":[],"product_cat":[36,49],"product_tag":[],"class_list":{"0":"post-1408","1":"product","2":"type-product","3":"status-publish","4":"has-post-thumbnail","6":"product_cat-universal-elevator-beam-sensor","7":"product_cat-products","9":"first","10":"instock","11":"shipping-taxable","12":"product-type-simple"},"jetpack_sharing_enabled":true,"_links":{"self":[{"href":"https:\/\/elevatorlightcurtains.com\/es\/wp-json\/wp\/v2\/product\/1408","targetHints":{"allow":["GET"]}}],"collection":[{"href":"https:\/\/elevatorlightcurtains.com\/es\/wp-json\/wp\/v2\/product"}],"about":[{"href":"https:\/\/elevatorlightcurtains.com\/es\/wp-json\/wp\/v2\/types\/product"}],"replies":[{"embeddable":true,"href":"https:\/\/elevatorlightcurtains.com\/es\/wp-json\/wp\/v2\/comments?post=1408"}],"wp:featuredmedia":[{"embeddable":true,"href":"https:\/\/elevatorlightcurtains.com\/es\/wp-json\/wp\/v2\/media\/1350"}],"wp:attachment":[{"href":"https:\/\/elevatorlightcurtains.com\/es\/wp-json\/wp\/v2\/media?parent=1408"}],"wp:term":[{"taxonomy":"product_cat","embeddable":true,"href":"https:\/\/elevatorlightcurtains.com\/es\/wp-json\/wp\/v2\/product_cat?post=1408"},{"taxonomy":"product_tag","embeddable":true,"href":"https:\/\/elevatorlightcurtains.com\/es\/wp-json\/wp\/v2\/product_tag?post=1408"}],"curies":[{"name":"wp","href":"https:\/\/api.w.org\/{rel}","templated":true}]}}