{"id":1405,"date":"2024-07-29T06:05:12","date_gmt":"2024-07-29T06:05:12","guid":{"rendered":"https:\/\/elevatorlightcurtains.com\/?post_type=product&#038;p=1405"},"modified":"2025-01-01T07:03:56","modified_gmt":"2025-01-01T07:03:56","slug":"door-entry-detector-weco-957p","status":"publish","type":"product","link":"https:\/\/elevatorlightcurtains.com\/es\/producto\/door-entry-detector-weco-957p\/","title":{"rendered":"detector de portero WECO-957P"},"content":{"rendered":"<h5>Detector de Entrada de Puerta Protecci\u00f3n de Cabina de Ascensor Caracter\u00edsticas de Seguridad WECO-957P71-AC110V<\/h5>\n<p><img data-recalc-dims=\"1\" fetchpriority=\"high\" decoding=\"async\" class=\"wp-image-1370 size-full\" src=\"https:\/\/i0.wp.com\/elevatorlightcurtains.com\/wp-content\/uploads\/2024\/04\/WECO-957P-scaled.jpg?resize=800%2C2241&#038;ssl=1\" alt=\"WECO-957P door entry detector elevator cab protection\" width=\"800\" height=\"2241\" srcset=\"https:\/\/i0.wp.com\/elevatorlightcurtains.com\/wp-content\/uploads\/2024\/04\/WECO-957P-scaled.jpg?w=914&amp;ssl=1 914w, https:\/\/i0.wp.com\/elevatorlightcurtains.com\/wp-content\/uploads\/2024\/04\/WECO-957P-scaled.jpg?resize=107%2C300&amp;ssl=1 107w, https:\/\/i0.wp.com\/elevatorlightcurtains.com\/wp-content\/uploads\/2024\/04\/WECO-957P-scaled.jpg?resize=366%2C1024&amp;ssl=1 366w, https:\/\/i0.wp.com\/elevatorlightcurtains.com\/wp-content\/uploads\/2024\/04\/WECO-957P-scaled.jpg?resize=768%2C2150&amp;ssl=1 768w, https:\/\/i0.wp.com\/elevatorlightcurtains.com\/wp-content\/uploads\/2024\/04\/WECO-957P-scaled.jpg?resize=731%2C2048&amp;ssl=1 731w, https:\/\/i0.wp.com\/elevatorlightcurtains.com\/wp-content\/uploads\/2024\/04\/WECO-957P-scaled.jpg?resize=600%2C1680&amp;ssl=1 600w\" sizes=\"(max-width: 800px) 100vw, 800px\" \/><\/p>\n<p>Presentamos el Detector de Entrada WECO-957P, el pin\u00e1culo de la tecnolog\u00eda de detecci\u00f3n avanzada de WECO, un nombre de confianza en soluciones de seguridad. El WECO-957P destaca como el modelo de vanguardia de WECO, dise\u00f1ado para satisfacer las diversas necesidades de las aplicaciones residenciales y comerciales. Con sus caracter\u00edsticas innovadoras y su construcci\u00f3n robusta, este detector de entrada est\u00e1 dise\u00f1ado para proporcionar un rendimiento fiable en una variedad de entornos.<\/p>\n<p>El WECO-957P viene equipado con soportes de fijaci\u00f3n en forma de \"L\" incluidos en el tubo, que garantizan una instalaci\u00f3n sencilla y un posicionamiento \u00f3ptimo para lograr la m\u00e1xima eficacia. Tanto si necesita una configuraci\u00f3n est\u00e1tica como una instalaci\u00f3n din\u00e1mica que se adapte a entornos cambiantes, el WECO-957P es lo suficientemente vers\u00e1til como para adaptarse a sus requisitos espec\u00edficos. Su dise\u00f1o f\u00e1cil de usar permite un despliegue r\u00e1pido, lo que lo convierte en una opci\u00f3n ideal para diferentes tipos de ascensores.<\/p>\n<p>En Norteam\u00e9rica, el WECO-957P ha ganado una gran popularidad debido a su excepcional fiabilidad y rendimiento. Este detector de entrada no s\u00f3lo est\u00e1 dise\u00f1ado para su uso en interiores, sino que tambi\u00e9n destaca en aplicaciones exteriores. Para aquellos que buscan una mayor protecci\u00f3n contra los factores ambientales, el WECO-957P est\u00e1 disponible tanto en la versi\u00f3n est\u00e1ndar IP54 como en la versi\u00f3n mejorada IP67. La variante IP67 cuenta con transmisores y receptores meticulosamente sellados con resina epoxi, lo que proporciona una resistencia superior a la humedad y el polvo. Esto lo hace adecuado para instalaciones en exteriores, as\u00ed como para determinadas aplicaciones a prueba de explosiones en las que la seguridad es primordial.<\/p>\n<p>El Detector de Entrada WECO-957P est\u00e1 dise\u00f1ado con tecnolog\u00eda de vanguardia que garantiza una capacidad de detecci\u00f3n precisa. Sus avanzados sensores son capaces de discernir el movimiento con notable precisi\u00f3n, minimizando las falsas alarmas y maximizando la seguridad. Ya sea para supervisar puntos de entrada en instalaciones comerciales o para mejorar los sistemas de seguridad dom\u00e9sticos, el WECO-957P ofrece tranquilidad gracias a su funcionamiento fiable.<\/p>\n<p>En resumen, el detector de entrada de puertas WECO-957P representa un avance significativo en la tecnolog\u00eda de detecci\u00f3n. Gracias a su robusta construcci\u00f3n, sus vers\u00e1tiles opciones de instalaci\u00f3n y su excepcional rendimiento en diversos entornos, incluidos los exteriores, el WECO-957P es una herramienta indispensable para cualquiera que desee mejorar sus medidas de seguridad. Conf\u00ede en el compromiso de WECO con la calidad y la innovaci\u00f3n; elija hoy mismo el WECO-957P para sus necesidades de detecci\u00f3n de accesos.<\/p>\n<p>&nbsp;<\/p>\n<p>&nbsp;<\/p>","protected":false},"excerpt":{"rendered":"<p>&nbsp;<\/p>\n<ul>\n<li>\n<h5>154\/194\/234 haces de 32\/40\/48 diodos<\/h5>\n<\/li>\n<li>\n<h5>Voltaje: AC220V, AC110V, DC24V<\/h5>\n<\/li>\n<li>\n<h5>Altura est\u00e1ndar de 2000 mm<\/h5>\n<\/li>\n<li>\n<h5>Alcance de detecci\u00f3n de 4000 mm<\/h5>\n<\/li>\n<li>\n<h5>Clasificaci\u00f3n IP54\/67<\/h5>\n<\/li>\n<li>\n<h5>EN81-70, EN81-20(los modelos con no menos de 36 juegos de diodos cumplen la norma EN81-20\uff09<\/h5>\n<\/li>\n<li>\n<h5>Embalaje de tubo individual, cinco tubos en un paquete.<\/h5>\n<\/li>\n<li>\n<h5>Se pueden fabricar a medida alturas y longitudes de cable especiales.<\/h5>\n<\/li>\n<li>\n<h5>Inmune a la luz solar.<\/h5>\n<\/li>\n<\/ul>","protected":false},"featured_media":1349,"comment_status":"open","ping_status":"closed","template":"","meta":[],"product_cat":[36,49],"product_tag":[],"class_list":{"0":"post-1405","1":"product","2":"type-product","3":"status-publish","4":"has-post-thumbnail","6":"product_cat-universal-elevator-beam-sensor","7":"product_cat-products","9":"first","10":"instock","11":"shipping-taxable","12":"product-type-simple"},"jetpack_sharing_enabled":true,"_links":{"self":[{"href":"https:\/\/elevatorlightcurtains.com\/es\/wp-json\/wp\/v2\/product\/1405","targetHints":{"allow":["GET"]}}],"collection":[{"href":"https:\/\/elevatorlightcurtains.com\/es\/wp-json\/wp\/v2\/product"}],"about":[{"href":"https:\/\/elevatorlightcurtains.com\/es\/wp-json\/wp\/v2\/types\/product"}],"replies":[{"embeddable":true,"href":"https:\/\/elevatorlightcurtains.com\/es\/wp-json\/wp\/v2\/comments?post=1405"}],"wp:featuredmedia":[{"embeddable":true,"href":"https:\/\/elevatorlightcurtains.com\/es\/wp-json\/wp\/v2\/media\/1349"}],"wp:attachment":[{"href":"https:\/\/elevatorlightcurtains.com\/es\/wp-json\/wp\/v2\/media?parent=1405"}],"wp:term":[{"taxonomy":"product_cat","embeddable":true,"href":"https:\/\/elevatorlightcurtains.com\/es\/wp-json\/wp\/v2\/product_cat?post=1405"},{"taxonomy":"product_tag","embeddable":true,"href":"https:\/\/elevatorlightcurtains.com\/es\/wp-json\/wp\/v2\/product_tag?post=1405"}],"curies":[{"name":"wp","href":"https:\/\/api.w.org\/{rel}","templated":true}]}}