{"id":1402,"date":"2024-07-26T08:29:39","date_gmt":"2024-07-26T08:29:39","guid":{"rendered":"https:\/\/elevatorlightcurtains.com\/?post_type=product&#038;p=1402"},"modified":"2025-01-01T07:04:55","modified_gmt":"2025-01-01T07:04:55","slug":"en81-20-elevator-sensor-weco-957n","status":"publish","type":"product","link":"https:\/\/elevatorlightcurtains.com\/es\/producto\/en81-20-elevator-sensor-weco-957n\/","title":{"rendered":"Sensor de ascensor EN81-20 WECO-957N"},"content":{"rendered":"<h5>EN81-20 Sensor de cortina de ascensor Piezas de puerta Salida de rel\u00e9 WECO-957N51-DC24A<\/h5>\n<p><img data-recalc-dims=\"1\" fetchpriority=\"high\" decoding=\"async\" class=\"wp-image-1369 size-full\" src=\"https:\/\/i0.wp.com\/elevatorlightcurtains.com\/wp-content\/uploads\/2024\/04\/WECO-957N-scaled.jpg?resize=800%2C2241&#038;ssl=1\" alt=\"WECO-957N Full Height Door Sensor\" width=\"800\" height=\"2241\" srcset=\"https:\/\/i0.wp.com\/elevatorlightcurtains.com\/wp-content\/uploads\/2024\/04\/WECO-957N-scaled.jpg?w=914&amp;ssl=1 914w, https:\/\/i0.wp.com\/elevatorlightcurtains.com\/wp-content\/uploads\/2024\/04\/WECO-957N-scaled.jpg?resize=107%2C300&amp;ssl=1 107w, https:\/\/i0.wp.com\/elevatorlightcurtains.com\/wp-content\/uploads\/2024\/04\/WECO-957N-scaled.jpg?resize=366%2C1024&amp;ssl=1 366w, https:\/\/i0.wp.com\/elevatorlightcurtains.com\/wp-content\/uploads\/2024\/04\/WECO-957N-scaled.jpg?resize=768%2C2150&amp;ssl=1 768w, https:\/\/i0.wp.com\/elevatorlightcurtains.com\/wp-content\/uploads\/2024\/04\/WECO-957N-scaled.jpg?resize=731%2C2048&amp;ssl=1 731w, https:\/\/i0.wp.com\/elevatorlightcurtains.com\/wp-content\/uploads\/2024\/04\/WECO-957N-scaled.jpg?resize=600%2C1680&amp;ssl=1 600w\" sizes=\"(max-width: 800px) 100vw, 800px\" \/><\/p>\n<p>Presentamos el WECO-957N, un vanguardista sensor de puerta de altura total dise\u00f1ado para satisfacer las diversas necesidades de los entornos de instalaci\u00f3n modernos. Dise\u00f1ado con precisi\u00f3n y versatilidad en mente, el WECO-957N destaca en el mercado por su dise\u00f1o innovador y funcionalidad excepcional.<\/p>\n<p>Una de las caracter\u00edsticas clave de WECO-957N es su amplia gama de opciones de fijaci\u00f3n, que incluye dos canales en C estrat\u00e9gicamente situados, uno en el lateral y otro en la parte posterior. Esta configuraci\u00f3n de doble canal no s\u00f3lo aumenta la flexibilidad de la instalaci\u00f3n, sino que tambi\u00e9n permite taladrar in situ a trav\u00e9s del canal lateral, lo que facilita a los t\u00e9cnicos lograr una alineaci\u00f3n precisa y un montaje seguro en diversos entornos. Tanto si trabaja en una instalaci\u00f3n est\u00e1tica como en una aplicaci\u00f3n din\u00e1mica, el WECO-957N est\u00e1 dise\u00f1ado para funcionar de forma fiable en ambas condiciones.<\/p>\n<p>El perfil delgado del WECO-957N es otra ventaja significativa que lo diferencia de otros sensores de puerta de su clase. Su elegante dise\u00f1o garantiza que pueda integrarse perfectamente en cualquier entorno arquitect\u00f3nico sin comprometer la est\u00e9tica ni la funcionalidad. Esto lo convierte en la opci\u00f3n ideal para instalaciones en las que el espacio es escaso o en las que el atractivo visual es primordial.<\/p>\n<p>Adem\u00e1s, el WECO-957N se ha ganado una gran popularidad entre los clientes gracias a su precio competitivo sin sacrificar la calidad ni el rendimiento. Esta rentabilidad lo convierte en una opci\u00f3n atractiva para diversas aplicaciones, especialmente en ascensores de pasajeros y montacargas, donde una tecnolog\u00eda de detecci\u00f3n de puertas fiable es esencial para la seguridad y la eficiencia.<\/p>\n<p>En resumen, el sensor de puerta de altura completa WECO-957N combina un dise\u00f1o innovador con una funcionalidad pr\u00e1ctica, ofreciendo una soluci\u00f3n vers\u00e1til tanto para instalaciones est\u00e1ticas como din\u00e1micas. Con sus opciones de fijaci\u00f3n de doble canal en C, su grosor reducido y su asequibilidad, se ha convertido en la opci\u00f3n preferida de los profesionales que buscan soluciones fiables de sensores de puerta en aplicaciones de ascensores de pasajeros y de carga. Elija el WECO-957N para su pr\u00f3ximo proyecto y experimente un rendimiento y valor incomparables.<\/p>","protected":false},"excerpt":{"rendered":"<p>&nbsp;<\/p>\n<ul>\n<li>\n<h5>174 haces de 36 diodos<\/h5>\n<\/li>\n<li>\n<h5>Voltaje: DC24V<\/h5>\n<\/li>\n<li>\n<h5>Altura est\u00e1ndar de 2000 mm<\/h5>\n<\/li>\n<li>\n<h5>Alcance de detecci\u00f3n de 4000 mm<\/h5>\n<\/li>\n<li>\n<h5>Grado de protecci\u00f3n IP54<\/h5>\n<\/li>\n<li>\n<h5>EN81-20<\/h5>\n<\/li>\n<li>\n<h5>Embalaje de tubo individual, cinco tubos en un paquete.<\/h5>\n<\/li>\n<li>\n<h5>Inmune a la luz solar.<\/h5>\n<\/li>\n<\/ul>","protected":false},"featured_media":1348,"comment_status":"open","ping_status":"closed","template":"","meta":[],"product_cat":[45,49],"product_tag":[],"class_list":{"0":"post-1402","1":"product","2":"type-product","3":"status-publish","4":"has-post-thumbnail","6":"product_cat-en81-20-lift-door-photocell","7":"product_cat-products","9":"first","10":"instock","11":"shipping-taxable","12":"product-type-simple"},"jetpack_sharing_enabled":true,"_links":{"self":[{"href":"https:\/\/elevatorlightcurtains.com\/es\/wp-json\/wp\/v2\/product\/1402","targetHints":{"allow":["GET"]}}],"collection":[{"href":"https:\/\/elevatorlightcurtains.com\/es\/wp-json\/wp\/v2\/product"}],"about":[{"href":"https:\/\/elevatorlightcurtains.com\/es\/wp-json\/wp\/v2\/types\/product"}],"replies":[{"embeddable":true,"href":"https:\/\/elevatorlightcurtains.com\/es\/wp-json\/wp\/v2\/comments?post=1402"}],"wp:featuredmedia":[{"embeddable":true,"href":"https:\/\/elevatorlightcurtains.com\/es\/wp-json\/wp\/v2\/media\/1348"}],"wp:attachment":[{"href":"https:\/\/elevatorlightcurtains.com\/es\/wp-json\/wp\/v2\/media?parent=1402"}],"wp:term":[{"taxonomy":"product_cat","embeddable":true,"href":"https:\/\/elevatorlightcurtains.com\/es\/wp-json\/wp\/v2\/product_cat?post=1402"},{"taxonomy":"product_tag","embeddable":true,"href":"https:\/\/elevatorlightcurtains.com\/es\/wp-json\/wp\/v2\/product_tag?post=1402"}],"curies":[{"name":"wp","href":"https:\/\/api.w.org\/{rel}","templated":true}]}}