{"id":1399,"date":"2024-07-26T07:32:46","date_gmt":"2024-07-26T07:32:46","guid":{"rendered":"https:\/\/elevatorlightcurtains.com\/?post_type=product&#038;p=1399"},"modified":"2025-01-01T07:05:08","modified_gmt":"2025-01-01T07:05:08","slug":"color-led-lift-sensor-weco-957mr","status":"publish","type":"product","link":"https:\/\/elevatorlightcurtains.com\/es\/producto\/color-led-lift-sensor-weco-957mr\/","title":{"rendered":"Sensor de elevaci\u00f3n LED en color WECO-957MR"},"content":{"rendered":"<h5>Sensor \u00f3ptico LED de color WECO Se\u00f1al LED Curtin WECO-957MR 220VAC<\/h5>\n<p><img data-recalc-dims=\"1\" fetchpriority=\"high\" decoding=\"async\" class=\"wp-image-1368 size-full\" src=\"https:\/\/i0.wp.com\/elevatorlightcurtains.com\/wp-content\/uploads\/2024\/04\/WECO-957MR-scaled.jpg?resize=800%2C2241&#038;ssl=1\" alt=\"optical Color LED sensor WECO signal led curtin WECO-957MR\" width=\"800\" height=\"2241\" srcset=\"https:\/\/i0.wp.com\/elevatorlightcurtains.com\/wp-content\/uploads\/2024\/04\/WECO-957MR-scaled.jpg?w=914&amp;ssl=1 914w, https:\/\/i0.wp.com\/elevatorlightcurtains.com\/wp-content\/uploads\/2024\/04\/WECO-957MR-scaled.jpg?resize=107%2C300&amp;ssl=1 107w, https:\/\/i0.wp.com\/elevatorlightcurtains.com\/wp-content\/uploads\/2024\/04\/WECO-957MR-scaled.jpg?resize=366%2C1024&amp;ssl=1 366w, https:\/\/i0.wp.com\/elevatorlightcurtains.com\/wp-content\/uploads\/2024\/04\/WECO-957MR-scaled.jpg?resize=768%2C2150&amp;ssl=1 768w\" sizes=\"(max-width: 800px) 100vw, 800px\" \/><\/p>\n<p>&nbsp;<\/p>\n<p>Presentamos el sensor de destello LED en color WECO-957MR, una soluci\u00f3n avanzada dise\u00f1ada para mejorar la seguridad y la visibilidad en entornos de mucho tr\u00e1fico. Este sensor de puerta de \u00faltima generaci\u00f3n, tambi\u00e9n conocido como cortina de luz de se\u00f1alizaci\u00f3n, integra tecnolog\u00eda de vanguardia con funciones f\u00e1ciles de usar para proporcionar una protecci\u00f3n y claridad visual inigualables.<\/p>\n<p>El modelo WECO-957MR est\u00e1 dise\u00f1ado con un sistema LED de escaneo din\u00e1mico meticulosamente controlado por una sofisticada CPU. Este innovador dise\u00f1o permite la supervisi\u00f3n en tiempo real del \u00e1rea de protecci\u00f3n del detector de puerta, garantizando que los usuarios est\u00e9n siempre al tanto de su entorno. La pantalla LED bicolor sirve como indicador visual intuitivo, utilizando luces rojas y azules para transmitir informaci\u00f3n cr\u00edtica sobre el estado del \u00e1rea de detecci\u00f3n. Esta funcionalidad bicolor no s\u00f3lo mejora la seguridad, sino que tambi\u00e9n a\u00f1ade una est\u00e9tica moderna a cualquier entorno.<\/p>\n<p>Una de las caracter\u00edsticas m\u00e1s destacadas del WECO-957MR es su capacidad para sustituir las tradicionales cortinas de luz MENCO illuminate. Esta compatibilidad garantiza que la actualizaci\u00f3n a WECO-957MR sea eficiente y rentable, lo que permite mejorar el rendimiento sin necesidad de realizar grandes modificaciones.<\/p>\n<p>Las luces rojas y azules del sensor est\u00e1n estrat\u00e9gicamente dise\u00f1adas para proporcionar una iluminaci\u00f3n hipodispersada, creando un efecto de luz cruzada que mejora significativamente la visibilidad. Esta caracter\u00edstica es especialmente beneficiosa en entornos con mucho tr\u00e1fico, donde una comunicaci\u00f3n clara del estado de la puerta es esencial para la seguridad de los peatones.<\/p>\n<p>Adem\u00e1s, las luces intermitentes se pueden personalizar para reforzar su impacto visual, lo que las hace ideales para escenarios de indicaci\u00f3n de tr\u00e1fico de alto nivel. Tanto si se instala en edificios comerciales, ascensores u otros espacios p\u00fablicos, el WECO-957MR garantiza que las personas reciban una alerta r\u00e1pida y eficaz.<\/p>\n<p>En resumen, el WECO-957MR Color LED Flash Sensor no es s\u00f3lo un sensor de puerta; es una soluci\u00f3n de seguridad integral que combina tecnolog\u00eda avanzada con un dise\u00f1o centrado en el usuario. Con sus efectos visuales mejorados y caracter\u00edsticas humanizadas, este producto se destaca como una herramienta esencial para cualquier \u00e1rea de alto tr\u00e1fico que requiera capacidades confiables de detecci\u00f3n y se\u00f1alizaci\u00f3n de puertas. Actualice hoy mismo sus medidas de seguridad con el WECO-957MR y disfrute de una tranquilidad sin precedentes.<\/p>","protected":false},"excerpt":{"rendered":"<ul>\n<li>\n<h5>La cortina de luz MR tiene funciones de visualizaci\u00f3n en 3D y LED.<\/h5>\n<\/li>\n<li>\n<h5>154 haces\/32 diodos<\/h5>\n<\/li>\n<li>\n<h5>Voltaje: AC220V, DC24V<\/h5>\n<\/li>\n<li>\n<h5>Altura est\u00e1ndar de 2000 mm<\/h5>\n<\/li>\n<li>\n<h5>Alcance de detecci\u00f3n de 4000 mm<\/h5>\n<\/li>\n<li>\n<h5>Grado de protecci\u00f3n IP54<\/h5>\n<\/li>\n<li>\n<h5>EN81-70<\/h5>\n<\/li>\n<li>\n<h5>Embalaje de tubo individual, cinco tubos en un paquete.<\/h5>\n<\/li>\n<li>\n<h5>Se pueden fabricar a medida alturas y longitudes de cable especiales.<\/h5>\n<\/li>\n<li>\n<h5>Inmune a la luz solar.<\/h5>\n<\/li>\n<\/ul>","protected":false},"featured_media":1347,"comment_status":"open","ping_status":"closed","template":"","meta":[],"product_cat":[36,49],"product_tag":[],"class_list":{"0":"post-1399","1":"product","2":"type-product","3":"status-publish","4":"has-post-thumbnail","6":"product_cat-universal-elevator-beam-sensor","7":"product_cat-products","9":"first","10":"instock","11":"shipping-taxable","12":"product-type-simple"},"jetpack_sharing_enabled":true,"_links":{"self":[{"href":"https:\/\/elevatorlightcurtains.com\/es\/wp-json\/wp\/v2\/product\/1399","targetHints":{"allow":["GET"]}}],"collection":[{"href":"https:\/\/elevatorlightcurtains.com\/es\/wp-json\/wp\/v2\/product"}],"about":[{"href":"https:\/\/elevatorlightcurtains.com\/es\/wp-json\/wp\/v2\/types\/product"}],"replies":[{"embeddable":true,"href":"https:\/\/elevatorlightcurtains.com\/es\/wp-json\/wp\/v2\/comments?post=1399"}],"wp:featuredmedia":[{"embeddable":true,"href":"https:\/\/elevatorlightcurtains.com\/es\/wp-json\/wp\/v2\/media\/1347"}],"wp:attachment":[{"href":"https:\/\/elevatorlightcurtains.com\/es\/wp-json\/wp\/v2\/media?parent=1399"}],"wp:term":[{"taxonomy":"product_cat","embeddable":true,"href":"https:\/\/elevatorlightcurtains.com\/es\/wp-json\/wp\/v2\/product_cat?post=1399"},{"taxonomy":"product_tag","embeddable":true,"href":"https:\/\/elevatorlightcurtains.com\/es\/wp-json\/wp\/v2\/product_tag?post=1399"}],"curies":[{"name":"wp","href":"https:\/\/api.w.org\/{rel}","templated":true}]}}