{"id":1396,"date":"2024-07-26T06:39:57","date_gmt":"2024-07-26T06:39:57","guid":{"rendered":"https:\/\/elevatorlightcurtains.com\/?post_type=product&#038;p=1396"},"modified":"2025-01-01T07:05:26","modified_gmt":"2025-01-01T07:05:26","slug":"3d-protection-photocell-weco-957md-3d","status":"publish","type":"product","link":"https:\/\/elevatorlightcurtains.com\/es\/producto\/3d-protection-photocell-weco-957md-3d\/","title":{"rendered":"Fotoc\u00e9lula de protecci\u00f3n 3D WECO-957MD-3D"},"content":{"rendered":"<h5>Fotoc\u00e9lula especial de protecci\u00f3n 3D 154 vigas para ascensores de pasajeros o de carga WECO-957MD-3D<\/h5>\n<p><img data-recalc-dims=\"1\" fetchpriority=\"high\" decoding=\"async\" class=\"wp-image-1367 size-full\" src=\"https:\/\/i0.wp.com\/elevatorlightcurtains.com\/wp-content\/uploads\/2024\/04\/WECO-957MD-3D-scaled.jpg?resize=800%2C2229&#038;ssl=1\" alt=\"957MD-3D Special 3d elevator door sensor\" width=\"800\" height=\"2229\" srcset=\"https:\/\/i0.wp.com\/elevatorlightcurtains.com\/wp-content\/uploads\/2024\/04\/WECO-957MD-3D-scaled.jpg?w=919&amp;ssl=1 919w, https:\/\/i0.wp.com\/elevatorlightcurtains.com\/wp-content\/uploads\/2024\/04\/WECO-957MD-3D-scaled.jpg?resize=108%2C300&amp;ssl=1 108w, https:\/\/i0.wp.com\/elevatorlightcurtains.com\/wp-content\/uploads\/2024\/04\/WECO-957MD-3D-scaled.jpg?resize=368%2C1024&amp;ssl=1 368w, https:\/\/i0.wp.com\/elevatorlightcurtains.com\/wp-content\/uploads\/2024\/04\/WECO-957MD-3D-scaled.jpg?resize=768%2C2139&amp;ssl=1 768w, https:\/\/i0.wp.com\/elevatorlightcurtains.com\/wp-content\/uploads\/2024\/04\/WECO-957MD-3D-scaled.jpg?resize=735%2C2048&amp;ssl=1 735w, https:\/\/i0.wp.com\/elevatorlightcurtains.com\/wp-content\/uploads\/2024\/04\/WECO-957MD-3D-scaled.jpg?resize=600%2C1671&amp;ssl=1 600w\" sizes=\"(max-width: 800px) 100vw, 800px\" \/><\/p>\n<p>Presentamos el WECO-957MD-3D, el pin\u00e1culo de la tecnolog\u00eda avanzada de fotoc\u00e9lulas dise\u00f1ado para aplicaciones de gama alta en las que la precisi\u00f3n y la fiabilidad son primordiales. Este sensor de protecci\u00f3n 3D de \u00faltima generaci\u00f3n representa una mejora significativa con respecto a su predecesor, el sensor 3D est\u00e1ndar, y ofrece capacidades mejoradas que se adaptan a los entornos m\u00e1s exigentes.<\/p>\n<p>El WECO-957MD-3D est\u00e1 dise\u00f1ado para detectar el movimiento dentro de un \u00e1rea estereosc\u00f3pica, proporcionando una precisi\u00f3n sin precedentes en la identificaci\u00f3n de posibles intrusiones u obstrucciones. Su sofisticada tecnolog\u00eda de detecci\u00f3n 3D garantiza que pueda diferenciar entre amenazas genuinas y movimientos benignos, reduciendo significativamente las falsas alarmas y mejorando la seguridad general. Esto la convierte en la opci\u00f3n ideal para ocasiones de alto nivel, como espacios comerciales de lujo, eventos exclusivos e instalaciones delicadas en las que la seguridad es de suma importancia.<\/p>\n<p>La instalaci\u00f3n del WECO-957MD-3D es notablemente sencilla, reflejando la facilidad de configuraci\u00f3n asociada a los productos de fotoc\u00e9lulas comunes. Este dise\u00f1o de f\u00e1cil manejo permite una integraci\u00f3n perfecta en los sistemas existentes sin necesidad de grandes modificaciones ni formaci\u00f3n especializada. Tanto si est\u00e1 actualizando su infraestructura de seguridad actual como si est\u00e1 implementando un nuevo sistema desde cero, la WECO-957MD-3D garantiza un proceso de instalaci\u00f3n sin complicaciones.<\/p>\n<p>Adem\u00e1s de sus avanzadas capacidades de detecci\u00f3n y su f\u00e1cil instalaci\u00f3n, el WECO-957MD-3D cuenta con una construcci\u00f3n robusta que est\u00e1 hecha para soportar diversas condiciones ambientales. Su dise\u00f1o duradero garantiza longevidad y fiabilidad, por lo que es una inversi\u00f3n inteligente para aquellos que priorizan la calidad y el rendimiento en sus soluciones de seguridad.<\/p>\n<p>Eleve sus medidas de seguridad con la Fotoc\u00e9lula de Protecci\u00f3n 3D WECO-957MD-3D, donde la tecnolog\u00eda de vanguardia se une a una facilidad de uso sin esfuerzo. Disfrute de la tranquilidad de saber que sus ocasiones especiales est\u00e1n protegidas por uno de los sensores de fotoc\u00e9lula m\u00e1s avanzados del mercado actual.<\/p>","protected":false},"excerpt":{"rendered":"<p>&nbsp;<\/p>\n<p>&nbsp;<\/p>\n<ul>\n<li>\n<h5>Serie MD: producto integral con protecci\u00f3n 2D + protecci\u00f3n 3D, puede detectar el objeto en un \u00e1rea peque\u00f1a fuera de la puerta, y abrir la puerta con antelaci\u00f3n cuando el objeto se acerca, maximizar la seguridad.<\/h5>\n<\/li>\n<li>\n<h5>154 haces de 32 diodos<\/h5>\n<\/li>\n<li>\n<h5>Voltaje: AC220V<\/h5>\n<\/li>\n<li>\n<h5>Altura est\u00e1ndar de 2000 mm<\/h5>\n<\/li>\n<li>\n<h5>Alcance de detecci\u00f3n de 4000 mm<\/h5>\n<\/li>\n<li>\n<h5>Grado de protecci\u00f3n IP54<\/h5>\n<\/li>\n<li>\n<h5>EN81-70<\/h5>\n<\/li>\n<li>\n<h5>Embalaje de tubo individual, cinco tubos en un paquete.<\/h5>\n<\/li>\n<li>\n<h5>Inmune a la luz solar.<\/h5>\n<\/li>\n<\/ul>","protected":false},"featured_media":1346,"comment_status":"open","ping_status":"closed","template":"","meta":[],"product_cat":[36,49],"product_tag":[],"class_list":{"0":"post-1396","1":"product","2":"type-product","3":"status-publish","4":"has-post-thumbnail","6":"product_cat-universal-elevator-beam-sensor","7":"product_cat-products","9":"first","10":"instock","11":"shipping-taxable","12":"product-type-simple"},"jetpack_sharing_enabled":true,"_links":{"self":[{"href":"https:\/\/elevatorlightcurtains.com\/es\/wp-json\/wp\/v2\/product\/1396","targetHints":{"allow":["GET"]}}],"collection":[{"href":"https:\/\/elevatorlightcurtains.com\/es\/wp-json\/wp\/v2\/product"}],"about":[{"href":"https:\/\/elevatorlightcurtains.com\/es\/wp-json\/wp\/v2\/types\/product"}],"replies":[{"embeddable":true,"href":"https:\/\/elevatorlightcurtains.com\/es\/wp-json\/wp\/v2\/comments?post=1396"}],"wp:featuredmedia":[{"embeddable":true,"href":"https:\/\/elevatorlightcurtains.com\/es\/wp-json\/wp\/v2\/media\/1346"}],"wp:attachment":[{"href":"https:\/\/elevatorlightcurtains.com\/es\/wp-json\/wp\/v2\/media?parent=1396"}],"wp:term":[{"taxonomy":"product_cat","embeddable":true,"href":"https:\/\/elevatorlightcurtains.com\/es\/wp-json\/wp\/v2\/product_cat?post=1396"},{"taxonomy":"product_tag","embeddable":true,"href":"https:\/\/elevatorlightcurtains.com\/es\/wp-json\/wp\/v2\/product_tag?post=1396"}],"curies":[{"name":"wp","href":"https:\/\/api.w.org\/{rel}","templated":true}]}}