{"id":1394,"date":"2024-07-22T07:41:10","date_gmt":"2024-07-22T07:41:10","guid":{"rendered":"https:\/\/elevatorlightcurtains.com\/?post_type=product&#038;p=1394"},"modified":"2025-01-01T07:05:49","modified_gmt":"2025-01-01T07:05:49","slug":"waterproof-door-sensor-weco-957m","status":"publish","type":"product","link":"https:\/\/elevatorlightcurtains.com\/es\/producto\/waterproof-door-sensor-weco-957m\/","title":{"rendered":"sensor de puerta estanco WECO-957M"},"content":{"rendered":"<p>sensor de puerta impermeable IP65 detecci\u00f3n fotoel\u00e9ctrica 957M71-AC220<\/p>\n<p><img data-recalc-dims=\"1\" fetchpriority=\"high\" decoding=\"async\" class=\"alignnone wp-image-1366 size-full\" src=\"https:\/\/i0.wp.com\/elevatorlightcurtains.com\/wp-content\/uploads\/2024\/04\/WECO-957M-scaled.jpg?resize=800%2C2229&#038;ssl=1\" alt=\"\" width=\"800\" height=\"2229\" srcset=\"https:\/\/i0.wp.com\/elevatorlightcurtains.com\/wp-content\/uploads\/2024\/04\/WECO-957M-scaled.jpg?w=919&amp;ssl=1 919w, https:\/\/i0.wp.com\/elevatorlightcurtains.com\/wp-content\/uploads\/2024\/04\/WECO-957M-scaled.jpg?resize=108%2C300&amp;ssl=1 108w, https:\/\/i0.wp.com\/elevatorlightcurtains.com\/wp-content\/uploads\/2024\/04\/WECO-957M-scaled.jpg?resize=368%2C1024&amp;ssl=1 368w, https:\/\/i0.wp.com\/elevatorlightcurtains.com\/wp-content\/uploads\/2024\/04\/WECO-957M-scaled.jpg?resize=768%2C2139&amp;ssl=1 768w, https:\/\/i0.wp.com\/elevatorlightcurtains.com\/wp-content\/uploads\/2024\/04\/WECO-957M-scaled.jpg?resize=735%2C2048&amp;ssl=1 735w, https:\/\/i0.wp.com\/elevatorlightcurtains.com\/wp-content\/uploads\/2024\/04\/WECO-957M-scaled.jpg?resize=600%2C1671&amp;ssl=1 600w\" sizes=\"(max-width: 800px) 100vw, 800px\" \/><\/p>\n<p>&nbsp;<\/p>\n<p>Presentamos la WECO-957M, una cortina de luz de \u00faltima generaci\u00f3n dise\u00f1ada para satisfacer las rigurosas exigencias de diversos entornos industriales. Con un impresionante grado de protecci\u00f3n IP65, la WECO-957M garantiza que sus operaciones se mantengan ininterrumpidas, incluso en condiciones dif\u00edciles. Esta robusta clasificaci\u00f3n significa que la cortina de luz es estanca al polvo y est\u00e1 protegida contra chorros de agua procedentes de cualquier direcci\u00f3n, lo que la convierte en la opci\u00f3n ideal para aplicaciones en las que la exposici\u00f3n a la humedad y a las part\u00edculas es un problema.<\/p>\n<p>Una de las caracter\u00edsticas m\u00e1s destacadas del WECO-957M es su estudiada tapa final, que cubre eficazmente el perfil de aluminio. Este innovador dise\u00f1o evita la entrada de agua en la placa de circuito impreso, protegiendo los componentes internos y aumentando la longevidad del dispositivo. La durabilidad de esta cortina de luz se ve complementada por su lente de filtro externa abrochada y la artesan\u00eda de dispensaci\u00f3n, que trabajan juntas para proporcionar una adaptabilidad superior en entornos dif\u00edciles. Estas caracter\u00edsticas garantizan que la cortina de luz mantenga un rendimiento \u00f3ptimo mientras resiste la exposici\u00f3n al polvo, la suciedad y la humedad.<\/p>\n<p>La WECO-957M tambi\u00e9n ofrece opciones de personalizaci\u00f3n para los orificios de montaje, lo que permite realizar ajustes in situ que se adapten a los requisitos espec\u00edficos de la instalaci\u00f3n. Es importante destacar que esta personalizaci\u00f3n no compromete la funcionalidad de la cortina de luz; sigue siendo totalmente operativa independientemente de c\u00f3mo o d\u00f3nde se monte. Esta flexibilidad la convierte en una opci\u00f3n excelente para una amplia gama de aplicaciones en diversos sectores.<\/p>\n<p>En resumen, la cortina fotoel\u00e9ctrica WECO-957M combina altos \u00edndices de protecci\u00f3n con elementos de dise\u00f1o bien pensados para ofrecer una soluci\u00f3n fiable para salvaguardar su espacio de trabajo. Su robusta construcci\u00f3n y adaptabilidad la convierten en una herramienta esencial para mejorar la seguridad y la eficiencia en cualquier entorno industrial. Elija WECO-957M para obtener una cortina de luz fiable que resista los retos m\u00e1s dif\u00edciles y garantice un funcionamiento sin problemas.<\/p>","protected":false},"excerpt":{"rendered":"<h5><\/h5>\n<ul>\n<li>\n<h5>94\/154\/174\/194\/234 haces de 17\/32\/36\/40\/48 diodos<\/h5>\n<\/li>\n<li>\n<h5>Tensi\u00f3n: AC220V, AC110V, DC24V, NPN\/ PNP<\/h5>\n<\/li>\n<li>\n<h5>Altura est\u00e1ndar de 2000 mm<\/h5>\n<\/li>\n<li>\n<h5>Alcance de detecci\u00f3n de 4000 mm<\/h5>\n<\/li>\n<li>\n<h5>Grado de protecci\u00f3n IP65<\/h5>\n<\/li>\n<li>\n<h5>EN81-70, EN81-20(los modelos con no menos de 36 juegos de diodos cumplen la norma EN81-20\uff09<\/h5>\n<\/li>\n<li>\n<h5>Embalaje de tubo individual, cinco tubos en un paquete.<\/h5>\n<\/li>\n<li>\n<h5>Se pueden fabricar a medida alturas y longitudes de cable especiales.<\/h5>\n<\/li>\n<li>\n<h5>Inmune a la luz solar.<\/h5>\n<\/li>\n<\/ul>","protected":false},"featured_media":1345,"comment_status":"open","ping_status":"closed","template":"","meta":[],"product_cat":[36,49],"product_tag":[],"class_list":{"0":"post-1394","1":"product","2":"type-product","3":"status-publish","4":"has-post-thumbnail","6":"product_cat-universal-elevator-beam-sensor","7":"product_cat-products","9":"first","10":"instock","11":"shipping-taxable","12":"product-type-simple"},"jetpack_sharing_enabled":true,"_links":{"self":[{"href":"https:\/\/elevatorlightcurtains.com\/es\/wp-json\/wp\/v2\/product\/1394","targetHints":{"allow":["GET"]}}],"collection":[{"href":"https:\/\/elevatorlightcurtains.com\/es\/wp-json\/wp\/v2\/product"}],"about":[{"href":"https:\/\/elevatorlightcurtains.com\/es\/wp-json\/wp\/v2\/types\/product"}],"replies":[{"embeddable":true,"href":"https:\/\/elevatorlightcurtains.com\/es\/wp-json\/wp\/v2\/comments?post=1394"}],"wp:featuredmedia":[{"embeddable":true,"href":"https:\/\/elevatorlightcurtains.com\/es\/wp-json\/wp\/v2\/media\/1345"}],"wp:attachment":[{"href":"https:\/\/elevatorlightcurtains.com\/es\/wp-json\/wp\/v2\/media?parent=1394"}],"wp:term":[{"taxonomy":"product_cat","embeddable":true,"href":"https:\/\/elevatorlightcurtains.com\/es\/wp-json\/wp\/v2\/product_cat?post=1394"},{"taxonomy":"product_tag","embeddable":true,"href":"https:\/\/elevatorlightcurtains.com\/es\/wp-json\/wp\/v2\/product_tag?post=1394"}],"curies":[{"name":"wp","href":"https:\/\/api.w.org\/{rel}","templated":true}]}}