{"id":1392,"date":"2024-07-22T07:00:58","date_gmt":"2024-07-22T07:00:58","guid":{"rendered":"https:\/\/elevatorlightcurtains.com\/?post_type=product&#038;p=1392"},"modified":"2025-01-01T07:06:01","modified_gmt":"2025-01-01T07:06:01","slug":"multi-beam-sensor-weco-957l","status":"publish","type":"product","link":"https:\/\/elevatorlightcurtains.com\/es\/producto\/multi-beam-sensor-weco-957l\/","title":{"rendered":"cortinas de ascensor WECO-957L"},"content":{"rendered":"<p>Sensor multihaz para protecci\u00f3n de puertas de ascensores cortinas finas 957L71-AC220<\/p>\n<p><img data-recalc-dims=\"1\" fetchpriority=\"high\" decoding=\"async\" class=\"alignnone wp-image-1365 size-full\" src=\"https:\/\/i0.wp.com\/elevatorlightcurtains.com\/wp-content\/uploads\/2024\/04\/WECO-957L7-scaled.jpg?resize=800%2C2193&#038;ssl=1\" alt=\"Multi Beam Sensor for lift door 957L71-AC220\u00a0\" width=\"800\" height=\"2193\" srcset=\"https:\/\/i0.wp.com\/elevatorlightcurtains.com\/wp-content\/uploads\/2024\/04\/WECO-957L7-scaled.jpg?w=934&amp;ssl=1 934w, https:\/\/i0.wp.com\/elevatorlightcurtains.com\/wp-content\/uploads\/2024\/04\/WECO-957L7-scaled.jpg?resize=109%2C300&amp;ssl=1 109w, https:\/\/i0.wp.com\/elevatorlightcurtains.com\/wp-content\/uploads\/2024\/04\/WECO-957L7-scaled.jpg?resize=374%2C1024&amp;ssl=1 374w, https:\/\/i0.wp.com\/elevatorlightcurtains.com\/wp-content\/uploads\/2024\/04\/WECO-957L7-scaled.jpg?resize=768%2C2104&amp;ssl=1 768w, https:\/\/i0.wp.com\/elevatorlightcurtains.com\/wp-content\/uploads\/2024\/04\/WECO-957L7-scaled.jpg?resize=747%2C2048&amp;ssl=1 747w, https:\/\/i0.wp.com\/elevatorlightcurtains.com\/wp-content\/uploads\/2024\/04\/WECO-957L7-scaled.jpg?resize=600%2C1644&amp;ssl=1 600w\" sizes=\"(max-width: 800px) 100vw, 800px\" \/><\/p>\n<p>&nbsp;<\/p>\n<p>Presentamos el sensor de puerta de ascensor WECO-957L, un producto pionero desarrollado por WECO desde su fundaci\u00f3n. Como uno de los primeros modelos de la amplia gama de la compa\u00f1\u00eda, el WECO-957L se ha establecido como una soluci\u00f3n fiable y eficiente para las operaciones de puertas levadizas, por lo que es la opci\u00f3n preferida entre los profesionales de la industria.<\/p>\n<p>El WECO-957L est\u00e1 dise\u00f1ado con una configuraci\u00f3n de altura completa, lo que garantiza una cobertura completa y una mayor seguridad tanto para los pasajeros como para la carga. Su reducido grosor es una caracter\u00edstica destacada, ya que permite una integraci\u00f3n perfecta en varios sistemas de elevaci\u00f3n sin comprometer el rendimiento ni la est\u00e9tica. Este modelo se ha impuesto en el mercado gracias a su precio competitivo, que lo convierte en una opci\u00f3n econ\u00f3mica para las empresas que desean mejorar sus sistemas de elevaci\u00f3n sin exceder sus l\u00edmites presupuestarios.<\/p>\n<p>Ampliamente utilizado tanto en ascensores de pasajeros como de carga, el WECO-957L cuenta con el favor de numerosos clientes por su versatilidad y fiabilidad. Empresas notables como Giantkone y Hangzhou Xizi Otis eligen sistem\u00e1ticamente este modelo para sus proyectos, lo que subraya su reputaci\u00f3n en el sector. El robusto dise\u00f1o del sensor garantiza su longevidad y fiabilidad, proporcionando tranquilidad tanto a los operadores como a los usuarios.<\/p>\n<p>En resumen, el sensor para puertas levadizas WECO-957L destaca como una soluci\u00f3n de confianza que combina asequibilidad con tecnolog\u00eda avanzada. Su probada trayectoria desde su creaci\u00f3n lo convierte en la opci\u00f3n ideal para aquellos que buscan un sensor para puertas levadizas de alta calidad que cumpla tanto con los requisitos de rendimiento como con los presupuestarios. Tanto si est\u00e1 actualizando sistemas existentes como instalando nuevos, el WECO-957L est\u00e1 dise\u00f1ado para ofrecer resultados excepcionales en cualquier aplicaci\u00f3n de ascensor.<\/p>","protected":false},"excerpt":{"rendered":"<h5><\/h5>\n<ul>\n<li>\n<h5>94\/154\/174\/194\/234 haces de 17\/32\/36\/40\/48 diodos<\/h5>\n<\/li>\n<li>\n<h5>Tensi\u00f3n: AC220V, AC110V, DC24V, NPN\/ PNP<\/h5>\n<\/li>\n<li>\n<h5>Altura est\u00e1ndar de 2000 mm<\/h5>\n<\/li>\n<li>\n<h5>Alcance de detecci\u00f3n de 4000 mm<\/h5>\n<\/li>\n<li>\n<h5>Grado de protecci\u00f3n IP54<\/h5>\n<\/li>\n<li>\n<h5>EN81-70, EN81-20(los modelos con no menos de 36 juegos de diodos cumplen la norma EN81-20\uff09<\/h5>\n<\/li>\n<li>\n<h5>Embalaje de tubo individual, cinco tubos en un paquete.<\/h5>\n<\/li>\n<li>\n<h5>Se pueden fabricar a medida alturas y longitudes de cable especiales.<\/h5>\n<\/li>\n<li>\n<h5>Inmune a la luz solar.<\/h5>\n<\/li>\n<\/ul>","protected":false},"featured_media":1344,"comment_status":"open","ping_status":"closed","template":"","meta":[],"product_cat":[36,49],"product_tag":[],"class_list":{"0":"post-1392","1":"product","2":"type-product","3":"status-publish","4":"has-post-thumbnail","6":"product_cat-universal-elevator-beam-sensor","7":"product_cat-products","9":"first","10":"instock","11":"shipping-taxable","12":"product-type-simple"},"jetpack_sharing_enabled":true,"_links":{"self":[{"href":"https:\/\/elevatorlightcurtains.com\/es\/wp-json\/wp\/v2\/product\/1392","targetHints":{"allow":["GET"]}}],"collection":[{"href":"https:\/\/elevatorlightcurtains.com\/es\/wp-json\/wp\/v2\/product"}],"about":[{"href":"https:\/\/elevatorlightcurtains.com\/es\/wp-json\/wp\/v2\/types\/product"}],"replies":[{"embeddable":true,"href":"https:\/\/elevatorlightcurtains.com\/es\/wp-json\/wp\/v2\/comments?post=1392"}],"wp:featuredmedia":[{"embeddable":true,"href":"https:\/\/elevatorlightcurtains.com\/es\/wp-json\/wp\/v2\/media\/1344"}],"wp:attachment":[{"href":"https:\/\/elevatorlightcurtains.com\/es\/wp-json\/wp\/v2\/media?parent=1392"}],"wp:term":[{"taxonomy":"product_cat","embeddable":true,"href":"https:\/\/elevatorlightcurtains.com\/es\/wp-json\/wp\/v2\/product_cat?post=1392"},{"taxonomy":"product_tag","embeddable":true,"href":"https:\/\/elevatorlightcurtains.com\/es\/wp-json\/wp\/v2\/product_tag?post=1392"}],"curies":[{"name":"wp","href":"https:\/\/api.w.org\/{rel}","templated":true}]}}