{"id":1390,"date":"2024-07-22T05:44:22","date_gmt":"2024-07-22T05:44:22","guid":{"rendered":"https:\/\/elevatorlightcurtains.com\/?post_type=product&#038;p=1390"},"modified":"2025-01-01T07:06:20","modified_gmt":"2025-01-01T07:06:20","slug":"curtain-light-sensor-weco-957k","status":"publish","type":"product","link":"https:\/\/elevatorlightcurtains.com\/es\/producto\/curtain-light-sensor-weco-957k\/","title":{"rendered":"sensor de luz de cortina WECO-957K"},"content":{"rendered":"<h5>weco supply co 40 cortinas fabricante y sensor WECO-957K71-AC220<\/h5>\n<p>&nbsp;<\/p>\n<p><img data-recalc-dims=\"1\" fetchpriority=\"high\" decoding=\"async\" class=\"alignnone wp-image-1364 size-full\" src=\"https:\/\/i0.wp.com\/elevatorlightcurtains.com\/wp-content\/uploads\/2024\/04\/WECO-957K-scaled.jpg?resize=800%2C2258&#038;ssl=1\" alt=\"WECO-957K71-AC220\" width=\"800\" height=\"2258\" srcset=\"https:\/\/i0.wp.com\/elevatorlightcurtains.com\/wp-content\/uploads\/2024\/04\/WECO-957K-scaled.jpg?w=907&amp;ssl=1 907w, https:\/\/i0.wp.com\/elevatorlightcurtains.com\/wp-content\/uploads\/2024\/04\/WECO-957K-scaled.jpg?resize=106%2C300&amp;ssl=1 106w, https:\/\/i0.wp.com\/elevatorlightcurtains.com\/wp-content\/uploads\/2024\/04\/WECO-957K-scaled.jpg?resize=363%2C1024&amp;ssl=1 363w, https:\/\/i0.wp.com\/elevatorlightcurtains.com\/wp-content\/uploads\/2024\/04\/WECO-957K-scaled.jpg?resize=768%2C2168&amp;ssl=1 768w, https:\/\/i0.wp.com\/elevatorlightcurtains.com\/wp-content\/uploads\/2024\/04\/WECO-957K-scaled.jpg?resize=544%2C1536&amp;ssl=1 544w, https:\/\/i0.wp.com\/elevatorlightcurtains.com\/wp-content\/uploads\/2024\/04\/WECO-957K-scaled.jpg?resize=726%2C2048&amp;ssl=1 726w, https:\/\/i0.wp.com\/elevatorlightcurtains.com\/wp-content\/uploads\/2024\/04\/WECO-957K-scaled.jpg?resize=600%2C1694&amp;ssl=1 600w\" sizes=\"(max-width: 800px) 100vw, 800px\" \/><\/p>\n<p>Presentamos el WECO-957K, un sensor de puerta de ascensor de \u00faltima generaci\u00f3n dise\u00f1ado para elevar la seguridad y la eficiencia en los sistemas de transporte vertical. Como modelo premium dentro de la l\u00ednea de productos de cortinas de luz WECO, el WECO-957K cuenta con un mayor nivel de protecci\u00f3n, lo que garantiza una fiabilidad y un rendimiento inigualables en diversos entornos operativos.<\/p>\n<p>El WECO-957K est\u00e1 dise\u00f1ado con tecnolog\u00eda avanzada que mejora su capacidad para detectar obst\u00e1culos y evitar accidentes durante el funcionamiento de la puerta del ascensor. Su dise\u00f1o robusto est\u00e1 dise\u00f1ado para soportar condiciones dif\u00edciles, por lo que es una opci\u00f3n ideal para aplicaciones comerciales y residenciales. Con su sensibilidad y precisi\u00f3n superiores, el WECO-957K garantiza que las puertas de su ascensor funcionen sin problemas al tiempo que prioriza la seguridad de los pasajeros.<\/p>\n<p>Una de las caracter\u00edsticas m\u00e1s destacadas de la WECO-957K es su configuraci\u00f3n personalizable de orificios de montaje. Esta flexibilidad permite realizar ajustes in situ sin comprometer la funcionalidad de la cortina de luz. Tanto si est\u00e1 reequipando un sistema existente como instalando uno nuevo, WECO-957K puede integrarse perfectamente en la configuraci\u00f3n de su ascensor, garantizando un rendimiento \u00f3ptimo adaptado a sus requisitos espec\u00edficos.<\/p>\n<p>Adem\u00e1s, la WECO-957K sirve como recambio perfecto para varios modelos de fotoc\u00e9lulas de puerta de ascensor de VEGA Italia, incluyendo la mayor\u00eda de los modelos de B-LIFT.<\/p>\n<p>En resumen, el sensor de puerta de ascensor WECO-957K es una opci\u00f3n excepcional para aquellos que buscan caracter\u00edsticas de seguridad mejoradas y un rendimiento fiable en sus sistemas de ascensor. Con su mayor nivel de protecci\u00f3n, opciones de montaje personalizables y compatibilidad con los modelos VEGA existentes, el WECO-957K destaca como una soluci\u00f3n l\u00edder para las necesidades modernas de transporte vertical. Eleve sus est\u00e1ndares de seguridad hoy mismo con WECO-957K, donde la innovaci\u00f3n se une a la fiabilidad.<\/p>","protected":false},"excerpt":{"rendered":"<p>&nbsp;<\/p>\n<ul>\n<li>\n<h5>154\/174\/194 haces de 32\/36\/40 diodos<\/h5>\n<\/li>\n<li>\n<h5>Tensi\u00f3n: AC220V, AC110V, DC24V, NPN\/ PNP<\/h5>\n<\/li>\n<li>\n<h5>Altura est\u00e1ndar de 2000 mm<\/h5>\n<\/li>\n<li>\n<h5>Alcance de detecci\u00f3n de 4000 mm<\/h5>\n<\/li>\n<li>\n<h5>Grado de protecci\u00f3n IP54<\/h5>\n<\/li>\n<li>\n<h5>EN81-70, EN81-20 (los modelos con no menos de 36 juegos de diodos cumplen la norma EN81-20)<\/h5>\n<\/li>\n<li>\n<h5>Embalaje de tubo individual, cinco tubos en un paquete.<\/h5>\n<\/li>\n<li>\n<h5>Inmune a la luz solar.<\/h5>\n<\/li>\n<\/ul>","protected":false},"featured_media":1343,"comment_status":"open","ping_status":"closed","template":"","meta":[],"product_cat":[36,49],"product_tag":[],"class_list":{"0":"post-1390","1":"product","2":"type-product","3":"status-publish","4":"has-post-thumbnail","6":"product_cat-universal-elevator-beam-sensor","7":"product_cat-products","9":"first","10":"instock","11":"shipping-taxable","12":"product-type-simple"},"jetpack_sharing_enabled":true,"_links":{"self":[{"href":"https:\/\/elevatorlightcurtains.com\/es\/wp-json\/wp\/v2\/product\/1390","targetHints":{"allow":["GET"]}}],"collection":[{"href":"https:\/\/elevatorlightcurtains.com\/es\/wp-json\/wp\/v2\/product"}],"about":[{"href":"https:\/\/elevatorlightcurtains.com\/es\/wp-json\/wp\/v2\/types\/product"}],"replies":[{"embeddable":true,"href":"https:\/\/elevatorlightcurtains.com\/es\/wp-json\/wp\/v2\/comments?post=1390"}],"wp:featuredmedia":[{"embeddable":true,"href":"https:\/\/elevatorlightcurtains.com\/es\/wp-json\/wp\/v2\/media\/1343"}],"wp:attachment":[{"href":"https:\/\/elevatorlightcurtains.com\/es\/wp-json\/wp\/v2\/media?parent=1390"}],"wp:term":[{"taxonomy":"product_cat","embeddable":true,"href":"https:\/\/elevatorlightcurtains.com\/es\/wp-json\/wp\/v2\/product_cat?post=1390"},{"taxonomy":"product_tag","embeddable":true,"href":"https:\/\/elevatorlightcurtains.com\/es\/wp-json\/wp\/v2\/product_tag?post=1390"}],"curies":[{"name":"wp","href":"https:\/\/api.w.org\/{rel}","templated":true}]}}