{"id":1387,"date":"2024-04-12T08:39:25","date_gmt":"2024-04-12T08:39:25","guid":{"rendered":"https:\/\/elevatorlightcurtains.com\/?post_type=product&#038;p=1387"},"modified":"2025-01-01T07:06:30","modified_gmt":"2025-01-01T07:06:30","slug":"photo-eye-sensors-weco-957h","status":"publish","type":"product","link":"https:\/\/elevatorlightcurtains.com\/es\/producto\/photo-eye-sensors-weco-957h\/","title":{"rendered":"sensores fotoel\u00e9ctricos WECO-957H"},"content":{"rendered":"<h5>Sensor Photoeye para puertas de montacargas WECO proveedor WECO-957H81-AC220<\/h5>\n<p>&nbsp;<\/p>\n<p><img data-recalc-dims=\"1\" fetchpriority=\"high\" decoding=\"async\" class=\"alignnone wp-image-1363 size-full\" src=\"https:\/\/i0.wp.com\/elevatorlightcurtains.com\/wp-content\/uploads\/2024\/04\/WECO-957H-scaled.jpg?resize=800%2C2258&#038;ssl=1\" alt=\"\" width=\"800\" height=\"2258\" srcset=\"https:\/\/i0.wp.com\/elevatorlightcurtains.com\/wp-content\/uploads\/2024\/04\/WECO-957H-scaled.jpg?w=907&amp;ssl=1 907w, https:\/\/i0.wp.com\/elevatorlightcurtains.com\/wp-content\/uploads\/2024\/04\/WECO-957H-scaled.jpg?resize=106%2C300&amp;ssl=1 106w, https:\/\/i0.wp.com\/elevatorlightcurtains.com\/wp-content\/uploads\/2024\/04\/WECO-957H-scaled.jpg?resize=363%2C1024&amp;ssl=1 363w, https:\/\/i0.wp.com\/elevatorlightcurtains.com\/wp-content\/uploads\/2024\/04\/WECO-957H-scaled.jpg?resize=768%2C2168&amp;ssl=1 768w, https:\/\/i0.wp.com\/elevatorlightcurtains.com\/wp-content\/uploads\/2024\/04\/WECO-957H-scaled.jpg?resize=544%2C1536&amp;ssl=1 544w, https:\/\/i0.wp.com\/elevatorlightcurtains.com\/wp-content\/uploads\/2024\/04\/WECO-957H-scaled.jpg?resize=726%2C2048&amp;ssl=1 726w, https:\/\/i0.wp.com\/elevatorlightcurtains.com\/wp-content\/uploads\/2024\/04\/WECO-957H-scaled.jpg?resize=600%2C1694&amp;ssl=1 600w\" sizes=\"(max-width: 800px) 100vw, 800px\" \/><\/p>\n<p>Presentamos el WECO-957H Photo Eye Sensors, un producto revolucionario dise\u00f1ado para proporcionar una soluci\u00f3n \u00f3ptima a sus necesidades de sensores de puerta. Este modelo forma parte de la prestigiosa serie WECO, conocida por sus productos de alta calidad, fiables y eficientes. El modelo 957H no es una excepci\u00f3n, ya que cuenta con una serie de caracter\u00edsticas que lo hacen destacar en el mercado.<\/p>\n<p>Los sensores WECO-957H Photo Eye est\u00e1n dise\u00f1ados con precisi\u00f3n y atenci\u00f3n al detalle. Est\u00e1n dise\u00f1ados para ofrecer un rendimiento y una durabilidad superiores, garantizando que puedan resistir la prueba del tiempo y seguir funcionando al m\u00e1ximo durante a\u00f1os.<\/p>\n<p>Una de las caracter\u00edsticas m\u00e1s distintivas del modelo 957H es su dise\u00f1o \u00fanico. A diferencia de otros modelos, este sensor de puerta s\u00f3lo tiene dos orificios de montaje en la cortina de luz. Este dise\u00f1o minimalista no s\u00f3lo simplifica la instalaci\u00f3n, sino que tambi\u00e9n confiere al sensor un aspecto estilizado y elegante. Este atractivo est\u00e9tico lo diferencia de otros sensores del mercado, lo que lo convierte en una excelente opci\u00f3n para quienes valoran tanto la funcionalidad como el estilo.<\/p>\n<p>Los sensores Photo Eye WECO-957H no son s\u00f3lo est\u00e9ticos; tambi\u00e9n ofrecen un rendimiento excepcional. Est\u00e1n equipados con tecnolog\u00eda avanzada que garantiza una detecci\u00f3n y respuesta precisas. Tanto si los necesita para uso residencial como comercial, estos sensores est\u00e1n dise\u00f1ados para satisfacer sus necesidades con eficacia.<\/p>\n<p>Adem\u00e1s de su impresionante rendimiento, estos sensores tambi\u00e9n ofrecen facilidad de uso. El sistema de montaje de dos orificios simplifica el proceso de instalaci\u00f3n, haci\u00e9ndolo r\u00e1pido y sin complicaciones. Esta caracter\u00edstica tambi\u00e9n reduce las posibilidades de que se produzcan errores durante la instalaci\u00f3n, garantizando que sus sensores funcionen correctamente desde el principio.<\/p>\n<p>Los sensores Photo Eye WECO-957H tambi\u00e9n se han dise\u00f1ado pensando en la seguridad. Incorporan funciones de seguridad que evitan accidentes y garantizan un funcionamiento sin problemas. Tanto si los utiliza en casa como en un entorno comercial, puede estar tranquilo sabiendo que estos sensores le proporcionar\u00e1n un entorno seguro y protegido.<\/p>\n<p>En conclusi\u00f3n, los sensores WECO-957H Photo Eye son una mezcla perfecta de estilo, rendimiento y seguridad. Su dise\u00f1o \u00fanico, junto con sus caracter\u00edsticas avanzadas y facilidad de uso, los convierten en una excelente opci\u00f3n para cualquier persona que necesite sensores de puerta fiables. Elija los sensores Photo Eye WECO-957H para una soluci\u00f3n tan elegante como eficaz.<\/p>","protected":false},"excerpt":{"rendered":"<p>&nbsp;<\/p>\n<ul>\n<li>\n<h5>194 haces de 40 diodos<\/h5>\n<\/li>\n<li>\n<h5>Voltaje: AC220V<\/h5>\n<\/li>\n<li>\n<h5>Altura est\u00e1ndar de 2000 mm<\/h5>\n<\/li>\n<li>\n<h5>Alcance de detecci\u00f3n de 4000 mm<\/h5>\n<\/li>\n<li>\n<h5>Grado de protecci\u00f3n IP54<\/h5>\n<\/li>\n<li>\n<h5>EN81-20<\/h5>\n<\/li>\n<li>\n<h5>Embalaje de tubo individual, cinco tubos en un paquete.<\/h5>\n<\/li>\n<li>\n<h5>Inmune a la luz solar.<\/h5>\n<\/li>\n<\/ul>","protected":false},"featured_media":1342,"comment_status":"open","ping_status":"closed","template":"","meta":[],"product_cat":[36,49],"product_tag":[],"class_list":{"0":"post-1387","1":"product","2":"type-product","3":"status-publish","4":"has-post-thumbnail","6":"product_cat-universal-elevator-beam-sensor","7":"product_cat-products","9":"first","10":"instock","11":"shipping-taxable","12":"product-type-simple"},"jetpack_sharing_enabled":true,"_links":{"self":[{"href":"https:\/\/elevatorlightcurtains.com\/es\/wp-json\/wp\/v2\/product\/1387","targetHints":{"allow":["GET"]}}],"collection":[{"href":"https:\/\/elevatorlightcurtains.com\/es\/wp-json\/wp\/v2\/product"}],"about":[{"href":"https:\/\/elevatorlightcurtains.com\/es\/wp-json\/wp\/v2\/types\/product"}],"replies":[{"embeddable":true,"href":"https:\/\/elevatorlightcurtains.com\/es\/wp-json\/wp\/v2\/comments?post=1387"}],"wp:featuredmedia":[{"embeddable":true,"href":"https:\/\/elevatorlightcurtains.com\/es\/wp-json\/wp\/v2\/media\/1342"}],"wp:attachment":[{"href":"https:\/\/elevatorlightcurtains.com\/es\/wp-json\/wp\/v2\/media?parent=1387"}],"wp:term":[{"taxonomy":"product_cat","embeddable":true,"href":"https:\/\/elevatorlightcurtains.com\/es\/wp-json\/wp\/v2\/product_cat?post=1387"},{"taxonomy":"product_tag","embeddable":true,"href":"https:\/\/elevatorlightcurtains.com\/es\/wp-json\/wp\/v2\/product_tag?post=1387"}],"curies":[{"name":"wp","href":"https:\/\/api.w.org\/{rel}","templated":true}]}}