{"id":1386,"date":"2024-04-12T08:03:06","date_gmt":"2024-04-12T08:03:06","guid":{"rendered":"https:\/\/elevatorlightcurtains.com\/?post_type=product&#038;p=1386"},"modified":"2025-01-01T07:07:05","modified_gmt":"2025-01-01T07:07:05","slug":"lift-photo-sensors-weco-957g","status":"publish","type":"product","link":"https:\/\/elevatorlightcurtains.com\/es\/producto\/lift-photo-sensors-weco-957g\/","title":{"rendered":"fotoc\u00e9lulas elevadoras WECO-957G"},"content":{"rendered":"<h5>Ascensor piezas de repuesto residencial ascensor puertas cortina de luz Hitachi tipo WECO-957G71-AC220<\/h5>\n<p>&nbsp;<\/p>\n<p><img data-recalc-dims=\"1\" fetchpriority=\"high\" decoding=\"async\" class=\"alignnone wp-image-1362 size-full\" src=\"https:\/\/i0.wp.com\/elevatorlightcurtains.com\/wp-content\/uploads\/2024\/04\/WECO-957G-1-scaled.jpg?resize=800%2C2258&#038;ssl=1\" alt=\"\" width=\"800\" height=\"2258\" srcset=\"https:\/\/i0.wp.com\/elevatorlightcurtains.com\/wp-content\/uploads\/2024\/04\/WECO-957G-1-scaled.jpg?w=907&amp;ssl=1 907w, https:\/\/i0.wp.com\/elevatorlightcurtains.com\/wp-content\/uploads\/2024\/04\/WECO-957G-1-scaled.jpg?resize=106%2C300&amp;ssl=1 106w, https:\/\/i0.wp.com\/elevatorlightcurtains.com\/wp-content\/uploads\/2024\/04\/WECO-957G-1-scaled.jpg?resize=363%2C1024&amp;ssl=1 363w, https:\/\/i0.wp.com\/elevatorlightcurtains.com\/wp-content\/uploads\/2024\/04\/WECO-957G-1-scaled.jpg?resize=768%2C2168&amp;ssl=1 768w, https:\/\/i0.wp.com\/elevatorlightcurtains.com\/wp-content\/uploads\/2024\/04\/WECO-957G-1-scaled.jpg?resize=544%2C1536&amp;ssl=1 544w, https:\/\/i0.wp.com\/elevatorlightcurtains.com\/wp-content\/uploads\/2024\/04\/WECO-957G-1-scaled.jpg?resize=726%2C2048&amp;ssl=1 726w, https:\/\/i0.wp.com\/elevatorlightcurtains.com\/wp-content\/uploads\/2024\/04\/WECO-957G-1-scaled.jpg?resize=600%2C1694&amp;ssl=1 600w\" sizes=\"(max-width: 800px) 100vw, 800px\" \/><\/p>\n<p>Presentamos los fotosensores para ascensores WECO-957G, un producto revolucionario que va a redefinir los est\u00e1ndares de seguridad de los ascensores. Este producto es un modelo mejorado basado en el ampliamente utilizado detector de puerta de la serie 917, que ya se ha implantado ampliamente en ascensores de diversos sectores. El WECO-957G no es s\u00f3lo una actualizaci\u00f3n, sino un sustituto perfecto de nuestros bordes de seguridad tradicionales, gracias a su avanzada tecnolog\u00eda de haz multi-infrarrojo.<\/p>\n<p>Los fotosensores WECO-957G Lift est\u00e1n dise\u00f1ados con una caracter\u00edstica \u00fanica de modelo dos en uno. Este modelo puede ser de apertura central o de apertura lateral, proporcionando a los usuarios una elecci\u00f3n m\u00e1s vers\u00e1til y conveniente para sus necesidades espec\u00edficas. Este innovador dise\u00f1o permite un funcionamiento m\u00e1s eficiente y fiable, garantizando que las puertas del ascensor se abran y cierren de forma suave y segura.<\/p>\n<p>Una de las caracter\u00edsticas clave de los fotosensores de ascensor WECO-957G es su compatibilidad con los ascensores tipo Hitachi. Esta compatibilidad garantiza una integraci\u00f3n perfecta con los sistemas existentes, por lo que es una opci\u00f3n ideal para aquellos que buscan actualizar sus detectores de puerta de ascensor actuales sin tener que revisar todo su sistema.<\/p>\n<p>Los fotoc\u00e9lulas WECO-957G se han fabricado pensando en su durabilidad y longevidad. Est\u00e1n dise\u00f1ados para soportar los rigores del uso diario en entornos de alto tr\u00e1fico, garantizando que sigan funcionando de forma \u00f3ptima incluso con un uso intensivo. Esta robusta construcci\u00f3n tambi\u00e9n significa que requieren un mantenimiento m\u00ednimo, ahorr\u00e1ndole tiempo y recursos a largo plazo.<\/p>\n<p>En cuanto a la instalaci\u00f3n, los fotosensores de ascensor WECO-957G est\u00e1n dise\u00f1ados para que resulte f\u00e1cil y c\u00f3moda. Vienen con una completa gu\u00eda de instalaci\u00f3n que proporciona instrucciones claras y detalladas, lo que facilita su correcta instalaci\u00f3n incluso para aquellos con conocimientos t\u00e9cnicos limitados.<\/p>\n<p>En conclusi\u00f3n, los fotosensores para ascensores WECO-957G ofrecen una soluci\u00f3n eficaz para mejorar la seguridad de los ascensores. Con su avanzada tecnolog\u00eda, dise\u00f1o vers\u00e1til, construcci\u00f3n robusta y f\u00e1cil proceso de instalaci\u00f3n, proporcionan un excelente retorno de la inversi\u00f3n. Tanto si desea actualizar sus detectores de puerta de ascensor existentes como instalar un nuevo sistema, los fotosensores de ascensor WECO-957G son una opci\u00f3n fiable y rentable.<\/p>","protected":false},"excerpt":{"rendered":"<ul>\n<li>\n<h5>Serie G: El modelo Hitachi dos en uno es una combinaci\u00f3n de bordes de seguridad tradicionales con m\u00faltiples haces infrarrojos.<\/h5>\n<\/li>\n<li>\n<h5>154\/194 haces de 32\/40 diodos<\/h5>\n<\/li>\n<li>\n<h5>Tensi\u00f3n: AC220V, AC110V, DC24V, NPN\/ PNP<\/h5>\n<\/li>\n<li>\n<h5>Altura est\u00e1ndar de 2100 mm<\/h5>\n<\/li>\n<li>\n<h5>Alcance de detecci\u00f3n de 4000 mm<\/h5>\n<\/li>\n<li>\n<h5>Grado de protecci\u00f3n IP54<\/h5>\n<\/li>\n<li>\n<h5>EN81-70, EN81-20(los modelos con no menos de 36 juegos de diodos cumplen la norma EN81-20\uff09<\/h5>\n<\/li>\n<li>\n<h5>Embalaje de tubo individual, cinco tubos en un paquete.<\/h5>\n<\/li>\n<li>\n<h5>Inmune a la luz solar.<\/h5>\n<\/li>\n<li>\n<h5>Adquiera los soportes mec\u00e1nicos adecuados para la instalaci\u00f3n.<\/h5>\n<\/li>\n<\/ul>","protected":false},"featured_media":1341,"comment_status":"open","ping_status":"closed","template":"","meta":[],"product_cat":[44,49],"product_tag":[],"class_list":{"0":"post-1386","1":"product","2":"type-product","3":"status-publish","4":"has-post-thumbnail","6":"product_cat-2-in-1-elevator-door-detector","7":"product_cat-products","9":"first","10":"instock","11":"shipping-taxable","12":"product-type-simple"},"jetpack_sharing_enabled":true,"_links":{"self":[{"href":"https:\/\/elevatorlightcurtains.com\/es\/wp-json\/wp\/v2\/product\/1386","targetHints":{"allow":["GET"]}}],"collection":[{"href":"https:\/\/elevatorlightcurtains.com\/es\/wp-json\/wp\/v2\/product"}],"about":[{"href":"https:\/\/elevatorlightcurtains.com\/es\/wp-json\/wp\/v2\/types\/product"}],"replies":[{"embeddable":true,"href":"https:\/\/elevatorlightcurtains.com\/es\/wp-json\/wp\/v2\/comments?post=1386"}],"wp:featuredmedia":[{"embeddable":true,"href":"https:\/\/elevatorlightcurtains.com\/es\/wp-json\/wp\/v2\/media\/1341"}],"wp:attachment":[{"href":"https:\/\/elevatorlightcurtains.com\/es\/wp-json\/wp\/v2\/media?parent=1386"}],"wp:term":[{"taxonomy":"product_cat","embeddable":true,"href":"https:\/\/elevatorlightcurtains.com\/es\/wp-json\/wp\/v2\/product_cat?post=1386"},{"taxonomy":"product_tag","embeddable":true,"href":"https:\/\/elevatorlightcurtains.com\/es\/wp-json\/wp\/v2\/product_tag?post=1386"}],"curies":[{"name":"wp","href":"https:\/\/api.w.org\/{rel}","templated":true}]}}