{"id":1385,"date":"2024-04-12T06:43:06","date_gmt":"2024-04-12T06:43:06","guid":{"rendered":"https:\/\/elevatorlightcurtains.com\/?post_type=product&#038;p=1385"},"modified":"2025-01-01T07:07:38","modified_gmt":"2025-01-01T07:07:38","slug":"toshiba-type-2-in-1-sensor-weco-957f","status":"publish","type":"product","link":"https:\/\/elevatorlightcurtains.com\/es\/producto\/toshiba-type-2-in-1-sensor-weco-957f\/","title":{"rendered":"Sensor Toshiba tipo 2 en 1 WECO-957F"},"content":{"rendered":"<p>Cortinas \u00f3pticas de seguridad tipo Toshiba 2 en 1 para ascensores<\/p>\n<p><img data-recalc-dims=\"1\" fetchpriority=\"high\" decoding=\"async\" class=\"alignnone wp-image-1360 size-full\" src=\"https:\/\/i0.wp.com\/elevatorlightcurtains.com\/wp-content\/uploads\/2024\/04\/WECO-957F-scaled.jpg?resize=800%2C2258&#038;ssl=1\" alt=\"\" width=\"800\" height=\"2258\" srcset=\"https:\/\/i0.wp.com\/elevatorlightcurtains.com\/wp-content\/uploads\/2024\/04\/WECO-957F-scaled.jpg?w=907&amp;ssl=1 907w, https:\/\/i0.wp.com\/elevatorlightcurtains.com\/wp-content\/uploads\/2024\/04\/WECO-957F-scaled.jpg?resize=106%2C300&amp;ssl=1 106w, https:\/\/i0.wp.com\/elevatorlightcurtains.com\/wp-content\/uploads\/2024\/04\/WECO-957F-scaled.jpg?resize=363%2C1024&amp;ssl=1 363w, https:\/\/i0.wp.com\/elevatorlightcurtains.com\/wp-content\/uploads\/2024\/04\/WECO-957F-scaled.jpg?resize=768%2C2168&amp;ssl=1 768w, https:\/\/i0.wp.com\/elevatorlightcurtains.com\/wp-content\/uploads\/2024\/04\/WECO-957F-scaled.jpg?resize=544%2C1536&amp;ssl=1 544w, https:\/\/i0.wp.com\/elevatorlightcurtains.com\/wp-content\/uploads\/2024\/04\/WECO-957F-scaled.jpg?resize=726%2C2048&amp;ssl=1 726w, https:\/\/i0.wp.com\/elevatorlightcurtains.com\/wp-content\/uploads\/2024\/04\/WECO-957F-scaled.jpg?resize=600%2C1694&amp;ssl=1 600w\" sizes=\"(max-width: 800px) 100vw, 800px\" \/><\/p>\n<p>Presentamos el Sensor 2 en 1 WECO-957F, un producto revolucionario que est\u00e1 llamado a redefinir los est\u00e1ndares de seguridad en su hogar o negocio. Este innovador sensor no es un simple dispositivo; es una soluci\u00f3n integral que combina dos funciones esenciales en una unidad compacta y f\u00e1cil de usar.<\/p>\n<p>El Sensor 2 en 1 WECO-957F est\u00e1 dise\u00f1ado para proporcionar una doble protecci\u00f3n gracias a sus m\u00faltiples haces de infrarrojos, que pueden sustituir perfectamente a nuestros bordes de seguridad tradicionales. Esta caracter\u00edstica garantiza que sus instalaciones est\u00e9n siempre seguras, d\u00e1ndole la tranquilidad de saber que su propiedad est\u00e1 bien protegida. La avanzada tecnolog\u00eda del sensor le permite detectar cualquier movimiento o intrusi\u00f3n, alert\u00e1ndole inmediatamente para que act\u00fae con rapidez.<\/p>\n<p>Pero, \u00bfqu\u00e9 diferencia al Sensor 2 en 1 WECO-957F de otros sensores del mercado? Es la inclusi\u00f3n de un sensor de puerta. El sensor de puerta WECO-957F es una parte integral de este dispositivo, ofreciendo una capa adicional de seguridad. Esta caracter\u00edstica funciona a la perfecci\u00f3n con los haces multi-infrarrojos para proporcionar una cobertura y protecci\u00f3n completas.<\/p>\n<p>Adem\u00e1s, el Sensor 2 en 1 WECO-957F cuenta con modelos de apertura central y apertura lateral. Estos modelos ofrecen flexibilidad y comodidad, permiti\u00e9ndole personalizar el funcionamiento de su sensor en funci\u00f3n de sus necesidades y preferencias espec\u00edficas.<\/p>\n<p>El sensor 2 en 1 WECO-957F no es s\u00f3lo funcionalidad, sino tambi\u00e9n facilidad de uso. Se ha dise\u00f1ado pensando en la facilidad de uso, para que pueda instalarlo y utilizarlo f\u00e1cilmente sin necesidad de conocimientos t\u00e9cnicos. Adem\u00e1s, su elegante dise\u00f1o se integra perfectamente en cualquier decoraci\u00f3n.<\/p>\n<p>En conclusi\u00f3n, el Sensor 2 en 1 WECO-957F es m\u00e1s que un simple sensor; es un socio fiable que garantiza su seguridad y protecci\u00f3n. Con su funci\u00f3n de doble protecci\u00f3n, sensor de puerta y modos de apertura flexibles, ofrece una soluci\u00f3n integral que satisface y supera sus necesidades de seguridad. Elija hoy mismo el Sensor 2 en 1 WECO-957F y experimente la tranquilidad de saber que su propiedad est\u00e1 bien protegida.<\/p>","protected":false},"excerpt":{"rendered":"<ul>\n<li>\n<h5>Serie F: El modelo dos en uno de Toshiba es una combinaci\u00f3n de bordes de seguridad tradicionales con m\u00faltiples haces de infrarrojos.<\/h5>\n<\/li>\n<li>\n<h5>154 haces 32 diodos<\/h5>\n<\/li>\n<li>\n<h5>Voltaje: AC220V, AC110V,DC24V<\/h5>\n<\/li>\n<li>\n<h5>Altura est\u00e1ndar de 2100 mm<\/h5>\n<\/li>\n<li>\n<h5>Alcance de detecci\u00f3n de 4000 mm<\/h5>\n<\/li>\n<li>\n<h5>Grado de protecci\u00f3n IP54<\/h5>\n<\/li>\n<li>\n<h5>EN81-70<\/h5>\n<\/li>\n<li>\n<h5>Embalaje de tubo individual, cinco tubos en un paquete.<\/h5>\n<\/li>\n<li>\n<h5>Adquiera los soportes mec\u00e1nicos adecuados para la instalaci\u00f3n.<\/h5>\n<\/li>\n<\/ul>","protected":false},"featured_media":1340,"comment_status":"open","ping_status":"closed","template":"","meta":[],"product_cat":[44,49],"product_tag":[],"class_list":{"0":"post-1385","1":"product","2":"type-product","3":"status-publish","4":"has-post-thumbnail","6":"product_cat-2-in-1-elevator-door-detector","7":"product_cat-products","9":"first","10":"instock","11":"shipping-taxable","12":"product-type-simple"},"jetpack_sharing_enabled":true,"_links":{"self":[{"href":"https:\/\/elevatorlightcurtains.com\/es\/wp-json\/wp\/v2\/product\/1385","targetHints":{"allow":["GET"]}}],"collection":[{"href":"https:\/\/elevatorlightcurtains.com\/es\/wp-json\/wp\/v2\/product"}],"about":[{"href":"https:\/\/elevatorlightcurtains.com\/es\/wp-json\/wp\/v2\/types\/product"}],"replies":[{"embeddable":true,"href":"https:\/\/elevatorlightcurtains.com\/es\/wp-json\/wp\/v2\/comments?post=1385"}],"wp:featuredmedia":[{"embeddable":true,"href":"https:\/\/elevatorlightcurtains.com\/es\/wp-json\/wp\/v2\/media\/1340"}],"wp:attachment":[{"href":"https:\/\/elevatorlightcurtains.com\/es\/wp-json\/wp\/v2\/media?parent=1385"}],"wp:term":[{"taxonomy":"product_cat","embeddable":true,"href":"https:\/\/elevatorlightcurtains.com\/es\/wp-json\/wp\/v2\/product_cat?post=1385"},{"taxonomy":"product_tag","embeddable":true,"href":"https:\/\/elevatorlightcurtains.com\/es\/wp-json\/wp\/v2\/product_tag?post=1385"}],"curies":[{"name":"wp","href":"https:\/\/api.w.org\/{rel}","templated":true}]}}