{"id":1383,"date":"2024-04-08T08:04:21","date_gmt":"2024-04-08T08:04:21","guid":{"rendered":"https:\/\/elevatorlightcurtains.com\/?post_type=product&#038;p=1383"},"modified":"2025-01-01T07:07:53","modified_gmt":"2025-01-01T07:07:53","slug":"safety-door-detector-weco-957e","status":"publish","type":"product","link":"https:\/\/elevatorlightcurtains.com\/es\/producto\/safety-door-detector-weco-957e\/","title":{"rendered":"Detector de puerta de seguridad WECO-957E"},"content":{"rendered":"<p>Cortina de ascensor integrada con bordes de seguridad WECO-957E71-AC220<\/p>\n<p><img data-recalc-dims=\"1\" fetchpriority=\"high\" decoding=\"async\" class=\"alignnone wp-image-1359 size-full\" src=\"https:\/\/i0.wp.com\/elevatorlightcurtains.com\/wp-content\/uploads\/2024\/04\/WECO-957E-scaled.jpg?resize=800%2C2224&#038;ssl=1\" alt=\"WECO-957E\" width=\"800\" height=\"2224\" srcset=\"https:\/\/i0.wp.com\/elevatorlightcurtains.com\/wp-content\/uploads\/2024\/04\/WECO-957E-scaled.jpg?w=921&amp;ssl=1 921w, https:\/\/i0.wp.com\/elevatorlightcurtains.com\/wp-content\/uploads\/2024\/04\/WECO-957E-scaled.jpg?resize=108%2C300&amp;ssl=1 108w, https:\/\/i0.wp.com\/elevatorlightcurtains.com\/wp-content\/uploads\/2024\/04\/WECO-957E-scaled.jpg?resize=768%2C2134&amp;ssl=1 768w, https:\/\/i0.wp.com\/elevatorlightcurtains.com\/wp-content\/uploads\/2024\/04\/WECO-957E-scaled.jpg?resize=553%2C1536&amp;ssl=1 553w, https:\/\/i0.wp.com\/elevatorlightcurtains.com\/wp-content\/uploads\/2024\/04\/WECO-957E-scaled.jpg?resize=737%2C2048&amp;ssl=1 737w, https:\/\/i0.wp.com\/elevatorlightcurtains.com\/wp-content\/uploads\/2024\/04\/WECO-957E-scaled.jpg?resize=600%2C1667&amp;ssl=1 600w\" sizes=\"(max-width: 800px) 100vw, 800px\" \/><\/p>\n<p>&nbsp;<\/p>\n<p>Presentamos el Detector de Puertas de Seguridad WECO-957E, una soluci\u00f3n de seguridad de \u00faltima generaci\u00f3n dise\u00f1ada para revolucionar sus est\u00e1ndares de seguridad. Este innovador producto es un testimonio de nuestro compromiso de ofrecer soluciones de seguridad de primer nivel que combinan a la perfecci\u00f3n la tecnolog\u00eda avanzada con la funcionalidad pr\u00e1ctica.<\/p>\n<p>El Detector de Puertas de Seguridad WECO-957E est\u00e1 ingeniosamente dise\u00f1ado para trabajar con conexiones mec\u00e1nicas, ofreciendo un nivel de seguridad y fiabilidad sin precedentes. Esta caracter\u00edstica garantiza que el detector no s\u00f3lo es robusto y duradero, sino tambi\u00e9n capaz de soportar los rigores del uso diario, por lo que es una opci\u00f3n ideal para aplicaciones residenciales y comerciales.<\/p>\n<p>Una de las caracter\u00edsticas m\u00e1s destacadas del detector de puertas de seguridad WECO-957E es su capacidad para sustituir perfectamente a los bordes de seguridad tradicionales. Esto se consigue mediante la integraci\u00f3n de m\u00faltiples haces de infrarrojos, que proporcionan un amplio rango de detecci\u00f3n y una precisi\u00f3n superior. El uso de la tecnolog\u00eda de infrarrojos garantiza que el detector pueda identificar con precisi\u00f3n cualquier amenaza u obstrucci\u00f3n potencial, reduciendo as\u00ed significativamente el riesgo de accidentes o accesos no autorizados.<\/p>\n<p>El WECO-957E no es s\u00f3lo seguridad; es seguridad inteligente. Los m\u00faltiples haces de infrarrojos est\u00e1n dise\u00f1ados para detectar hasta las m\u00e1s peque\u00f1as variaciones de movimiento o presencia, garantizando que nada pase desapercibido. Este alto nivel de sensibilidad combinado con un impresionante rango de detecci\u00f3n hacen del WECO-957E uno de los detectores de puertas de seguridad m\u00e1s fiables del mercado actual.<\/p>\n<p>Adem\u00e1s, este producto se ha dise\u00f1ado meticulosamente para que sea f\u00e1cil de usar. Su proceso de instalaci\u00f3n es sencillo y sin complicaciones, y requiere unos conocimientos t\u00e9cnicos m\u00ednimos. Una vez instalado, apenas requiere mantenimiento, lo que lo convierte en una soluci\u00f3n rentable para un uso a largo plazo.<\/p>\n<p>En t\u00e9rminos de est\u00e9tica, el Detector de Seguridad para Puertas WECO-957E cuenta con un dise\u00f1o elegante y moderno que complementa sin esfuerzo cualquier estilo arquitect\u00f3nico. Su tama\u00f1o compacto garantiza que no interfiera con la funcionalidad o el aspecto de su puerta, al tiempo que proporciona la m\u00e1xima seguridad.<\/p>\n<p>En conclusi\u00f3n, el Detector de Puertas de Seguridad WECO-957E representa un avance significativo en la tecnolog\u00eda de seguridad. Su integraci\u00f3n de enlaces mec\u00e1nicos y m\u00faltiples haces infrarrojos ofrece un nivel de seguridad que no tiene comparaci\u00f3n con los bordes de seguridad tradicionales. Si est\u00e1 buscando mejorar la seguridad de su hogar o negocio, el WECO-957E es una soluci\u00f3n fiable, eficiente y rentable en la que puede confiar. Experimente la tranquilidad de saber que sus instalaciones est\u00e1n protegidas por uno de los mejores detectores de seguridad para puertas disponibles actualmente en el mercado.<\/p>","protected":false},"excerpt":{"rendered":"<h5><\/h5>\n<ul>\n<li>\n<h5>Serie E: cortina de luz 2 en 1, integrada con bordes de seguridad, instalada con soportes mec\u00e1nicos, el \u00e1rea de la puerta puede obtener doble seguridad.<\/h5>\n<\/li>\n<li>\n<h5>94\/154\/174\/194\/234 haces de 17\/32\/36\/40\/48 diodos<\/h5>\n<\/li>\n<li>\n<h5>Voltaje: AC220V, AC110V<\/h5>\n<\/li>\n<li>\n<h5>Altura est\u00e1ndar de 2000 mm<\/h5>\n<\/li>\n<li>\n<h5>Alcance de detecci\u00f3n de 4000 mm<\/h5>\n<\/li>\n<li>\n<h5>Grado de protecci\u00f3n IP54<\/h5>\n<\/li>\n<li>\n<h5>EN81-70, EN81-20(los modelos con no menos de 36 juegos de diodos cumplen la norma EN81-20\uff09<\/h5>\n<\/li>\n<li>\n<h5>Embalaje de tubo individual, cinco tubos en un paquete.<\/h5>\n<\/li>\n<li>\n<h5>Adquiera soportes mec\u00e1nicos a juego para la instalaci\u00f3n<\/h5>\n<\/li>\n<li>\n<h5>Inmune a la luz solar.<\/h5>\n<\/li>\n<\/ul>","protected":false},"featured_media":1339,"comment_status":"open","ping_status":"closed","template":"","meta":[],"product_cat":[44,49],"product_tag":[],"class_list":{"0":"post-1383","1":"product","2":"type-product","3":"status-publish","4":"has-post-thumbnail","6":"product_cat-2-in-1-elevator-door-detector","7":"product_cat-products","9":"first","10":"instock","11":"shipping-taxable","12":"product-type-simple"},"jetpack_sharing_enabled":true,"_links":{"self":[{"href":"https:\/\/elevatorlightcurtains.com\/es\/wp-json\/wp\/v2\/product\/1383","targetHints":{"allow":["GET"]}}],"collection":[{"href":"https:\/\/elevatorlightcurtains.com\/es\/wp-json\/wp\/v2\/product"}],"about":[{"href":"https:\/\/elevatorlightcurtains.com\/es\/wp-json\/wp\/v2\/types\/product"}],"replies":[{"embeddable":true,"href":"https:\/\/elevatorlightcurtains.com\/es\/wp-json\/wp\/v2\/comments?post=1383"}],"wp:featuredmedia":[{"embeddable":true,"href":"https:\/\/elevatorlightcurtains.com\/es\/wp-json\/wp\/v2\/media\/1339"}],"wp:attachment":[{"href":"https:\/\/elevatorlightcurtains.com\/es\/wp-json\/wp\/v2\/media?parent=1383"}],"wp:term":[{"taxonomy":"product_cat","embeddable":true,"href":"https:\/\/elevatorlightcurtains.com\/es\/wp-json\/wp\/v2\/product_cat?post=1383"},{"taxonomy":"product_tag","embeddable":true,"href":"https:\/\/elevatorlightcurtains.com\/es\/wp-json\/wp\/v2\/product_tag?post=1383"}],"curies":[{"name":"wp","href":"https:\/\/api.w.org\/{rel}","templated":true}]}}