{"id":1382,"date":"2024-04-08T07:37:34","date_gmt":"2024-04-08T07:37:34","guid":{"rendered":"https:\/\/elevatorlightcurtains.com\/?post_type=product&#038;p=1382"},"modified":"2025-01-01T07:22:29","modified_gmt":"2025-01-01T07:22:29","slug":"infra-red-ir-curtain-weco-957c","status":"publish","type":"product","link":"https:\/\/elevatorlightcurtains.com\/es\/producto\/infra-red-ir-curtain-weco-957c\/","title":{"rendered":"cortina de infrarrojos (IR) WECO-957C"},"content":{"rendered":"<p>1800mm puerta del ascensor altura de la cortina de luz sensor fotoel\u00e9ctrico para el pasajero WECO-957C61-AC220-1800mm<\/p>\n<p><img data-recalc-dims=\"1\" fetchpriority=\"high\" decoding=\"async\" class=\"alignnone wp-image-1358 size-full\" src=\"https:\/\/i0.wp.com\/elevatorlightcurtains.com\/wp-content\/uploads\/2024\/04\/WECO-957C-scaled.jpg?resize=800%2C2224&#038;ssl=1\" alt=\"WECO-957C\" width=\"800\" height=\"2224\" srcset=\"https:\/\/i0.wp.com\/elevatorlightcurtains.com\/wp-content\/uploads\/2024\/04\/WECO-957C-scaled.jpg?w=921&amp;ssl=1 921w, https:\/\/i0.wp.com\/elevatorlightcurtains.com\/wp-content\/uploads\/2024\/04\/WECO-957C-scaled.jpg?resize=108%2C300&amp;ssl=1 108w, https:\/\/i0.wp.com\/elevatorlightcurtains.com\/wp-content\/uploads\/2024\/04\/WECO-957C-scaled.jpg?resize=768%2C2134&amp;ssl=1 768w, https:\/\/i0.wp.com\/elevatorlightcurtains.com\/wp-content\/uploads\/2024\/04\/WECO-957C-scaled.jpg?resize=553%2C1536&amp;ssl=1 553w, https:\/\/i0.wp.com\/elevatorlightcurtains.com\/wp-content\/uploads\/2024\/04\/WECO-957C-scaled.jpg?resize=737%2C2048&amp;ssl=1 737w, https:\/\/i0.wp.com\/elevatorlightcurtains.com\/wp-content\/uploads\/2024\/04\/WECO-957C-scaled.jpg?resize=600%2C1667&amp;ssl=1 600w\" sizes=\"(max-width: 800px) 100vw, 800px\" \/><\/p>\n<p>&nbsp;<\/p>\n<p>Presentamos la cortina de infrarrojos (IR) WECO-957C, un producto revolucionario que redefine los est\u00e1ndares de seguridad y eficiencia en el \u00e1mbito de la tecnolog\u00eda de sensores de puerta. Este producto est\u00e1 meticulosamente dise\u00f1ado para satisfacer las necesidades tanto de espacios comerciales como residenciales, ofreciendo un nivel incomparable de seguridad y comodidad.<\/p>\n<p>La WECO-957C es una cortina de infrarrojos que funciona con tecnolog\u00eda IR avanzada, proporcionando un sistema de detecci\u00f3n fiable y sin fisuras. Est\u00e1 dise\u00f1ada para crear una cortina invisible de protecci\u00f3n que garantiza la seguridad de las personas que atraviesan puertas, especialmente las autom\u00e1ticas. Este innovador producto es una prueba del compromiso de WECO de ofrecer soluciones de seguridad de primer nivel.<\/p>\n<p>Una de las caracter\u00edsticas m\u00e1s destacadas del WECO-957C es su robusto dise\u00f1o. Est\u00e1 fabricado con materiales de alta calidad que garantizan su durabilidad y longevidad. Su elegante dise\u00f1o no s\u00f3lo realza su atractivo est\u00e9tico, sino que tambi\u00e9n garantiza una instalaci\u00f3n y un mantenimiento sencillos. Es una mezcla perfecta de forma y funci\u00f3n, dise\u00f1ada para integrarse perfectamente en cualquier estilo arquitect\u00f3nico sin comprometer su rendimiento.<\/p>\n<p>La cortina de infrarrojos WECO-957C cuenta con 32 pares de diodos, que proporcionan una densa red de haces de infrarrojos a trav\u00e9s de la abertura de la puerta. Esta densa red garantiza la detecci\u00f3n incluso de los objetos m\u00e1s peque\u00f1os, evitando accidentes y asegurando un funcionamiento sin problemas. El sistema de detecci\u00f3n es muy sensible y exigente, lo que reduce las falsas detecciones y garantiza un funcionamiento \u00f3ptimo.<\/p>\n<p>Este producto tambi\u00e9n cuenta con un tiempo de interrupci\u00f3n del haz ajustable, lo que le permite personalizar su funcionamiento seg\u00fan sus necesidades espec\u00edficas. Tanto si necesita tiempos de respuesta r\u00e1pidos para zonas de mucho tr\u00e1fico como si prefiere ajustes m\u00e1s lentos para una detecci\u00f3n m\u00e1s precisa, el WECO-957C puede adaptarse a sus requisitos.<\/p>\n<p>En t\u00e9rminos de compatibilidad, el WECO-957C est\u00e1 dise\u00f1ado para trabajar con una amplia gama de tipos de puertas, incluyendo puertas correderas, puertas batientes, puertas giratorias, y m\u00e1s. Su versatilidad lo convierte en una opci\u00f3n ideal para diversos entornos, desde establecimientos comerciales como centros comerciales y edificios de oficinas hasta propiedades residenciales.<\/p>\n<p>En conclusi\u00f3n, la cortina de infrarrojos (IR) WECO-957C es m\u00e1s que un simple sensor de puerta. Es una soluci\u00f3n de seguridad integral que combina tecnolog\u00eda avanzada, dise\u00f1o robusto y funciones personalizables para proporcionar un nivel de protecci\u00f3n inigualable. Gracias a su f\u00e1cil instalaci\u00f3n y mantenimiento, ofrece una experiencia sin complicaciones a la vez que mejora la seguridad y la eficiencia de su espacio. Conf\u00ede en el WECO-957C para obtener un rendimiento superior y tranquilidad.<\/p>","protected":false},"excerpt":{"rendered":"<h5><\/h5>\n<ul>\n<li>\n<h5>94\/154\/174\/194\/234 haces de 17\/32\/36\/40\/48 diodos<\/h5>\n<\/li>\n<li>\n<h5>Voltaje: AC220V<\/h5>\n<\/li>\n<li>\n<h5>Altura est\u00e1ndar de 2000 mm<\/h5>\n<\/li>\n<li>\n<h5>Alcance de detecci\u00f3n de 4000 mm<\/h5>\n<\/li>\n<li>\n<h5>Grado de protecci\u00f3n IP54<\/h5>\n<\/li>\n<li>\n<h5>EN81-70, EN81-20(los modelos con no menos de 36 juegos de diodos cumplen la norma EN81-20\uff09<\/h5>\n<\/li>\n<li>\n<h5>Embalaje de tubo individual, cinco tubos en un paquete.<\/h5>\n<\/li>\n<li>\n<h5>Se pueden fabricar a medida alturas y longitudes de cable especiales.<\/h5>\n<\/li>\n<li>\n<h5>Inmune a la luz solar.<\/h5>\n<\/li>\n<\/ul>","protected":false},"featured_media":1338,"comment_status":"open","ping_status":"closed","template":"","meta":[],"product_cat":[36,49],"product_tag":[],"class_list":{"0":"post-1382","1":"product","2":"type-product","3":"status-publish","4":"has-post-thumbnail","6":"product_cat-universal-elevator-beam-sensor","7":"product_cat-products","9":"first","10":"instock","11":"shipping-taxable","12":"product-type-simple"},"jetpack_sharing_enabled":true,"_links":{"self":[{"href":"https:\/\/elevatorlightcurtains.com\/es\/wp-json\/wp\/v2\/product\/1382","targetHints":{"allow":["GET"]}}],"collection":[{"href":"https:\/\/elevatorlightcurtains.com\/es\/wp-json\/wp\/v2\/product"}],"about":[{"href":"https:\/\/elevatorlightcurtains.com\/es\/wp-json\/wp\/v2\/types\/product"}],"replies":[{"embeddable":true,"href":"https:\/\/elevatorlightcurtains.com\/es\/wp-json\/wp\/v2\/comments?post=1382"}],"wp:featuredmedia":[{"embeddable":true,"href":"https:\/\/elevatorlightcurtains.com\/es\/wp-json\/wp\/v2\/media\/1338"}],"wp:attachment":[{"href":"https:\/\/elevatorlightcurtains.com\/es\/wp-json\/wp\/v2\/media?parent=1382"}],"wp:term":[{"taxonomy":"product_cat","embeddable":true,"href":"https:\/\/elevatorlightcurtains.com\/es\/wp-json\/wp\/v2\/product_cat?post=1382"},{"taxonomy":"product_tag","embeddable":true,"href":"https:\/\/elevatorlightcurtains.com\/es\/wp-json\/wp\/v2\/product_tag?post=1382"}],"curies":[{"name":"wp","href":"https:\/\/api.w.org\/{rel}","templated":true}]}}