{"id":1333,"date":"2024-04-08T06:06:01","date_gmt":"2024-04-08T06:06:01","guid":{"rendered":"https:\/\/elevatorlightcurtains.com\/?post_type=product&#038;p=1333"},"modified":"2025-01-01T07:23:14","modified_gmt":"2025-01-01T07:23:14","slug":"weco-light-curtain-weco-917z","status":"publish","type":"product","link":"https:\/\/elevatorlightcurtains.com\/es\/producto\/weco-light-curtain-weco-917z\/","title":{"rendered":"Cortinas de luz estancas WECO-917Z"},"content":{"rendered":"<p>24v WECO sensor de puerta de carga ascensor caracter\u00edsticas de seguridad a prueba de agua WECO-917Z71-DC24A<\/p>\n<p><img data-recalc-dims=\"1\" fetchpriority=\"high\" decoding=\"async\" class=\"alignnone wp-image-1306 size-full\" src=\"https:\/\/i0.wp.com\/elevatorlightcurtains.com\/wp-content\/uploads\/2024\/03\/WECO-917Z-scaled.jpg?resize=800%2C2256&#038;ssl=1\" alt=\"WECO-917Z\" width=\"800\" height=\"2256\" srcset=\"https:\/\/i0.wp.com\/elevatorlightcurtains.com\/wp-content\/uploads\/2024\/03\/WECO-917Z-scaled.jpg?w=908&amp;ssl=1 908w, https:\/\/i0.wp.com\/elevatorlightcurtains.com\/wp-content\/uploads\/2024\/03\/WECO-917Z-scaled.jpg?resize=106%2C300&amp;ssl=1 106w, https:\/\/i0.wp.com\/elevatorlightcurtains.com\/wp-content\/uploads\/2024\/03\/WECO-917Z-scaled.jpg?resize=363%2C1024&amp;ssl=1 363w, https:\/\/i0.wp.com\/elevatorlightcurtains.com\/wp-content\/uploads\/2024\/03\/WECO-917Z-scaled.jpg?resize=768%2C2164&amp;ssl=1 768w, https:\/\/i0.wp.com\/elevatorlightcurtains.com\/wp-content\/uploads\/2024\/03\/WECO-917Z-scaled.jpg?resize=545%2C1536&amp;ssl=1 545w, https:\/\/i0.wp.com\/elevatorlightcurtains.com\/wp-content\/uploads\/2024\/03\/WECO-917Z-scaled.jpg?resize=600%2C1691&amp;ssl=1 600w\" sizes=\"(max-width: 800px) 100vw, 800px\" \/><\/p>\n<p>Presentamos la Cortina de Luz WECO-917Z, un dispositivo de seguridad de \u00faltima generaci\u00f3n dise\u00f1ado para proporcionar una protecci\u00f3n y tranquilidad sin precedentes. Este producto es una mezcla excepcional de tecnolog\u00eda avanzada y dise\u00f1o pr\u00e1ctico, por lo que es imprescindible para cualquier entorno industrial o comercial donde la seguridad es primordial.<\/p>\n<p>La cortina de luz WECO-917Z es un dispositivo meticulosamente dise\u00f1ado que utiliza haces de luz infrarroja para crear una barrera de seguridad invisible. Esta barrera, o \"cortina de luz\", est\u00e1 dise\u00f1ada para detectar cualquier intrusi\u00f3n o interrupci\u00f3n, activando instant\u00e1neamente una respuesta para detener maquinaria potencialmente peligrosa. Esto la convierte en una herramienta inestimable en entornos como f\u00e1bricas, almacenes y otros entornos industriales en los que funciona maquinaria pesada.<\/p>\n<p>Una de las caracter\u00edsticas m\u00e1s destacadas de la cortina de luz WECO-917Z es su impresionante capacidad de detecci\u00f3n. Presume de una alta resoluci\u00f3n con un amplio alcance de hasta 4 metros, lo que garantiza una cobertura completa y una detecci\u00f3n fiable. Esto significa que incluso la interrupci\u00f3n m\u00e1s peque\u00f1a puede ser detectada, proporcionando una capa extra de seguridad.<\/p>\n<p>El modelo WECO-917Z tambi\u00e9n destaca por su robusta construcci\u00f3n. Est\u00e1 fabricado para soportar entornos industriales dif\u00edciles, con una robusta carcasa de aluminio que protege contra el polvo, el agua y los da\u00f1os por impacto. Esta durabilidad garantiza que el dispositivo pueda ofrecer un rendimiento constante a lo largo del tiempo, incluso en las condiciones m\u00e1s dif\u00edciles.<\/p>\n<p>La facilidad de instalaci\u00f3n y uso son tambi\u00e9n caracter\u00edsticas clave de la cortina de luz WECO-917Z. Viene con una interfaz f\u00e1cil de usar e instrucciones claras, por lo que la configuraci\u00f3n es r\u00e1pida y sencilla. Adem\u00e1s, es compatible con varios sistemas de control para una integraci\u00f3n perfecta en sus operaciones actuales.<\/p>\n<p>Adem\u00e1s, la cortina de luz WECO-917Z cumple todas las normas de seguridad pertinentes. Esto significa que puede confiar en su calidad y fiabilidad, sabiendo que ha sido rigurosamente probada y certificada para cumplir con los m\u00e1s altos est\u00e1ndares internacionales de seguridad.<\/p>\n<p>En conclusi\u00f3n, la Cortina de Luz WECO-917Z es m\u00e1s que un simple dispositivo de seguridad. Es una soluci\u00f3n integral que combina tecnolog\u00eda avanzada, construcci\u00f3n robusta y dise\u00f1o inteligente para ofrecer una protecci\u00f3n sin igual. Si est\u00e1 buscando mejorar la seguridad en un entorno industrial o simplemente quiere tranquilidad, la Cortina de Luz WECO-917Z es la elecci\u00f3n ideal.<\/p>","protected":false},"excerpt":{"rendered":"<p>&nbsp;<\/p>\n<ul>\n<li>\n<h5>154 haces de 32 diodos<\/h5>\n<\/li>\n<li>\n<h5>Voltaje: AC220V, AC110V, DC24V<\/h5>\n<\/li>\n<li>\n<h5>Altura est\u00e1ndar de 2000 mm<\/h5>\n<\/li>\n<li>\n<h5>Alcance de detecci\u00f3n de 4000 mm<\/h5>\n<\/li>\n<li>\n<h5>Grado de protecci\u00f3n IP65<\/h5>\n<\/li>\n<li>\n<h5>EN81-70<\/h5>\n<\/li>\n<li>\n<h5>Embalaje de tubo individual, cinco tubos en un paquete.<\/h5>\n<\/li>\n<li>\n<h5>Se pueden fabricar a medida alturas y longitudes de cable especiales.<\/h5>\n<\/li>\n<\/ul>","protected":false},"featured_media":1264,"comment_status":"open","ping_status":"closed","template":"","meta":[],"product_cat":[36,49],"product_tag":[],"class_list":{"0":"post-1333","1":"product","2":"type-product","3":"status-publish","4":"has-post-thumbnail","6":"product_cat-universal-elevator-beam-sensor","7":"product_cat-products","9":"first","10":"instock","11":"shipping-taxable","12":"product-type-simple"},"jetpack_sharing_enabled":true,"_links":{"self":[{"href":"https:\/\/elevatorlightcurtains.com\/es\/wp-json\/wp\/v2\/product\/1333","targetHints":{"allow":["GET"]}}],"collection":[{"href":"https:\/\/elevatorlightcurtains.com\/es\/wp-json\/wp\/v2\/product"}],"about":[{"href":"https:\/\/elevatorlightcurtains.com\/es\/wp-json\/wp\/v2\/types\/product"}],"replies":[{"embeddable":true,"href":"https:\/\/elevatorlightcurtains.com\/es\/wp-json\/wp\/v2\/comments?post=1333"}],"wp:featuredmedia":[{"embeddable":true,"href":"https:\/\/elevatorlightcurtains.com\/es\/wp-json\/wp\/v2\/media\/1264"}],"wp:attachment":[{"href":"https:\/\/elevatorlightcurtains.com\/es\/wp-json\/wp\/v2\/media?parent=1333"}],"wp:term":[{"taxonomy":"product_cat","embeddable":true,"href":"https:\/\/elevatorlightcurtains.com\/es\/wp-json\/wp\/v2\/product_cat?post=1333"},{"taxonomy":"product_tag","embeddable":true,"href":"https:\/\/elevatorlightcurtains.com\/es\/wp-json\/wp\/v2\/product_tag?post=1333"}],"curies":[{"name":"wp","href":"https:\/\/api.w.org\/{rel}","templated":true}]}}