{"id":1330,"date":"2024-04-08T05:44:54","date_gmt":"2024-04-08T05:44:54","guid":{"rendered":"https:\/\/elevatorlightcurtains.com\/?post_type=product&#038;p=1330"},"modified":"2025-01-01T07:24:02","modified_gmt":"2025-01-01T07:24:02","slug":"infrared-light-curtain-weco-917y","status":"publish","type":"product","link":"https:\/\/elevatorlightcurtains.com\/es\/producto\/infrared-light-curtain-weco-917y\/","title":{"rendered":"Cortina de luz infrarroja WECO-917Y"},"content":{"rendered":"<p>Ascensor Cortina de luz infrarroja entrada ascensor a trav\u00e9s de sensores de haz WECO-917Y71-AC220<\/p>\n<p><img data-recalc-dims=\"1\" fetchpriority=\"high\" decoding=\"async\" class=\"alignnone wp-image-1305 size-full\" src=\"https:\/\/i0.wp.com\/elevatorlightcurtains.com\/wp-content\/uploads\/2024\/03\/WECO-917Y-scaled.jpg?resize=800%2C2256&#038;ssl=1\" alt=\"WECO-917Y\" width=\"800\" height=\"2256\" srcset=\"https:\/\/i0.wp.com\/elevatorlightcurtains.com\/wp-content\/uploads\/2024\/03\/WECO-917Y-scaled.jpg?w=908&amp;ssl=1 908w, https:\/\/i0.wp.com\/elevatorlightcurtains.com\/wp-content\/uploads\/2024\/03\/WECO-917Y-scaled.jpg?resize=106%2C300&amp;ssl=1 106w, https:\/\/i0.wp.com\/elevatorlightcurtains.com\/wp-content\/uploads\/2024\/03\/WECO-917Y-scaled.jpg?resize=363%2C1024&amp;ssl=1 363w, https:\/\/i0.wp.com\/elevatorlightcurtains.com\/wp-content\/uploads\/2024\/03\/WECO-917Y-scaled.jpg?resize=768%2C2164&amp;ssl=1 768w, https:\/\/i0.wp.com\/elevatorlightcurtains.com\/wp-content\/uploads\/2024\/03\/WECO-917Y-scaled.jpg?resize=545%2C1536&amp;ssl=1 545w\" sizes=\"(max-width: 800px) 100vw, 800px\" \/><\/p>\n<p>&nbsp;<\/p>\n<p>Presentamos la cortina de luz infrarroja WECO-917Y, un dispositivo de seguridad de \u00faltima generaci\u00f3n dise\u00f1ado para proporcionar una protecci\u00f3n y seguridad incomparables en una gran variedad de entornos. Este producto es un ep\u00edtome del avance tecnol\u00f3gico, que combina funcionalidad, fiabilidad y comodidad en un paquete compacto.<\/p>\n<p>La cortina de luz infrarroja WECO-917Y es un dispositivo meticulosamente dise\u00f1ado que utiliza tecnolog\u00eda de infrarrojos para crear una barrera invisible o \"cortina\" de luz. Cuando esta cortina se interrumpe, el dispositivo env\u00eda una se\u00f1al inmediata al sistema conectado, desencadenando una respuesta como la parada de la maquinaria o la activaci\u00f3n de alarmas. Esto lo convierte en una herramienta indispensable para garantizar la seguridad en entornos industriales, espacios comerciales e incluso propiedades residenciales.<\/p>\n<p>Una de las caracter\u00edsticas m\u00e1s destacadas del WECO-917Y es su robusta construcci\u00f3n. Est\u00e1 construido para soportar condiciones duras y un uso riguroso sin comprometer su rendimiento. La carcasa del dispositivo est\u00e1 fabricada con materiales de alta calidad resistentes al desgaste, lo que garantiza su longevidad y durabilidad.<\/p>\n<p>El WECO-917Y tambi\u00e9n cuenta con una impresionante capacidad de detecci\u00f3n. Puede detectar con precisi\u00f3n objetos de diversos tama\u00f1os y formas, lo que lo hace muy vers\u00e1til y adaptable a diferentes necesidades. Tanto si necesita salvaguardar maquinaria pesada en una f\u00e1brica como proteger bienes valiosos en una tienda, este dispositivo puede hacerlo todo.<\/p>\n<p>La facilidad de instalaci\u00f3n es otra caracter\u00edstica clave de la cortina de luz infrarroja WECO-917Y. Viene con una completa gu\u00eda de instalaci\u00f3n que proporciona instrucciones claras para configurar el dispositivo. Esto significa que puede tener su cortina de luz instalada y funcionando en muy poco tiempo, proporcionando protecci\u00f3n inmediata a su espacio.<\/p>\n<p>El WECO-917Y tambi\u00e9n ofrece una integraci\u00f3n perfecta con varios sistemas. Tanto si lo utiliza como parte de un sistema de seguridad o como medida de seguridad para maquinaria industrial, este dispositivo puede conectarse f\u00e1cilmente con su configuraci\u00f3n actual. Esto garantiza un funcionamiento sin problemas y mejora la eficiencia general.<\/p>\n<p>En t\u00e9rminos de rendimiento, la cortina de luz infrarroja WECO-917Y destaca sobre la competencia. Funciona con gran precisi\u00f3n y fiabilidad, lo que garantiza una respuesta r\u00e1pida y precisa cada vez que se traspasa la cortina de luz. Esto le proporciona la tranquilidad de saber que su espacio est\u00e1 bien protegido en todo momento.<\/p>\n<p>En conclusi\u00f3n, la cortina de luz infrarroja WECO-917Y es m\u00e1s que un simple dispositivo de seguridad. Es un testimonio de c\u00f3mo la tecnolog\u00eda puede mejorar la seguridad en nuestra vida cotidiana. Gracias a su robusta construcci\u00f3n, su impresionante capacidad de detecci\u00f3n, su facilidad de instalaci\u00f3n, su perfecta integraci\u00f3n y su rendimiento fiable, es un producto que ofrece una excelente relaci\u00f3n calidad-precio. Tanto si busca mejorar la seguridad en un entorno industrial como reforzar la seguridad en un espacio comercial, WECO-917Y es un producto en el que puede confiar.<\/p>","protected":false},"excerpt":{"rendered":"<p>&nbsp;<\/p>\n<ul>\n<li>\n<h5>94\/154 haces de 17\/32 diodos<\/h5>\n<\/li>\n<li>\n<h5>Voltaje: AC220V, AC110V, DC24V<\/h5>\n<\/li>\n<li>\n<h5>Altura est\u00e1ndar de 2000 mm<\/h5>\n<\/li>\n<li>\n<h5>Alcance de detecci\u00f3n de 4000 mm<\/h5>\n<\/li>\n<li>\n<h5>Grado de protecci\u00f3n IP54<\/h5>\n<\/li>\n<li>\n<h5>EN81-70<\/h5>\n<\/li>\n<li>\n<h5>Embalaje de tubo individual, cinco tubos en un paquete.<\/h5>\n<\/li>\n<li>\n<h5>Se pueden fabricar a medida alturas y longitudes de cable especiales.<\/h5>\n<\/li>\n<\/ul>","protected":false},"featured_media":1263,"comment_status":"open","ping_status":"closed","template":"","meta":[],"product_cat":[36,49],"product_tag":[],"class_list":{"0":"post-1330","1":"product","2":"type-product","3":"status-publish","4":"has-post-thumbnail","6":"product_cat-universal-elevator-beam-sensor","7":"product_cat-products","9":"first","10":"instock","11":"shipping-taxable","12":"product-type-simple"},"jetpack_sharing_enabled":true,"_links":{"self":[{"href":"https:\/\/elevatorlightcurtains.com\/es\/wp-json\/wp\/v2\/product\/1330","targetHints":{"allow":["GET"]}}],"collection":[{"href":"https:\/\/elevatorlightcurtains.com\/es\/wp-json\/wp\/v2\/product"}],"about":[{"href":"https:\/\/elevatorlightcurtains.com\/es\/wp-json\/wp\/v2\/types\/product"}],"replies":[{"embeddable":true,"href":"https:\/\/elevatorlightcurtains.com\/es\/wp-json\/wp\/v2\/comments?post=1330"}],"wp:featuredmedia":[{"embeddable":true,"href":"https:\/\/elevatorlightcurtains.com\/es\/wp-json\/wp\/v2\/media\/1263"}],"wp:attachment":[{"href":"https:\/\/elevatorlightcurtains.com\/es\/wp-json\/wp\/v2\/media?parent=1330"}],"wp:term":[{"taxonomy":"product_cat","embeddable":true,"href":"https:\/\/elevatorlightcurtains.com\/es\/wp-json\/wp\/v2\/product_cat?post=1330"},{"taxonomy":"product_tag","embeddable":true,"href":"https:\/\/elevatorlightcurtains.com\/es\/wp-json\/wp\/v2\/product_tag?post=1330"}],"curies":[{"name":"wp","href":"https:\/\/api.w.org\/{rel}","templated":true}]}}