{"id":1327,"date":"2024-03-27T08:35:04","date_gmt":"2024-03-27T08:35:04","guid":{"rendered":"https:\/\/elevatorlightcurtains.com\/?post_type=product&#038;p=1327"},"modified":"2025-01-01T07:24:17","modified_gmt":"2025-01-01T07:24:17","slug":"lift-cargo-sensor-weco-917v","status":"publish","type":"product","link":"https:\/\/elevatorlightcurtains.com\/es\/producto\/lift-cargo-sensor-weco-917v\/","title":{"rendered":"sensor del haz de carga elevador WECO-917V"},"content":{"rendered":"<p>Cortina \u00f3ptica delgada de 9 mm de espesor emisor receptor 154 haces WECO-917Q71-AC220<\/p>\n<p><img data-recalc-dims=\"1\" fetchpriority=\"high\" decoding=\"async\" class=\"alignnone wp-image-1304 size-full\" src=\"https:\/\/i0.wp.com\/elevatorlightcurtains.com\/wp-content\/uploads\/2024\/03\/WECO-917V-scaled.jpg?resize=800%2C2256&#038;ssl=1\" alt=\"\" width=\"800\" height=\"2256\" srcset=\"https:\/\/i0.wp.com\/elevatorlightcurtains.com\/wp-content\/uploads\/2024\/03\/WECO-917V-scaled.jpg?w=908&amp;ssl=1 908w, https:\/\/i0.wp.com\/elevatorlightcurtains.com\/wp-content\/uploads\/2024\/03\/WECO-917V-scaled.jpg?resize=106%2C300&amp;ssl=1 106w, https:\/\/i0.wp.com\/elevatorlightcurtains.com\/wp-content\/uploads\/2024\/03\/WECO-917V-scaled.jpg?resize=363%2C1024&amp;ssl=1 363w, https:\/\/i0.wp.com\/elevatorlightcurtains.com\/wp-content\/uploads\/2024\/03\/WECO-917V-scaled.jpg?resize=768%2C2164&amp;ssl=1 768w, https:\/\/i0.wp.com\/elevatorlightcurtains.com\/wp-content\/uploads\/2024\/03\/WECO-917V-scaled.jpg?resize=545%2C1536&amp;ssl=1 545w, https:\/\/i0.wp.com\/elevatorlightcurtains.com\/wp-content\/uploads\/2024\/03\/WECO-917V-scaled.jpg?resize=600%2C1691&amp;ssl=1 600w\" sizes=\"(max-width: 800px) 100vw, 800px\" \/><\/p>\n<p>Presentamos el Sensor de Carga Elevada WECO-917V, un producto de \u00faltima generaci\u00f3n dise\u00f1ado para revolucionar la forma de gestionar sus operaciones de carga. Este innovador sensor es un testimonio de los avances en tecnolog\u00eda e ingenier\u00eda, ofreciendo un nivel de precisi\u00f3n y fiabilidad sin precedentes.<\/p>\n<p>El sensor de carga para ascensores WECO-917V se ha dise\u00f1ado espec\u00edficamente para supervisar y gestionar las cargas de los ascensores, garantizando un rendimiento y una seguridad \u00f3ptimos. Es una herramienta esencial para cualquier empresa que dependa de los ascensores para el transporte de mercanc\u00edas o materiales. Con su avanzada tecnolog\u00eda de detecci\u00f3n, puede detectar y medir con precisi\u00f3n el peso de la carga, proporcionando datos en tiempo real que pueden ser cruciales para operaciones eficientes.<\/p>\n<p>Una de las caracter\u00edsticas m\u00e1s destacadas del sensor de carga para ascensores WECO-917V es su reducido grosor de tan s\u00f3lo 9 mm. Este elegante dise\u00f1o no s\u00f3lo facilita su instalaci\u00f3n en cualquier sistema de ascensor, sino que tambi\u00e9n garantiza una intrusi\u00f3n m\u00ednima en el espacio de carga. A pesar de su perfil delgado, este sensor no compromete la durabilidad ni el rendimiento. Est\u00e1 fabricado con materiales de alta calidad capaces de soportar cargas pesadas y condiciones adversas, lo que garantiza un rendimiento duradero.<\/p>\n<p>El sensor de carga elevador WECO-917V est\u00e1 equipado con funciones avanzadas que lo convierten en una opci\u00f3n fiable para la gesti\u00f3n de cargas. Ofrece una alta sensibilidad y precisi\u00f3n, garantizando mediciones de peso precisas en todo momento. El sensor tambi\u00e9n tiene un amplio rango de temperatura de funcionamiento, por lo que es adecuado para su uso en diversos entornos.<\/p>\n<p>Adem\u00e1s, este sensor de carga elevador cuenta con una interfaz f\u00e1cil de usar que permite una configuraci\u00f3n y un funcionamiento sencillos. Proporciona lecturas claras y precisas, lo que permite a los operadores tomar decisiones informadas sobre sus cargas de forma r\u00e1pida y eficiente.<\/p>\n<p>Adem\u00e1s de su funcionalidad superior, el sensor de carga para ascensores WECO-917V tambi\u00e9n prioriza la seguridad. Ayuda a evitar la sobrecarga de los ascensores proporcionando datos de peso precisos, reduciendo as\u00ed el riesgo de accidentes o da\u00f1os en el sistema de elevaci\u00f3n.<\/p>\n<p>En conclusi\u00f3n, el sensor de carga para ascensores WECO-917V, con sus 9 mm de grosor, es una potente herramienta que combina tecnolog\u00eda avanzada, dise\u00f1o robusto y facilidad de uso. Es un activo inestimable para cualquier empresa que busque mejorar la eficiencia y la seguridad de sus operaciones de elevaci\u00f3n. Experimente la diferencia hoy mismo con el Sensor de Carga WECO-917V.<\/p>","protected":false},"excerpt":{"rendered":"<p>&nbsp;<\/p>\n<ul>\n<li>\n<h5>94\/154 haces de 17\/32 diodos<\/h5>\n<\/li>\n<li>\n<h5>Voltaje: AC220V, AC110V, DC24V<\/h5>\n<\/li>\n<li>\n<h5>Altura est\u00e1ndar de 2000 mm<\/h5>\n<\/li>\n<li>\n<h5>Alcance de detecci\u00f3n de 4000 mm<\/h5>\n<\/li>\n<li>\n<h5>Grado de protecci\u00f3n IP54<\/h5>\n<\/li>\n<li>\n<h5>EN81-70<\/h5>\n<\/li>\n<li>\n<h5>Embalaje de tubo individual, cinco tubos en un paquete.<\/h5>\n<\/li>\n<li>\n<h5>Se pueden fabricar a medida alturas y longitudes de cable especiales.<\/h5>\n<\/li>\n<\/ul>","protected":false},"featured_media":1262,"comment_status":"open","ping_status":"closed","template":"","meta":[],"product_cat":[36,49],"product_tag":[],"class_list":{"0":"post-1327","1":"product","2":"type-product","3":"status-publish","4":"has-post-thumbnail","6":"product_cat-universal-elevator-beam-sensor","7":"product_cat-products","9":"first","10":"instock","11":"shipping-taxable","12":"product-type-simple"},"jetpack_sharing_enabled":true,"_links":{"self":[{"href":"https:\/\/elevatorlightcurtains.com\/es\/wp-json\/wp\/v2\/product\/1327","targetHints":{"allow":["GET"]}}],"collection":[{"href":"https:\/\/elevatorlightcurtains.com\/es\/wp-json\/wp\/v2\/product"}],"about":[{"href":"https:\/\/elevatorlightcurtains.com\/es\/wp-json\/wp\/v2\/types\/product"}],"replies":[{"embeddable":true,"href":"https:\/\/elevatorlightcurtains.com\/es\/wp-json\/wp\/v2\/comments?post=1327"}],"wp:featuredmedia":[{"embeddable":true,"href":"https:\/\/elevatorlightcurtains.com\/es\/wp-json\/wp\/v2\/media\/1262"}],"wp:attachment":[{"href":"https:\/\/elevatorlightcurtains.com\/es\/wp-json\/wp\/v2\/media?parent=1327"}],"wp:term":[{"taxonomy":"product_cat","embeddable":true,"href":"https:\/\/elevatorlightcurtains.com\/es\/wp-json\/wp\/v2\/product_cat?post=1327"},{"taxonomy":"product_tag","embeddable":true,"href":"https:\/\/elevatorlightcurtains.com\/es\/wp-json\/wp\/v2\/product_tag?post=1327"}],"curies":[{"name":"wp","href":"https:\/\/api.w.org\/{rel}","templated":true}]}}