{"id":1325,"date":"2024-03-27T08:03:22","date_gmt":"2024-03-27T08:03:22","guid":{"rendered":"https:\/\/elevatorlightcurtains.com\/?post_type=product&#038;p=1325"},"modified":"2025-01-01T07:24:53","modified_gmt":"2025-01-01T07:24:53","slug":"door-motion-detector-weco-917t","status":"publish","type":"product","link":"https:\/\/elevatorlightcurtains.com\/es\/producto\/door-motion-detector-weco-917t\/","title":{"rendered":"detector de movimiento de puerta WECO-917T"},"content":{"rendered":"<p>WECO China fabricante cortinas de seguridad ascensor piezas de repuesto WECO-917T71-AC220<\/p>\n<p><img data-recalc-dims=\"1\" fetchpriority=\"high\" decoding=\"async\" class=\"alignnone wp-image-1302 size-full\" src=\"https:\/\/i0.wp.com\/elevatorlightcurtains.com\/wp-content\/uploads\/2024\/03\/WECO-917T-scaled.jpg?resize=800%2C2233&#038;ssl=1\" alt=\"\" width=\"800\" height=\"2233\" srcset=\"https:\/\/i0.wp.com\/elevatorlightcurtains.com\/wp-content\/uploads\/2024\/03\/WECO-917T-scaled.jpg?w=917&amp;ssl=1 917w, https:\/\/i0.wp.com\/elevatorlightcurtains.com\/wp-content\/uploads\/2024\/03\/WECO-917T-scaled.jpg?resize=107%2C300&amp;ssl=1 107w, https:\/\/i0.wp.com\/elevatorlightcurtains.com\/wp-content\/uploads\/2024\/03\/WECO-917T-scaled.jpg?resize=367%2C1024&amp;ssl=1 367w, https:\/\/i0.wp.com\/elevatorlightcurtains.com\/wp-content\/uploads\/2024\/03\/WECO-917T-scaled.jpg?resize=768%2C2144&amp;ssl=1 768w, https:\/\/i0.wp.com\/elevatorlightcurtains.com\/wp-content\/uploads\/2024\/03\/WECO-917T-scaled.jpg?resize=550%2C1536&amp;ssl=1 550w, https:\/\/i0.wp.com\/elevatorlightcurtains.com\/wp-content\/uploads\/2024\/03\/WECO-917T-scaled.jpg?resize=734%2C2048&amp;ssl=1 734w, https:\/\/i0.wp.com\/elevatorlightcurtains.com\/wp-content\/uploads\/2024\/03\/WECO-917T-scaled.jpg?resize=600%2C1675&amp;ssl=1 600w\" sizes=\"(max-width: 800px) 100vw, 800px\" \/><\/p>\n<p>Presentamos el Detector de Movimiento de Puerta WECO-917T, una soluci\u00f3n de seguridad de \u00faltima generaci\u00f3n dise\u00f1ada para proporcionarle tranquilidad y una mayor seguridad. Este producto es un testimonio de los avances en la tecnolog\u00eda moderna, que combina la eficiencia, fiabilidad y comodidad en un paquete compacto.<\/p>\n<p>El Detector de Movimiento de Puerta WECO-917T es un dispositivo innovador que utiliza tecnolog\u00eda avanzada de detecci\u00f3n de movimiento para vigilar y asegurar sus instalaciones. Tanto si desea proteger su hogar como su negocio, este producto ofrece una soluci\u00f3n eficaz que puede adaptarse a sus necesidades espec\u00edficas.<\/p>\n<p>Una de las caracter\u00edsticas destacadas del WECO-917T es su similitud de perfil con la dimensi\u00f3n CEDES. Esto significa que puede integrarse perfectamente en su sistema de seguridad existente sin necesidad de modificaciones o ajustes importantes. La similitud de dise\u00f1o tambi\u00e9n asegura que el WECO-917T mantenga una est\u00e9tica coherente con otros dispositivos, contribuyendo a un aspecto cohesivo y profesional.<\/p>\n<p>El Detector de Movimiento de Puerta WECO-917T puede instalarse delante o al lado de su puerta, ofreciendo flexibilidad en funci\u00f3n de sus necesidades y preferencias. Esta versatilidad permite una cobertura y detecci\u00f3n \u00f3ptimas, garantizando que ning\u00fan movimiento pase desapercibido.<\/p>\n<p>A pesar de sus avanzadas caracter\u00edsticas, el WECO-917T es incre\u00edblemente f\u00e1cil de usar. Ha sido dise\u00f1ado pensando en la simplicidad, asegurando que pueda ser manejado f\u00e1cilmente incluso por aquellos que no son expertos en tecnolog\u00eda. El proceso de instalaci\u00f3n es sencillo y sin complicaciones, lo que le permitir\u00e1 configurar y empezar a utilizar el dispositivo en un abrir y cerrar de ojos.<\/p>\n<p>En t\u00e9rminos de rendimiento, el Detector de Movimiento de Puerta WECO-917T no decepciona. Presume de una alta sensibilidad y precisi\u00f3n, capaz de detectar incluso los movimientos m\u00e1s leves con precisi\u00f3n. Esto garantiza que se le avise r\u00e1pidamente en caso de cualquier actividad sospechosa, permiti\u00e9ndole tomar medidas inmediatas.<\/p>\n<p>El WECO-917T tambi\u00e9n destaca por su durabilidad y longevidad. Se ha fabricado para soportar diversas condiciones, lo que garantiza que siga funcionando de forma \u00f3ptima incluso en condiciones meteorol\u00f3gicas adversas u otros entornos dif\u00edciles. Esto lo convierte en una soluci\u00f3n fiable y rentable que ofrece un servicio a largo plazo.<\/p>\n<p>En conclusi\u00f3n, el Detector de Movimiento de Puerta WECO-917T es un dispositivo de seguridad de alta calidad, vers\u00e1til y fiable que ofrece una soluci\u00f3n eficaz para sus necesidades de seguridad. Su similitud con la dimensi\u00f3n CEDES, junto con su flexibilidad en la instalaci\u00f3n y su alto rendimiento, lo convierten en un digno complemento para cualquier sistema de seguridad. Invierta hoy mismo en el Detector de Movimiento de Puerta WECO-917T y experimente una mayor tranquilidad sabiendo que sus instalaciones est\u00e1n bien protegidas.<\/p>","protected":false},"excerpt":{"rendered":"<p>&nbsp;<\/p>\n<ul>\n<li>\n<h5>94\/154 haces de 17\/32 diodos<\/h5>\n<\/li>\n<li>\n<h5>Voltaje: AC220V, AC110V, DC24V<\/h5>\n<\/li>\n<li>\n<h5>Altura est\u00e1ndar de 2000 mm<\/h5>\n<\/li>\n<li>\n<h5>Alcance de detecci\u00f3n de 4000 mm<\/h5>\n<\/li>\n<li>\n<h5>Grado de protecci\u00f3n IP54<\/h5>\n<\/li>\n<li>\n<h5>EN81-70<\/h5>\n<\/li>\n<li>\n<h5>Embalaje de tubo individual, cinco tubos en un paquete.<\/h5>\n<\/li>\n<li>\n<h5>Se pueden fabricar a medida alturas y longitudes de cable especiales.<\/h5>\n<\/li>\n<\/ul>","protected":false},"featured_media":1261,"comment_status":"open","ping_status":"closed","template":"","meta":[],"product_cat":[36,49],"product_tag":[],"class_list":{"0":"post-1325","1":"product","2":"type-product","3":"status-publish","4":"has-post-thumbnail","6":"product_cat-universal-elevator-beam-sensor","7":"product_cat-products","9":"first","10":"instock","11":"shipping-taxable","12":"product-type-simple"},"jetpack_sharing_enabled":true,"_links":{"self":[{"href":"https:\/\/elevatorlightcurtains.com\/es\/wp-json\/wp\/v2\/product\/1325","targetHints":{"allow":["GET"]}}],"collection":[{"href":"https:\/\/elevatorlightcurtains.com\/es\/wp-json\/wp\/v2\/product"}],"about":[{"href":"https:\/\/elevatorlightcurtains.com\/es\/wp-json\/wp\/v2\/types\/product"}],"replies":[{"embeddable":true,"href":"https:\/\/elevatorlightcurtains.com\/es\/wp-json\/wp\/v2\/comments?post=1325"}],"wp:featuredmedia":[{"embeddable":true,"href":"https:\/\/elevatorlightcurtains.com\/es\/wp-json\/wp\/v2\/media\/1261"}],"wp:attachment":[{"href":"https:\/\/elevatorlightcurtains.com\/es\/wp-json\/wp\/v2\/media?parent=1325"}],"wp:term":[{"taxonomy":"product_cat","embeddable":true,"href":"https:\/\/elevatorlightcurtains.com\/es\/wp-json\/wp\/v2\/product_cat?post=1325"},{"taxonomy":"product_tag","embeddable":true,"href":"https:\/\/elevatorlightcurtains.com\/es\/wp-json\/wp\/v2\/product_tag?post=1325"}],"curies":[{"name":"wp","href":"https:\/\/api.w.org\/{rel}","templated":true}]}}