{"id":1324,"date":"2024-03-27T07:28:59","date_gmt":"2024-03-27T07:28:59","guid":{"rendered":"https:\/\/elevatorlightcurtains.com\/?post_type=product&#038;p=1324"},"modified":"2025-01-01T07:25:12","modified_gmt":"2025-01-01T07:25:12","slug":"lift-door-sensor-weco-917q","status":"publish","type":"product","link":"https:\/\/elevatorlightcurtains.com\/es\/producto\/lift-door-sensor-weco-917q\/","title":{"rendered":"sensor de puerta levadiza WECO-917Q"},"content":{"rendered":"<p>WECO supply industries ascensor nudging br sensor WECO-917Q71-AC220<\/p>\n<p><img data-recalc-dims=\"1\" fetchpriority=\"high\" decoding=\"async\" class=\"alignnone wp-image-1299 size-full\" src=\"https:\/\/i0.wp.com\/elevatorlightcurtains.com\/wp-content\/uploads\/2024\/03\/WECO-917Q-scaled.jpg?resize=800%2C2233&#038;ssl=1\" alt=\"\" width=\"800\" height=\"2233\" srcset=\"https:\/\/i0.wp.com\/elevatorlightcurtains.com\/wp-content\/uploads\/2024\/03\/WECO-917Q-scaled.jpg?w=917&amp;ssl=1 917w, https:\/\/i0.wp.com\/elevatorlightcurtains.com\/wp-content\/uploads\/2024\/03\/WECO-917Q-scaled.jpg?resize=107%2C300&amp;ssl=1 107w, https:\/\/i0.wp.com\/elevatorlightcurtains.com\/wp-content\/uploads\/2024\/03\/WECO-917Q-scaled.jpg?resize=367%2C1024&amp;ssl=1 367w, https:\/\/i0.wp.com\/elevatorlightcurtains.com\/wp-content\/uploads\/2024\/03\/WECO-917Q-scaled.jpg?resize=768%2C2144&amp;ssl=1 768w, https:\/\/i0.wp.com\/elevatorlightcurtains.com\/wp-content\/uploads\/2024\/03\/WECO-917Q-scaled.jpg?resize=550%2C1536&amp;ssl=1 550w, https:\/\/i0.wp.com\/elevatorlightcurtains.com\/wp-content\/uploads\/2024\/03\/WECO-917Q-scaled.jpg?resize=734%2C2048&amp;ssl=1 734w, https:\/\/i0.wp.com\/elevatorlightcurtains.com\/wp-content\/uploads\/2024\/03\/WECO-917Q-scaled.jpg?resize=600%2C1675&amp;ssl=1 600w\" sizes=\"(max-width: 800px) 100vw, 800px\" \/><\/p>\n<p>El sensor de puerta de ascensor WECO-917Q es un producto de \u00faltima generaci\u00f3n y alto rendimiento dise\u00f1ado para mejorar la seguridad y la eficiencia de las operaciones del ascensor. Este avanzado sistema de sensores es un componente esencial de cualquier ascensor moderno, ya que ofrece una combinaci\u00f3n perfecta de funcionalidad, fiabilidad y seguridad para el usuario.<\/p>\n<p>El Sensor de Puerta de Ascensor WECO-917Q est\u00e1 dise\u00f1ado con precisi\u00f3n para detectar cualquier obstrucci\u00f3n que pueda interferir con el cierre de las puertas del ascensor. Utiliza una matriz de 32 diodos infrarrojos que crean una densa cortina de luz a trav\u00e9s de la abertura de la puerta. Esta cortina detecta cualquier objeto o persona en su camino, haciendo que las puertas se vuelvan a abrir inmediatamente, evitando as\u00ed accidentes y garantizando la seguridad de los pasajeros.<\/p>\n<p>Este sensor de puerta de ascensor es compatible con una amplia gama de modelos y marcas de ascensores. Su dise\u00f1o universal permite una f\u00e1cil instalaci\u00f3n e integraci\u00f3n en los sistemas de ascensores existentes. El sensor de puerta de ascensor WECO-917Q funciona eficazmente en diversas condiciones ambientales, por lo que es adecuado para su uso tanto en edificios comerciales como residenciales.<\/p>\n<p>Una de las caracter\u00edsticas m\u00e1s destacadas del sensor de puerta levadiza WECO-917Q es su robusta construcci\u00f3n. Est\u00e1 construido para soportar un uso intensivo y resistir el desgaste, garantizando un rendimiento duradero. La duradera carcasa del sensor tambi\u00e9n lo protege del polvo, la humedad y otros factores ambientales que podr\u00edan afectar a su funcionamiento.<\/p>\n<p>El sensor de puerta levadiza WECO-917Q tambi\u00e9n cuenta con impresionantes ajustes de sensibilidad. Puede detectar hasta los obst\u00e1culos m\u00e1s peque\u00f1os, incluidos objetos finos como bastones o paraguas. Este alto nivel de sensibilidad garantiza que todos los pasajeros, incluidos aquellos con ayudas para la movilidad o ni\u00f1os peque\u00f1os, puedan utilizar el ascensor de forma segura.<\/p>\n<p>En t\u00e9rminos de consumo de energ\u00eda, el sensor de puerta de ascensor WECO-917Q es altamente eficiente. Funciona con baja tensi\u00f3n, lo que no solo reduce los costes energ\u00e9ticos, sino que tambi\u00e9n contribuye a la sostenibilidad general de su edificio.<\/p>\n<p>El elegante dise\u00f1o del sensor no compromete su funcionalidad. Es compacto y discreto, por lo que se integra perfectamente en la est\u00e9tica del ascensor. A pesar de su peque\u00f1o tama\u00f1o, ofrece un potente rendimiento y funciones de seguridad fiables.<\/p>\n<p>En conclusi\u00f3n, el Sensor de Puerta de Ascensor WECO-917Q es un componente crucial para cualquier sistema de ascensor. Combina tecnolog\u00eda avanzada, construcci\u00f3n robusta y alta sensibilidad para proporcionar una experiencia de ascensor segura y eficiente. Tanto si est\u00e1 instalando un nuevo sistema de ascensor como actualizando uno existente, el Sensor de Puerta de Ascensor WECO-917Q es una elecci\u00f3n fiable que garantiza seguridad y eficiencia.<\/p>","protected":false},"excerpt":{"rendered":"<p>&nbsp;<\/p>\n<ul>\n<li>\n<h5>94\/154 haces de 17\/32 diodos<\/h5>\n<\/li>\n<li>\n<h5>Voltaje: AC220V, AC110V, DC24V<\/h5>\n<\/li>\n<li>\n<h5>Altura est\u00e1ndar de 2000 mm<\/h5>\n<\/li>\n<li>\n<h5>Alcance de detecci\u00f3n de 4000 mm<\/h5>\n<\/li>\n<li>\n<h5>Grado de protecci\u00f3n IP54<\/h5>\n<\/li>\n<li>\n<h5>EN81-70<\/h5>\n<\/li>\n<li>\n<h5>Embalaje de tubo individual, cinco tubos en un paquete.<\/h5>\n<\/li>\n<li>\n<h5>Se pueden fabricar a medida alturas y longitudes de cable especiales.<\/h5>\n<\/li>\n<\/ul>","protected":false},"featured_media":1259,"comment_status":"open","ping_status":"closed","template":"","meta":[],"product_cat":[36,49],"product_tag":[],"class_list":{"0":"post-1324","1":"product","2":"type-product","3":"status-publish","4":"has-post-thumbnail","6":"product_cat-universal-elevator-beam-sensor","7":"product_cat-products","9":"first","10":"instock","11":"shipping-taxable","12":"product-type-simple"},"jetpack_sharing_enabled":true,"_links":{"self":[{"href":"https:\/\/elevatorlightcurtains.com\/es\/wp-json\/wp\/v2\/product\/1324","targetHints":{"allow":["GET"]}}],"collection":[{"href":"https:\/\/elevatorlightcurtains.com\/es\/wp-json\/wp\/v2\/product"}],"about":[{"href":"https:\/\/elevatorlightcurtains.com\/es\/wp-json\/wp\/v2\/types\/product"}],"replies":[{"embeddable":true,"href":"https:\/\/elevatorlightcurtains.com\/es\/wp-json\/wp\/v2\/comments?post=1324"}],"wp:featuredmedia":[{"embeddable":true,"href":"https:\/\/elevatorlightcurtains.com\/es\/wp-json\/wp\/v2\/media\/1259"}],"wp:attachment":[{"href":"https:\/\/elevatorlightcurtains.com\/es\/wp-json\/wp\/v2\/media?parent=1324"}],"wp:term":[{"taxonomy":"product_cat","embeddable":true,"href":"https:\/\/elevatorlightcurtains.com\/es\/wp-json\/wp\/v2\/product_cat?post=1324"},{"taxonomy":"product_tag","embeddable":true,"href":"https:\/\/elevatorlightcurtains.com\/es\/wp-json\/wp\/v2\/product_tag?post=1324"}],"curies":[{"name":"wp","href":"https:\/\/api.w.org\/{rel}","templated":true}]}}