{"id":1321,"date":"2024-03-27T07:06:18","date_gmt":"2024-03-27T07:06:18","guid":{"rendered":"https:\/\/elevatorlightcurtains.com\/?post_type=product&#038;p=1321"},"modified":"2025-01-01T07:25:23","modified_gmt":"2025-01-01T07:25:23","slug":"photo-beam-sensor-weco-917p","status":"publish","type":"product","link":"https:\/\/elevatorlightcurtains.com\/es\/producto\/photo-beam-sensor-weco-917p\/","title":{"rendered":"sensor fotoel\u00e9ctrico WECO-917P"},"content":{"rendered":"<p>WECO-917P71-AC220 Sensor fotoel\u00e9ctrico de haz extensible para la protecci\u00f3n de la seguridad de las puertas de ascensores<\/p>\n<p><img data-recalc-dims=\"1\" fetchpriority=\"high\" decoding=\"async\" class=\"alignnone wp-image-1298 size-full\" src=\"https:\/\/i0.wp.com\/elevatorlightcurtains.com\/wp-content\/uploads\/2024\/03\/WECO-917P-scaled.jpg?resize=800%2C2233&#038;ssl=1\" alt=\"\" width=\"800\" height=\"2233\" srcset=\"https:\/\/i0.wp.com\/elevatorlightcurtains.com\/wp-content\/uploads\/2024\/03\/WECO-917P-scaled.jpg?w=917&amp;ssl=1 917w, https:\/\/i0.wp.com\/elevatorlightcurtains.com\/wp-content\/uploads\/2024\/03\/WECO-917P-scaled.jpg?resize=107%2C300&amp;ssl=1 107w, https:\/\/i0.wp.com\/elevatorlightcurtains.com\/wp-content\/uploads\/2024\/03\/WECO-917P-scaled.jpg?resize=367%2C1024&amp;ssl=1 367w, https:\/\/i0.wp.com\/elevatorlightcurtains.com\/wp-content\/uploads\/2024\/03\/WECO-917P-scaled.jpg?resize=768%2C2144&amp;ssl=1 768w, https:\/\/i0.wp.com\/elevatorlightcurtains.com\/wp-content\/uploads\/2024\/03\/WECO-917P-scaled.jpg?resize=550%2C1536&amp;ssl=1 550w, https:\/\/i0.wp.com\/elevatorlightcurtains.com\/wp-content\/uploads\/2024\/03\/WECO-917P-scaled.jpg?resize=734%2C2048&amp;ssl=1 734w, https:\/\/i0.wp.com\/elevatorlightcurtains.com\/wp-content\/uploads\/2024\/03\/WECO-917P-scaled.jpg?resize=600%2C1675&amp;ssl=1 600w\" sizes=\"(max-width: 800px) 100vw, 800px\" \/><\/p>\n<p>&nbsp;<\/p>\n<p>El sensor fotoel\u00e9ctrico WECO-917P es un dispositivo de \u00faltima generaci\u00f3n y alto rendimiento dise\u00f1ado para mejorar la seguridad y la eficiencia de su sistema de ascensores. Este producto es un testimonio de los avances tecnol\u00f3gicos en el campo de la seguridad en ascensores, ofreciendo un nivel de protecci\u00f3n sin precedentes tanto para los pasajeros como para el personal de mantenimiento.<\/p>\n<p>El sensor fotoel\u00e9ctrico WECO-917P est\u00e1 equipado con una serie de 17 haces infrarrojos que abarcan toda la altura de la puerta del ascensor. Estos haces trabajan al un\u00edsono para detectar cualquier objeto o persona en la trayectoria de las puertas que se cierran, evitando as\u00ed accidentes y garantizando un funcionamiento sin problemas. La avanzada tecnolog\u00eda del sensor le permite detectar incluso los obst\u00e1culos m\u00e1s peque\u00f1os, lo que lo convierte en un elemento de seguridad esencial para cualquier sistema de ascensor.<\/p>\n<p>Una de las caracter\u00edsticas m\u00e1s destacadas del sensor fotoel\u00e9ctrico WECO-917P es su robusto dise\u00f1o. El sensor est\u00e1 alojado en una carcasa duradera que lo protege del polvo, la humedad y otros factores ambientales que podr\u00edan interferir en su funcionamiento. Esto hace que sea adecuado para su uso en una amplia gama de entornos, desde edificios residenciales hasta establecimientos comerciales e instalaciones industriales.<\/p>\n<p>El sensor fotoel\u00e9ctrico WECO-917P tambi\u00e9n es f\u00e1cil de instalar y mantener. Viene con una completa gu\u00eda de instalaci\u00f3n que proporciona instrucciones paso a paso, por lo que es f\u00e1cil de instalar incluso para aquellos con conocimientos t\u00e9cnicos limitados. Adem\u00e1s, su dise\u00f1o modular permite la sustituci\u00f3n r\u00e1pida y sencilla de componentes individuales, lo que reduce el tiempo de inactividad y los costes de mantenimiento.<\/p>\n<p>En t\u00e9rminos de compatibilidad, el sensor fotoel\u00e9ctrico WECO-917P funciona perfectamente con la mayor\u00eda de los sistemas de ascensores. Funciona con un rango de voltaje universal, lo que lo hace adecuado para su uso en diferentes pa\u00edses y regiones. Adem\u00e1s, cumple con todas las normas de seguridad pertinentes, lo que garantiza que su sistema de ascensor siga cumpliendo con la normativa local.<\/p>\n<p>En conclusi\u00f3n, el sensor fotoel\u00e9ctrico WECO-917P es una herramienta indispensable para mejorar la seguridad de los ascensores. Su tecnolog\u00eda avanzada, dise\u00f1o robusto y facilidad de instalaci\u00f3n lo convierten en una soluci\u00f3n fiable y rentable para prevenir accidentes y garantizar un funcionamiento sin problemas. Si usted es el propietario de un edificio, un administrador de instalaciones o un profesional de mantenimiento de ascensores, el sensor fotoel\u00e9ctrico WECO-917P es una valiosa adici\u00f3n a su sistema de ascensores.<\/p>","protected":false},"excerpt":{"rendered":"<p>&nbsp;<\/p>\n<ul>\n<li>\n<h5>94\/154 haces de 17\/32 diodos<\/h5>\n<\/li>\n<li>\n<h5>Voltaje: AC220V, AC110V, DC24V<\/h5>\n<\/li>\n<li>\n<h5>Altura est\u00e1ndar de 2000 mm<\/h5>\n<\/li>\n<li>\n<h5>Alcance de detecci\u00f3n de 4000 mm<\/h5>\n<\/li>\n<li>\n<h5>Clasificaci\u00f3n IP54\/67<\/h5>\n<\/li>\n<li>\n<h5>EN81-70<\/h5>\n<\/li>\n<li>\n<h5>Embalaje de tubo individual, cinco tubos en un paquete.<\/h5>\n<\/li>\n<li>\n<h5>Se pueden fabricar a medida alturas y longitudes de cable especiales.<\/h5>\n<\/li>\n<\/ul>","protected":false},"featured_media":1258,"comment_status":"open","ping_status":"closed","template":"","meta":[],"product_cat":[36,49],"product_tag":[],"class_list":{"0":"post-1321","1":"product","2":"type-product","3":"status-publish","4":"has-post-thumbnail","6":"product_cat-universal-elevator-beam-sensor","7":"product_cat-products","9":"first","10":"instock","11":"shipping-taxable","12":"product-type-simple"},"jetpack_sharing_enabled":true,"_links":{"self":[{"href":"https:\/\/elevatorlightcurtains.com\/es\/wp-json\/wp\/v2\/product\/1321","targetHints":{"allow":["GET"]}}],"collection":[{"href":"https:\/\/elevatorlightcurtains.com\/es\/wp-json\/wp\/v2\/product"}],"about":[{"href":"https:\/\/elevatorlightcurtains.com\/es\/wp-json\/wp\/v2\/types\/product"}],"replies":[{"embeddable":true,"href":"https:\/\/elevatorlightcurtains.com\/es\/wp-json\/wp\/v2\/comments?post=1321"}],"wp:featuredmedia":[{"embeddable":true,"href":"https:\/\/elevatorlightcurtains.com\/es\/wp-json\/wp\/v2\/media\/1258"}],"wp:attachment":[{"href":"https:\/\/elevatorlightcurtains.com\/es\/wp-json\/wp\/v2\/media?parent=1321"}],"wp:term":[{"taxonomy":"product_cat","embeddable":true,"href":"https:\/\/elevatorlightcurtains.com\/es\/wp-json\/wp\/v2\/product_cat?post=1321"},{"taxonomy":"product_tag","embeddable":true,"href":"https:\/\/elevatorlightcurtains.com\/es\/wp-json\/wp\/v2\/product_tag?post=1321"}],"curies":[{"name":"wp","href":"https:\/\/api.w.org\/{rel}","templated":true}]}}