{"id":1318,"date":"2024-03-25T08:42:00","date_gmt":"2024-03-25T08:42:00","guid":{"rendered":"https:\/\/elevatorlightcurtains.com\/?post_type=product&#038;p=1318"},"modified":"2025-01-01T07:25:34","modified_gmt":"2025-01-01T07:25:34","slug":"elevator-entrance-sensor-weco-917n","status":"publish","type":"product","link":"https:\/\/elevatorlightcurtains.com\/es\/producto\/elevator-entrance-sensor-weco-917n\/","title":{"rendered":"sensor de entrada de ascensor WECO-917N"},"content":{"rendered":"<p>Sensor de entrada de ascensor WECO con cable de cortina WECO-917N71-AC220<\/p>\n<p><img data-recalc-dims=\"1\" fetchpriority=\"high\" decoding=\"async\" class=\"alignnone wp-image-1297 size-full\" src=\"https:\/\/i0.wp.com\/elevatorlightcurtains.com\/wp-content\/uploads\/2024\/03\/WECO-917N-scaled.jpg?resize=800%2C2233&#038;ssl=1\" alt=\"WECO-917N\" width=\"800\" height=\"2233\" srcset=\"https:\/\/i0.wp.com\/elevatorlightcurtains.com\/wp-content\/uploads\/2024\/03\/WECO-917N-scaled.jpg?w=917&amp;ssl=1 917w, https:\/\/i0.wp.com\/elevatorlightcurtains.com\/wp-content\/uploads\/2024\/03\/WECO-917N-scaled.jpg?resize=107%2C300&amp;ssl=1 107w, https:\/\/i0.wp.com\/elevatorlightcurtains.com\/wp-content\/uploads\/2024\/03\/WECO-917N-scaled.jpg?resize=367%2C1024&amp;ssl=1 367w, https:\/\/i0.wp.com\/elevatorlightcurtains.com\/wp-content\/uploads\/2024\/03\/WECO-917N-scaled.jpg?resize=768%2C2144&amp;ssl=1 768w, https:\/\/i0.wp.com\/elevatorlightcurtains.com\/wp-content\/uploads\/2024\/03\/WECO-917N-scaled.jpg?resize=550%2C1536&amp;ssl=1 550w, https:\/\/i0.wp.com\/elevatorlightcurtains.com\/wp-content\/uploads\/2024\/03\/WECO-917N-scaled.jpg?resize=734%2C2048&amp;ssl=1 734w, https:\/\/i0.wp.com\/elevatorlightcurtains.com\/wp-content\/uploads\/2024\/03\/WECO-917N-scaled.jpg?resize=600%2C1675&amp;ssl=1 600w\" sizes=\"(max-width: 800px) 100vw, 800px\" \/><\/p>\n<p>&nbsp;<\/p>\n<p>El sensor fotoel\u00e9ctrico WECO-917N es un dispositivo de seguridad de \u00faltima generaci\u00f3n y alto rendimiento dise\u00f1ado para garantizar la m\u00e1xima seguridad y eficiencia en las operaciones del ascensor. Este producto forma parte integral del sistema de puertas del ascensor, proporcionando una detecci\u00f3n fiable y precisa de cualquier obstrucci\u00f3n que pueda interferir en el cierre de las puertas del ascensor.<\/p>\n<p>El sensor fotoel\u00e9ctrico WECO-917N est\u00e1 equipado con una tecnolog\u00eda de infrarrojos de \u00faltima generaci\u00f3n que le permite detectar incluso los objetos m\u00e1s peque\u00f1os en su trayectoria. Esta avanzada funci\u00f3n garantiza que las puertas del ascensor no se cierren sobre pasajeros u objetos, evitando as\u00ed accidentes y asegurando un viaje suave y seguro para todos los usuarios.<\/p>\n<p>Este sensor de haz fotoel\u00e9ctrico cuenta con 17 pares de diodos, colocados estrat\u00e9gicamente a lo largo de la puerta del ascensor. Este dise\u00f1o permite una amplia zona de cobertura, garantizando que ning\u00fan objeto pase desapercibido. El amplio rango de detecci\u00f3n del sensor reduce significativamente el riesgo de accidentes relacionados con la puerta, lo que lo convierte en un elemento de seguridad esencial para cualquier sistema de ascensor.<\/p>\n<p>El sensor fotoel\u00e9ctrico WECO-917N no s\u00f3lo es eficiente, sino tambi\u00e9n muy duradero. Est\u00e1 dise\u00f1ado para soportar condiciones duras y un uso intensivo, por lo que es adecuado para su instalaci\u00f3n en ascensores de alto tr\u00e1fico en edificios comerciales, complejos residenciales, hospitales y otras instalaciones p\u00fablicas. Su robusta construcci\u00f3n garantiza un rendimiento duradero y unos requisitos de mantenimiento m\u00ednimos.<\/p>\n<p>Adem\u00e1s del sensor fotoel\u00e9ctrico, nuestra gama de productos tambi\u00e9n incluye una variedad de piezas de alta calidad para puertas de ascensores. Estos componentes est\u00e1n dise\u00f1ados para funcionar a la perfecci\u00f3n con el sensor fotoel\u00e9ctrico WECO-917N para garantizar un rendimiento y una seguridad \u00f3ptimos.<\/p>\n<p>Nuestra selecci\u00f3n de piezas para puertas de ascensores incluye colgadores de puertas, operadores de puertas, paneles de puertas, zapatas gu\u00eda, puertas de rellano y mucho m\u00e1s. Cada componente se fabrica para cumplir estrictas normas de calidad y est\u00e1 dise\u00f1ado para ofrecer un rendimiento y una durabilidad superiores.<\/p>\n<p>Los colgadores de puerta proporcionan un soporte resistente para las puertas del ascensor al tiempo que garantizan un funcionamiento suave y silencioso. Los operadores de puerta controlan la apertura y el cierre de las puertas, trabajando en t\u00e1ndem con el sensor fotoel\u00e9ctrico WECO-917N para evitar accidentes.<\/p>\n<p>Los paneles de las puertas est\u00e1n dise\u00f1ados para soportar un uso intensivo y resistir los da\u00f1os, garantizando que su ascensor mantenga un aspecto pulido incluso en entornos de mucho tr\u00e1fico. Las zapatas gu\u00eda garantizan un movimiento suave y estable de las puertas del ascensor, mientras que las puertas de rellano proporcionan una barrera segura cuando el ascensor no est\u00e1 en uso.<\/p>\n<p>En conclusi\u00f3n, el sensor fotoel\u00e9ctrico WECO-917N, junto con nuestra gama de piezas para puertas de ascensores, proporciona una soluci\u00f3n completa para un funcionamiento seguro y eficiente del ascensor. Estos productos est\u00e1n dise\u00f1ados para ofrecer un rendimiento superior, durabilidad y seguridad, por lo que son una excelente inversi\u00f3n para cualquier instalaci\u00f3n con un sistema de ascensor.<\/p>","protected":false},"excerpt":{"rendered":"<p>&nbsp;<\/p>\n<ul>\n<li>\n<h5>94\/154 haces de 17\/32 diodos<\/h5>\n<\/li>\n<li>\n<h5>Tensi\u00f3n: AC220V, AC110V, DC24V, NPN\/ PNP<\/h5>\n<\/li>\n<li>\n<h5>Altura est\u00e1ndar de 2000 mm<\/h5>\n<\/li>\n<li>\n<h5>Alcance de detecci\u00f3n de 4000 mm<\/h5>\n<\/li>\n<li>\n<h5>Grado de protecci\u00f3n IP54<\/h5>\n<\/li>\n<li>\n<h5>EN81-70<\/h5>\n<\/li>\n<li>\n<h5>Embalaje de tubo individual, cinco tubos en un paquete.<\/h5>\n<\/li>\n<li>\n<h5>Se pueden fabricar a medida alturas y longitudes de cable especiales.<\/h5>\n<\/li>\n<\/ul>","protected":false},"featured_media":1257,"comment_status":"open","ping_status":"closed","template":"","meta":[],"product_cat":[36,49],"product_tag":[],"class_list":{"0":"post-1318","1":"product","2":"type-product","3":"status-publish","4":"has-post-thumbnail","6":"product_cat-universal-elevator-beam-sensor","7":"product_cat-products","9":"first","10":"instock","11":"shipping-taxable","12":"product-type-simple"},"jetpack_sharing_enabled":true,"_links":{"self":[{"href":"https:\/\/elevatorlightcurtains.com\/es\/wp-json\/wp\/v2\/product\/1318","targetHints":{"allow":["GET"]}}],"collection":[{"href":"https:\/\/elevatorlightcurtains.com\/es\/wp-json\/wp\/v2\/product"}],"about":[{"href":"https:\/\/elevatorlightcurtains.com\/es\/wp-json\/wp\/v2\/types\/product"}],"replies":[{"embeddable":true,"href":"https:\/\/elevatorlightcurtains.com\/es\/wp-json\/wp\/v2\/comments?post=1318"}],"wp:featuredmedia":[{"embeddable":true,"href":"https:\/\/elevatorlightcurtains.com\/es\/wp-json\/wp\/v2\/media\/1257"}],"wp:attachment":[{"href":"https:\/\/elevatorlightcurtains.com\/es\/wp-json\/wp\/v2\/media?parent=1318"}],"wp:term":[{"taxonomy":"product_cat","embeddable":true,"href":"https:\/\/elevatorlightcurtains.com\/es\/wp-json\/wp\/v2\/product_cat?post=1318"},{"taxonomy":"product_tag","embeddable":true,"href":"https:\/\/elevatorlightcurtains.com\/es\/wp-json\/wp\/v2\/product_tag?post=1318"}],"curies":[{"name":"wp","href":"https:\/\/api.w.org\/{rel}","templated":true}]}}