{"id":1316,"date":"2024-03-25T07:44:23","date_gmt":"2024-03-25T07:44:23","guid":{"rendered":"https:\/\/elevatorlightcurtains.com\/?post_type=product&#038;p=1316"},"modified":"2025-01-01T07:25:49","modified_gmt":"2025-01-01T07:25:49","slug":"illuminate-led-curtains-weco-917mr","status":"publish","type":"product","link":"https:\/\/elevatorlightcurtains.com\/es\/producto\/illuminate-led-curtains-weco-917mr\/","title":{"rendered":"iluminar cortinas LED WECO-917MR"},"content":{"rendered":"<p>Iluminar cortinas LED ascensor puerta del sensor de alerta WECO-917MR con LED de escaneo din\u00e1mico controlado por CPU aument\u00f3 en el detector de puerta normal, LED de doble color que indica el estado de la zona de detecci\u00f3n. Para que la cortina de luz en la funci\u00f3n de protecci\u00f3n normal, m\u00e1s visual andmore hommization.<\/p>\n<p><img data-recalc-dims=\"1\" fetchpriority=\"high\" decoding=\"async\" class=\"alignnone wp-image-1296 size-full\" src=\"https:\/\/i0.wp.com\/elevatorlightcurtains.com\/wp-content\/uploads\/2024\/03\/WECO-917MR-scaled.jpg?resize=800%2C2233&#038;ssl=1\" alt=\"\" width=\"800\" height=\"2233\" srcset=\"https:\/\/i0.wp.com\/elevatorlightcurtains.com\/wp-content\/uploads\/2024\/03\/WECO-917MR-scaled.jpg?w=917&amp;ssl=1 917w, https:\/\/i0.wp.com\/elevatorlightcurtains.com\/wp-content\/uploads\/2024\/03\/WECO-917MR-scaled.jpg?resize=107%2C300&amp;ssl=1 107w, https:\/\/i0.wp.com\/elevatorlightcurtains.com\/wp-content\/uploads\/2024\/03\/WECO-917MR-scaled.jpg?resize=367%2C1024&amp;ssl=1 367w, https:\/\/i0.wp.com\/elevatorlightcurtains.com\/wp-content\/uploads\/2024\/03\/WECO-917MR-scaled.jpg?resize=768%2C2144&amp;ssl=1 768w, https:\/\/i0.wp.com\/elevatorlightcurtains.com\/wp-content\/uploads\/2024\/03\/WECO-917MR-scaled.jpg?resize=550%2C1536&amp;ssl=1 550w, https:\/\/i0.wp.com\/elevatorlightcurtains.com\/wp-content\/uploads\/2024\/03\/WECO-917MR-scaled.jpg?resize=734%2C2048&amp;ssl=1 734w, https:\/\/i0.wp.com\/elevatorlightcurtains.com\/wp-content\/uploads\/2024\/03\/WECO-917MR-scaled.jpg?resize=600%2C1675&amp;ssl=1 600w\" sizes=\"(max-width: 800px) 100vw, 800px\" \/><\/p>\n<p>Presentamos el detector de puerta LED Illuminate WECO-917MR, un producto de \u00faltima generaci\u00f3n que combina tecnolog\u00eda avanzada con funciones f\u00e1ciles de usar para proporcionar un nivel de seguridad y comodidad sin precedentes. Este innovador detector de puerta est\u00e1 dise\u00f1ado para ofrecer un rendimiento y una fiabilidad superiores, por lo que es una opci\u00f3n ideal tanto para aplicaciones residenciales como comerciales.<\/p>\n<p>El WECO-917MR est\u00e1 equipado con un sistema LED de escaneo din\u00e1mico controlado por CPU, una caracter\u00edstica que mejora significativamente el detector de puerta est\u00e1ndar. Este sistema \u00fanico permite una mayor visibilidad y precisi\u00f3n, asegurando que cada movimiento se detecta con precisi\u00f3n y se responde con prontitud. El sistema LED de escaneo din\u00e1mico no se limita a la funcionalidad, sino que tambi\u00e9n a\u00f1ade un atractivo est\u00e9tico al dispositivo, convirti\u00e9ndolo en un elegante complemento para cualquier entorno.<\/p>\n<p>Una de las caracter\u00edsticas m\u00e1s destacadas del WECO-917MR son sus LEDs de doble color. Estos LEDs sirven como indicadores del estado del \u00e1rea de detecci\u00f3n, proporcionando a los usuarios actualizaciones en tiempo real sobre el estado de seguridad de sus instalaciones. Los LEDs de doble color est\u00e1n dise\u00f1ados para ser f\u00e1cilmente visibles desde la distancia, permitiendo a los usuarios determinar r\u00e1pidamente si sus instalaciones son seguras o no.<\/p>\n<p>Adem\u00e1s de sus caracter\u00edsticas de alta tecnolog\u00eda, el WECO-917MR tambi\u00e9n cuenta con una cortina de luz en la funci\u00f3n de protecci\u00f3n normal. Esta cortina de luz proporciona una capa adicional de seguridad, asegurando que cualquier intento de entrada no autorizada sea detectado y frustrado r\u00e1pidamente. La cortina de luz tambi\u00e9n a\u00f1ade un elemento visual al dispositivo, haci\u00e9ndolo m\u00e1s acogedor y atractivo.<\/p>\n<p>El WECO-917MR no es s\u00f3lo tecnolog\u00eda avanzada, sino tambi\u00e9n facilidad de uso. Este detector de puerta est\u00e1 dise\u00f1ado para ser f\u00e1cil de instalar y operar, por lo que es adecuado para usuarios de todos los niveles. Tanto si es un profesional experto en tecnolog\u00eda como un usuario novato, encontrar\u00e1 que el WECO-917MR es f\u00e1cil de usar y manejar.<\/p>\n<p>En conclusi\u00f3n, el detector de puerta LED Illuminate WECO-917MR es un producto de alta calidad que ofrece funciones avanzadas y un funcionamiento f\u00e1cil de usar. Si est\u00e1 buscando mejorar la seguridad de su hogar o negocio, el WECO-917MR es un producto en el que puede confiar. Con su sistema LED de escaneo din\u00e1mico controlado por CPU, LED de doble color y cortina de luz, este detector de puerta ofrece un nivel de rendimiento y comodidad dif\u00edcil de igualar.<\/p>","protected":false},"excerpt":{"rendered":"<ul>\n<li>\n<h5>La cortina de luz MR tiene funciones de visualizaci\u00f3n en 3D y LED.<\/h5>\n<\/li>\n<li>\n<h5>154 haces\/32 diodos<\/h5>\n<\/li>\n<li>\n<h5>Voltaje: AC220V, AC110V<\/h5>\n<\/li>\n<li>\n<h5>Altura est\u00e1ndar de 2000 mm<\/h5>\n<\/li>\n<li>\n<h5>Alcance de detecci\u00f3n de 4000 mm<\/h5>\n<\/li>\n<li>\n<h5>Grado de protecci\u00f3n IP54<\/h5>\n<\/li>\n<li>\n<h5>EN81-70<\/h5>\n<\/li>\n<li>\n<h5>Embalaje de tubo individual, cinco tubos en un paquete.<\/h5>\n<\/li>\n<li>\n<h5>Se pueden fabricar a medida alturas y longitudes de cable especiales.<\/h5>\n<\/li>\n<\/ul>","protected":false},"featured_media":1256,"comment_status":"open","ping_status":"closed","template":"","meta":[],"product_cat":[36,49],"product_tag":[],"class_list":{"0":"post-1316","1":"product","2":"type-product","3":"status-publish","4":"has-post-thumbnail","6":"product_cat-universal-elevator-beam-sensor","7":"product_cat-products","9":"first","10":"instock","11":"shipping-taxable","12":"product-type-simple"},"jetpack_sharing_enabled":true,"_links":{"self":[{"href":"https:\/\/elevatorlightcurtains.com\/es\/wp-json\/wp\/v2\/product\/1316","targetHints":{"allow":["GET"]}}],"collection":[{"href":"https:\/\/elevatorlightcurtains.com\/es\/wp-json\/wp\/v2\/product"}],"about":[{"href":"https:\/\/elevatorlightcurtains.com\/es\/wp-json\/wp\/v2\/types\/product"}],"replies":[{"embeddable":true,"href":"https:\/\/elevatorlightcurtains.com\/es\/wp-json\/wp\/v2\/comments?post=1316"}],"wp:featuredmedia":[{"embeddable":true,"href":"https:\/\/elevatorlightcurtains.com\/es\/wp-json\/wp\/v2\/media\/1256"}],"wp:attachment":[{"href":"https:\/\/elevatorlightcurtains.com\/es\/wp-json\/wp\/v2\/media?parent=1316"}],"wp:term":[{"taxonomy":"product_cat","embeddable":true,"href":"https:\/\/elevatorlightcurtains.com\/es\/wp-json\/wp\/v2\/product_cat?post=1316"},{"taxonomy":"product_tag","embeddable":true,"href":"https:\/\/elevatorlightcurtains.com\/es\/wp-json\/wp\/v2\/product_tag?post=1316"}],"curies":[{"name":"wp","href":"https:\/\/api.w.org\/{rel}","templated":true}]}}