{"id":1315,"date":"2024-03-25T07:24:05","date_gmt":"2024-03-25T07:24:05","guid":{"rendered":"https:\/\/elevatorlightcurtains.com\/?post_type=product&#038;p=1315"},"modified":"2025-01-01T07:26:04","modified_gmt":"2025-01-01T07:26:04","slug":"photoelectric-beam-sensor-weco-917l","status":"publish","type":"product","link":"https:\/\/elevatorlightcurtains.com\/es\/producto\/photoelectric-beam-sensor-weco-917l\/","title":{"rendered":"fotoc\u00e9lula de haz WECO-917L"},"content":{"rendered":"<p>Levantar los ojos foto sensor de puerta detector de movimiento WECO-917L71-AC220<\/p>\n<p><img data-recalc-dims=\"1\" fetchpriority=\"high\" decoding=\"async\" class=\"alignnone wp-image-1293 size-full\" src=\"https:\/\/i0.wp.com\/elevatorlightcurtains.com\/wp-content\/uploads\/2024\/03\/WECO-917L-scaled.jpg?resize=800%2C2236&#038;ssl=1\" alt=\"\" width=\"800\" height=\"2236\" srcset=\"https:\/\/i0.wp.com\/elevatorlightcurtains.com\/wp-content\/uploads\/2024\/03\/WECO-917L-scaled.jpg?w=916&amp;ssl=1 916w, https:\/\/i0.wp.com\/elevatorlightcurtains.com\/wp-content\/uploads\/2024\/03\/WECO-917L-scaled.jpg?resize=107%2C300&amp;ssl=1 107w, https:\/\/i0.wp.com\/elevatorlightcurtains.com\/wp-content\/uploads\/2024\/03\/WECO-917L-scaled.jpg?resize=366%2C1024&amp;ssl=1 366w, https:\/\/i0.wp.com\/elevatorlightcurtains.com\/wp-content\/uploads\/2024\/03\/WECO-917L-scaled.jpg?resize=768%2C2147&amp;ssl=1 768w, https:\/\/i0.wp.com\/elevatorlightcurtains.com\/wp-content\/uploads\/2024\/03\/WECO-917L-scaled.jpg?resize=733%2C2048&amp;ssl=1 733w, https:\/\/i0.wp.com\/elevatorlightcurtains.com\/wp-content\/uploads\/2024\/03\/WECO-917L-scaled.jpg?resize=600%2C1677&amp;ssl=1 600w\" sizes=\"(max-width: 800px) 100vw, 800px\" \/><\/p>\n<p>&nbsp;<\/p>\n<p>Presentamos el Sensor Fotoel\u00e9ctrico de Haz WECO-917L, una soluci\u00f3n de seguridad de \u00faltima generaci\u00f3n dise\u00f1ada para proporcionar una protecci\u00f3n sin igual a su propiedad. Este avanzado sensor es un testimonio del poder de la tecnolog\u00eda moderna, que combina una funcionalidad superior con la facilidad de uso para ofrecer un producto excepcional que cumple con los m\u00e1s altos est\u00e1ndares de seguridad y protecci\u00f3n.<\/p>\n<p>El sensor fotoel\u00e9ctrico de haz WECO-917L es un dispositivo de vanguardia que utiliza la tecnolog\u00eda de haz de luz para detectar movimiento dentro de un \u00e1rea espec\u00edfica. Funciona emitiendo un haz infrarrojo que, al ser interrumpido por un objeto o persona, activa una alarma. Esto lo convierte en una soluci\u00f3n ideal para proteger su propiedad contra intrusiones no autorizadas.<\/p>\n<p>Una de las caracter\u00edsticas m\u00e1s destacadas del WECO-917L es su impresionante alcance. Este sensor ofrece una cobertura completa incluso para las propiedades m\u00e1s grandes. Tanto si est\u00e1 protegiendo una vivienda residencial como un edificio comercial, puede confiar en que WECO-917L le proporcionar\u00e1 la cobertura que necesita.<\/p>\n<p>La facilidad de instalaci\u00f3n es otra caracter\u00edstica clave de este sensor. Viene con un manual f\u00e1cil de usar que proporciona instrucciones claras sobre c\u00f3mo configurar y utilizar el dispositivo. Adem\u00e1s, su dise\u00f1o compacto permite montarlo f\u00e1cilmente en paredes u otras superficies.<\/p>\n<p>Adem\u00e1s, este sensor incorpora tecnolog\u00eda antimanipulaci\u00f3n. Si alguien intenta interferir en el dispositivo, \u00e9ste activar\u00e1 inmediatamente una alarma, proporcionando una capa adicional de seguridad.<\/p>\n<p>El sensor fotoel\u00e9ctrico de haz WECO-917L tambi\u00e9n ofrece un tiempo de respuesta ajustable, lo que le permite personalizar su sensibilidad seg\u00fan sus necesidades espec\u00edficas. Tanto si desea alertas instant\u00e1neas como si prefiere un ligero retardo, este sensor puede adaptarse a sus preferencias.<\/p>\n<p>En conclusi\u00f3n, el Sensor Fotoel\u00e9ctrico de Haz WECO-917L es m\u00e1s que un simple dispositivo de seguridad. Es una soluci\u00f3n integral que le ofrece la tranquilidad de saber que su propiedad est\u00e1 protegida por uno de los sensores m\u00e1s avanzados del mercado. Con su impresionante alcance, dise\u00f1o resistente a la intemperie, f\u00e1cil instalaci\u00f3n y avanzada tecnolog\u00eda de detecci\u00f3n, est\u00e1 claro que el WECO-917L es una opci\u00f3n de primer nivel para cualquiera que busque una seguridad fiable y eficaz.<\/p>","protected":false},"excerpt":{"rendered":"<p>&nbsp;<\/p>\n<ul>\n<li>\n<h5>94\/154 haces de 17\/32 diodos<\/h5>\n<\/li>\n<li>\n<h5>Tensi\u00f3n: AC220V, AC110V, DC24V, NPN\/ PNP<\/h5>\n<\/li>\n<li>\n<h5>Altura est\u00e1ndar de 2000 mm<\/h5>\n<\/li>\n<li>\n<h5>Alcance de detecci\u00f3n de 4000 mm<\/h5>\n<\/li>\n<li>\n<h5>Grado de protecci\u00f3n IP54<\/h5>\n<\/li>\n<li>\n<h5>EN81-70<\/h5>\n<\/li>\n<li>\n<h5>Embalaje de tubo individual, cinco tubos en un paquete.<\/h5>\n<\/li>\n<li>\n<h5>Se pueden fabricar a medida alturas y longitudes de cable especiales.<\/h5>\n<\/li>\n<\/ul>","protected":false},"featured_media":1253,"comment_status":"open","ping_status":"closed","template":"","meta":[],"product_cat":[36,49],"product_tag":[],"class_list":{"0":"post-1315","1":"product","2":"type-product","3":"status-publish","4":"has-post-thumbnail","6":"product_cat-universal-elevator-beam-sensor","7":"product_cat-products","9":"first","10":"instock","11":"shipping-taxable","12":"product-type-simple"},"jetpack_sharing_enabled":true,"_links":{"self":[{"href":"https:\/\/elevatorlightcurtains.com\/es\/wp-json\/wp\/v2\/product\/1315","targetHints":{"allow":["GET"]}}],"collection":[{"href":"https:\/\/elevatorlightcurtains.com\/es\/wp-json\/wp\/v2\/product"}],"about":[{"href":"https:\/\/elevatorlightcurtains.com\/es\/wp-json\/wp\/v2\/types\/product"}],"replies":[{"embeddable":true,"href":"https:\/\/elevatorlightcurtains.com\/es\/wp-json\/wp\/v2\/comments?post=1315"}],"wp:featuredmedia":[{"embeddable":true,"href":"https:\/\/elevatorlightcurtains.com\/es\/wp-json\/wp\/v2\/media\/1253"}],"wp:attachment":[{"href":"https:\/\/elevatorlightcurtains.com\/es\/wp-json\/wp\/v2\/media?parent=1315"}],"wp:term":[{"taxonomy":"product_cat","embeddable":true,"href":"https:\/\/elevatorlightcurtains.com\/es\/wp-json\/wp\/v2\/product_cat?post=1315"},{"taxonomy":"product_tag","embeddable":true,"href":"https:\/\/elevatorlightcurtains.com\/es\/wp-json\/wp\/v2\/product_tag?post=1315"}],"curies":[{"name":"wp","href":"https:\/\/api.w.org\/{rel}","templated":true}]}}