{"id":1309,"date":"2024-03-25T06:27:29","date_gmt":"2024-03-25T06:27:29","guid":{"rendered":"https:\/\/elevatorlightcurtains.com\/?post_type=product&#038;p=1309"},"modified":"2025-01-01T07:26:28","modified_gmt":"2025-01-01T07:26:28","slug":"ultra-slimscreen-infra-red-weco-917six","status":"publish","type":"product","link":"https:\/\/elevatorlightcurtains.com\/es\/producto\/ultra-slimscreen-infra-red-weco-917six\/","title":{"rendered":"Infrarrojos ultrafinos WECO-917SIX"},"content":{"rendered":"<p>Cortinas de luz infrarroja para puertas de ascensores residenciales WECO-917SIX-AC220<\/p>\n<p><img data-recalc-dims=\"1\" fetchpriority=\"high\" decoding=\"async\" class=\"alignnone wp-image-1301 size-full\" src=\"https:\/\/i0.wp.com\/elevatorlightcurtains.com\/wp-content\/uploads\/2024\/03\/WECO-917SIX-scaled.jpg?resize=800%2C2233&#038;ssl=1\" alt=\"WECO-917SIX\" width=\"800\" height=\"2233\" srcset=\"https:\/\/i0.wp.com\/elevatorlightcurtains.com\/wp-content\/uploads\/2024\/03\/WECO-917SIX-scaled.jpg?w=917&amp;ssl=1 917w, https:\/\/i0.wp.com\/elevatorlightcurtains.com\/wp-content\/uploads\/2024\/03\/WECO-917SIX-scaled.jpg?resize=107%2C300&amp;ssl=1 107w, https:\/\/i0.wp.com\/elevatorlightcurtains.com\/wp-content\/uploads\/2024\/03\/WECO-917SIX-scaled.jpg?resize=367%2C1024&amp;ssl=1 367w, https:\/\/i0.wp.com\/elevatorlightcurtains.com\/wp-content\/uploads\/2024\/03\/WECO-917SIX-scaled.jpg?resize=768%2C2144&amp;ssl=1 768w, https:\/\/i0.wp.com\/elevatorlightcurtains.com\/wp-content\/uploads\/2024\/03\/WECO-917SIX-scaled.jpg?resize=550%2C1536&amp;ssl=1 550w, https:\/\/i0.wp.com\/elevatorlightcurtains.com\/wp-content\/uploads\/2024\/03\/WECO-917SIX-scaled.jpg?resize=734%2C2048&amp;ssl=1 734w, https:\/\/i0.wp.com\/elevatorlightcurtains.com\/wp-content\/uploads\/2024\/03\/WECO-917SIX-scaled.jpg?resize=600%2C1675&amp;ssl=1 600w\" sizes=\"(max-width: 800px) 100vw, 800px\" \/><\/p>\n<p>Presentamos el sensor WECO-917SIX Ultra Slim, una soluci\u00f3n de vanguardia dise\u00f1ada para satisfacer las demandas de las instalaciones modernas en las que el espacio es un bien escaso. Con su extraordinario perfil SIX de 7 mm de grosor, este sensor est\u00e1 dise\u00f1ado por expertos para aplicaciones est\u00e1ticas y din\u00e1micas, lo que lo convierte en la opci\u00f3n ideal para una amplia gama de entornos, desde entornos industriales hasta espacios comerciales.<\/p>\n<p>La WECO-917SIX destaca por ser una barrera \u00f3ptica de infrarrojos rentable que combina tecnolog\u00eda avanzada con una fiabilidad probada. Su robusto dise\u00f1o garantiza un rendimiento constante, proporcionando tranquilidad a los usuarios que requieren soluciones de seguridad y detecci\u00f3n fiables. Tanto si busca mejorar las medidas de seguridad como la eficiencia operativa, la WECO-917SIX ofrece un valor excepcional sin comprometer la calidad.<\/p>\n<p>Dise\u00f1ado espec\u00edficamente para los mercados de Europa y Asia-Pac\u00edfico, este sensor cumple las normas y reglamentos regionales, garantizando una integraci\u00f3n perfecta en los sistemas existentes. El WECO-917SIX no s\u00f3lo es vers\u00e1til, sino tambi\u00e9n f\u00e1cil de usar, con un proceso de instalaci\u00f3n sencillo que permite una configuraci\u00f3n r\u00e1pida y un tiempo de inactividad m\u00ednimo. Gracias a sus flexibles opciones de conexi\u00f3n el\u00e9ctrica, puede adaptar f\u00e1cilmente el sensor a sus necesidades espec\u00edficas, lo que lo convierte en la opci\u00f3n ideal tanto para nuevos proyectos como para la modernizaci\u00f3n de instalaciones existentes.<\/p>\n<p>En resumen, el sensor WECO-917SIX Ultra Slim es la soluci\u00f3n perfecta para aquellos que buscan una cortina \u00f3ptica de infrarrojos fiable y que ocupe poco espacio. Su dise\u00f1o innovador, unido a su facilidad de instalaci\u00f3n y adaptabilidad a diversos entornos, lo posicionan como una opci\u00f3n l\u00edder en el mercado. Eleve sus capacidades de seguridad y detecci\u00f3n con WECO-917SIX, donde el rendimiento se une a la practicidad en cada instalaci\u00f3n.<\/p>","protected":false},"excerpt":{"rendered":"<ul>\n<li>\n<h5>Serie SIX: ultradelgada y de bella apariencia, adecuada para entornos de instalaci\u00f3n estrechos, ya no le preocupa el tama\u00f1o.<\/h5>\n<\/li>\n<li>\n<h5>154 haces\/32 diodos<\/h5>\n<\/li>\n<li>\n<h5>Tensi\u00f3n: AC220V, AC110V, DC24V, NPN\/ PNP<\/h5>\n<\/li>\n<li>\n<h5>Altura est\u00e1ndar de 2000 mm<\/h5>\n<\/li>\n<li>\n<h5>Alcance de detecci\u00f3n de 4000 mm<\/h5>\n<\/li>\n<li>\n<h5>Grado de protecci\u00f3n IP54<\/h5>\n<\/li>\n<li>\n<h5>EN81-70<\/h5>\n<\/li>\n<li>\n<h5>Embalaje de tubo individual, cinco tubos en un paquete.<\/h5>\n<\/li>\n<li>\n<h5>Se pueden fabricar a medida alturas y longitudes de cable especiales.<\/h5>\n<\/li>\n<\/ul>","protected":false},"featured_media":1260,"comment_status":"open","ping_status":"closed","template":"","meta":[],"product_cat":[36,49],"product_tag":[],"class_list":{"0":"post-1309","1":"product","2":"type-product","3":"status-publish","4":"has-post-thumbnail","6":"product_cat-universal-elevator-beam-sensor","7":"product_cat-products","9":"first","10":"instock","11":"shipping-taxable","12":"product-type-simple"},"jetpack_sharing_enabled":true,"_links":{"self":[{"href":"https:\/\/elevatorlightcurtains.com\/es\/wp-json\/wp\/v2\/product\/1309","targetHints":{"allow":["GET"]}}],"collection":[{"href":"https:\/\/elevatorlightcurtains.com\/es\/wp-json\/wp\/v2\/product"}],"about":[{"href":"https:\/\/elevatorlightcurtains.com\/es\/wp-json\/wp\/v2\/types\/product"}],"replies":[{"embeddable":true,"href":"https:\/\/elevatorlightcurtains.com\/es\/wp-json\/wp\/v2\/comments?post=1309"}],"wp:featuredmedia":[{"embeddable":true,"href":"https:\/\/elevatorlightcurtains.com\/es\/wp-json\/wp\/v2\/media\/1260"}],"wp:attachment":[{"href":"https:\/\/elevatorlightcurtains.com\/es\/wp-json\/wp\/v2\/media?parent=1309"}],"wp:term":[{"taxonomy":"product_cat","embeddable":true,"href":"https:\/\/elevatorlightcurtains.com\/es\/wp-json\/wp\/v2\/product_cat?post=1309"},{"taxonomy":"product_tag","embeddable":true,"href":"https:\/\/elevatorlightcurtains.com\/es\/wp-json\/wp\/v2\/product_tag?post=1309"}],"curies":[{"name":"wp","href":"https:\/\/api.w.org\/{rel}","templated":true}]}}