{"id":1290,"date":"2024-03-25T05:08:43","date_gmt":"2024-03-25T05:08:43","guid":{"rendered":"https:\/\/elevatorlightcurtains.com\/?post_type=product&#038;p=1290"},"modified":"2025-01-01T07:26:38","modified_gmt":"2025-01-01T07:26:38","slug":"light-curtain-sensor-weco-917m","status":"publish","type":"product","link":"https:\/\/elevatorlightcurtains.com\/es\/producto\/light-curtain-sensor-weco-917m\/","title":{"rendered":"sensor de cortina de luz WECO-917M"},"content":{"rendered":"<h5>Fotoc\u00e9lulas cortina suministradas por el fabricante WECO-917M71-AC220<\/h5>\n<p><img data-recalc-dims=\"1\" fetchpriority=\"high\" decoding=\"async\" class=\"alignnone wp-image-1294 size-full\" src=\"https:\/\/i0.wp.com\/elevatorlightcurtains.com\/wp-content\/uploads\/2024\/03\/WECO-917M-scaled.jpg?resize=800%2C2236&#038;ssl=1\" alt=\"\" width=\"800\" height=\"2236\" srcset=\"https:\/\/i0.wp.com\/elevatorlightcurtains.com\/wp-content\/uploads\/2024\/03\/WECO-917M-scaled.jpg?w=916&amp;ssl=1 916w, https:\/\/i0.wp.com\/elevatorlightcurtains.com\/wp-content\/uploads\/2024\/03\/WECO-917M-scaled.jpg?resize=107%2C300&amp;ssl=1 107w, https:\/\/i0.wp.com\/elevatorlightcurtains.com\/wp-content\/uploads\/2024\/03\/WECO-917M-scaled.jpg?resize=366%2C1024&amp;ssl=1 366w, https:\/\/i0.wp.com\/elevatorlightcurtains.com\/wp-content\/uploads\/2024\/03\/WECO-917M-scaled.jpg?resize=768%2C2147&amp;ssl=1 768w, https:\/\/i0.wp.com\/elevatorlightcurtains.com\/wp-content\/uploads\/2024\/03\/WECO-917M-scaled.jpg?resize=733%2C2048&amp;ssl=1 733w, https:\/\/i0.wp.com\/elevatorlightcurtains.com\/wp-content\/uploads\/2024\/03\/WECO-917M-scaled.jpg?resize=600%2C1677&amp;ssl=1 600w\" sizes=\"(max-width: 800px) 100vw, 800px\" \/><\/p>\n<p>&nbsp;<\/p>\n<p>El Sensor de Cortina de Luz WECO-917M es un sistema de detecci\u00f3n avanzado que utiliza m\u00faltiples haces infrarrojos o \"cortinas de luz\" para detectar la presencia o ausencia de objetos. Esta tecnolog\u00eda ofrece un m\u00e9todo de detecci\u00f3n sin contacto, por lo que es una opci\u00f3n ideal para aplicaciones en las que el contacto f\u00edsico con objetos podr\u00eda ser perjudicial o peligroso.<\/p>\n<p>Una de las principales caracter\u00edsticas del sensor de cortina de luz WECO-917M es su excepcional alcance. Con una distancia de detecci\u00f3n de hasta 4 metros, este dispositivo puede cubrir grandes \u00e1reas, por lo que es adecuado para su uso en diversos entornos como almacenes, f\u00e1bricas y l\u00edneas de producci\u00f3n.<\/p>\n<p>El robusto dise\u00f1o del sensor garantiza su resistencia a entornos industriales adversos. Est\u00e1 alojado en una robusta carcasa de aluminio que proporciona una excelente protecci\u00f3n contra el polvo, el agua y los da\u00f1os por impacto. Esta durabilidad garantiza la fiabilidad a largo plazo y reduce la necesidad de mantenimiento o sustituciones frecuentes.<\/p>\n<p>El sensor de cortina de luz WECO-917M tambi\u00e9n cuenta con una precisi\u00f3n impresionante. Su cortina de luz de alta resoluci\u00f3n puede detectar incluso objetos peque\u00f1os con precisi\u00f3n, evitando falsas alarmas y garantizando un funcionamiento sin problemas. Este nivel de precisi\u00f3n es crucial en aplicaciones donde la seguridad es primordial.<\/p>\n<p>La facilidad de instalaci\u00f3n es otra caracter\u00edstica destacada de este producto. El WECO-917M se suministra con una completa gu\u00eda de instalaci\u00f3n y todo el material de montaje necesario, lo que permite una instalaci\u00f3n r\u00e1pida y sin complicaciones. Su dise\u00f1o compacto tambi\u00e9n permite integrarlo f\u00e1cilmente en sistemas existentes sin necesidad de realizar modificaciones significativas.<\/p>\n<p>En t\u00e9rminos de funcionalidad, el Sensor de Cortina de Luz WECO-917M ofrece m\u00faltiples modos de salida, incluyendo salidas NPN\/PNP y rel\u00e9. Esta versatilidad permite utilizarlo con una amplia gama de equipos y sistemas.<\/p>\n<p>Adem\u00e1s, el sensor de cortina de luz WECO-917M est\u00e1 dise\u00f1ado pensando en la seguridad del usuario. Cumple con todas las normas y reglamentos de seguridad pertinentes, proporcionando tranquilidad tanto a los operadores como a los gestores.<\/p>\n<p>En conclusi\u00f3n, el sensor de cortina de luz WECO-917M es una soluci\u00f3n de alto rendimiento, fiable y vers\u00e1til para la detecci\u00f3n de objetos en entornos industriales. Su alcance superior, precisi\u00f3n, durabilidad y facilidad de instalaci\u00f3n lo convierten en un valioso complemento para cualquier sistema de seguridad. Conf\u00ede en WECO para obtener la calidad y el rendimiento que necesita para que sus operaciones funcionen de forma segura y sin problemas.<\/p>","protected":false},"excerpt":{"rendered":"<ul>\n<li>\n<h5>Serie M: El alto grado de protecci\u00f3n IP65, la lente de filtro externa abrochada y la artesan\u00eda de dispensaci\u00f3n pueden hacer que la cortina de luz se adapte mejor al duro entorno.<\/h5>\n<\/li>\n<li>\n<h5>94\/154 haces de 17\/32 diodos<\/h5>\n<\/li>\n<li>\n<h5>Tensi\u00f3n: AC220V, AC110V, DC24V, NPN\/ PNP<\/h5>\n<\/li>\n<li>\n<h5>Altura est\u00e1ndar de 2000 mm<\/h5>\n<\/li>\n<li>\n<h5>Alcance de detecci\u00f3n de 4000 mm<\/h5>\n<\/li>\n<li>\n<h5>Grado de protecci\u00f3n IP65<\/h5>\n<\/li>\n<li>\n<h5>EN81-70<\/h5>\n<\/li>\n<li>\n<h5>Embalaje de tubo individual, cinco tubos en un paquete.<\/h5>\n<\/li>\n<li>\n<h5>Se pueden fabricar a medida alturas y longitudes de cable especiales.<\/h5>\n<\/li>\n<\/ul>","protected":false},"featured_media":1254,"comment_status":"open","ping_status":"closed","template":"","meta":[],"product_cat":[36,49],"product_tag":[],"class_list":{"0":"post-1290","1":"product","2":"type-product","3":"status-publish","4":"has-post-thumbnail","6":"product_cat-universal-elevator-beam-sensor","7":"product_cat-products","9":"first","10":"instock","11":"shipping-taxable","12":"product-type-simple"},"jetpack_sharing_enabled":true,"_links":{"self":[{"href":"https:\/\/elevatorlightcurtains.com\/es\/wp-json\/wp\/v2\/product\/1290","targetHints":{"allow":["GET"]}}],"collection":[{"href":"https:\/\/elevatorlightcurtains.com\/es\/wp-json\/wp\/v2\/product"}],"about":[{"href":"https:\/\/elevatorlightcurtains.com\/es\/wp-json\/wp\/v2\/types\/product"}],"replies":[{"embeddable":true,"href":"https:\/\/elevatorlightcurtains.com\/es\/wp-json\/wp\/v2\/comments?post=1290"}],"wp:featuredmedia":[{"embeddable":true,"href":"https:\/\/elevatorlightcurtains.com\/es\/wp-json\/wp\/v2\/media\/1254"}],"wp:attachment":[{"href":"https:\/\/elevatorlightcurtains.com\/es\/wp-json\/wp\/v2\/media?parent=1290"}],"wp:term":[{"taxonomy":"product_cat","embeddable":true,"href":"https:\/\/elevatorlightcurtains.com\/es\/wp-json\/wp\/v2\/product_cat?post=1290"},{"taxonomy":"product_tag","embeddable":true,"href":"https:\/\/elevatorlightcurtains.com\/es\/wp-json\/wp\/v2\/product_tag?post=1290"}],"curies":[{"name":"wp","href":"https:\/\/api.w.org\/{rel}","templated":true}]}}