{"id":1287,"date":"2024-03-15T07:31:04","date_gmt":"2024-03-15T07:31:04","guid":{"rendered":"https:\/\/elevatorlightcurtains.com\/?post_type=product&#038;p=1287"},"modified":"2025-01-01T07:26:51","modified_gmt":"2025-01-01T07:26:51","slug":"curtain-beam-sensor-hitachi-weco-917g","status":"publish","type":"product","link":"https:\/\/elevatorlightcurtains.com\/es\/producto\/curtain-beam-sensor-hitachi-weco-917g\/","title":{"rendered":"Sensor de haz de cortina Hitachi WECO-917G"},"content":{"rendered":"<h5>Sensor de cierre de puerta de ascensor tipo Hitachi sistemas de detecci\u00f3n WECO-917G71-AC220<\/h5>\n<p>&nbsp;<\/p>\n<p><img data-recalc-dims=\"1\" fetchpriority=\"high\" decoding=\"async\" class=\"alignnone wp-image-1274 size-full\" src=\"https:\/\/i0.wp.com\/elevatorlightcurtains.com\/wp-content\/uploads\/2024\/03\/917G-scaled.jpg?resize=800%2C2226&#038;ssl=1\" alt=\"\" width=\"800\" height=\"2226\" srcset=\"https:\/\/i0.wp.com\/elevatorlightcurtains.com\/wp-content\/uploads\/2024\/03\/917G-scaled.jpg?w=920&amp;ssl=1 920w, https:\/\/i0.wp.com\/elevatorlightcurtains.com\/wp-content\/uploads\/2024\/03\/917G-scaled.jpg?resize=108%2C300&amp;ssl=1 108w, https:\/\/i0.wp.com\/elevatorlightcurtains.com\/wp-content\/uploads\/2024\/03\/917G-scaled.jpg?resize=368%2C1024&amp;ssl=1 368w, https:\/\/i0.wp.com\/elevatorlightcurtains.com\/wp-content\/uploads\/2024\/03\/917G-scaled.jpg?resize=768%2C2137&amp;ssl=1 768w, https:\/\/i0.wp.com\/elevatorlightcurtains.com\/wp-content\/uploads\/2024\/03\/917G-scaled.jpg?resize=552%2C1536&amp;ssl=1 552w, https:\/\/i0.wp.com\/elevatorlightcurtains.com\/wp-content\/uploads\/2024\/03\/917G-scaled.jpg?resize=736%2C2048&amp;ssl=1 736w, https:\/\/i0.wp.com\/elevatorlightcurtains.com\/wp-content\/uploads\/2024\/03\/917G-scaled.jpg?resize=600%2C1670&amp;ssl=1 600w\" sizes=\"(max-width: 800px) 100vw, 800px\" \/><\/p>\n<p>Presentamos el sensor de haz de cortina WECO-917G, una soluci\u00f3n de seguridad de \u00faltima generaci\u00f3n dise\u00f1ada para proporcionar un nivel de protecci\u00f3n sin precedentes para su propiedad. Este innovador producto es un testimonio de los avances en la tecnolog\u00eda moderna, que combina una funcionalidad superior con la facilidad de uso para ofrecer una experiencia de usuario excepcional.<\/p>\n<p>El Sensor de Haz de Cortina WECO-917G es un sistema de detecci\u00f3n por infrarrojos de alto rendimiento que crea una barrera de seguridad invisible, garantizando la m\u00e1xima seguridad para su hogar o negocio. Est\u00e1 meticulosamente dise\u00f1ado para detectar cualquier movimiento no autorizado o intrusi\u00f3n, por lo que es un componente esencial de cualquier sistema de seguridad integral.<\/p>\n<p>El sensor de haz de cortina WECO-917G tambi\u00e9n cuenta con un alto nivel de precisi\u00f3n. Su avanzada tecnolog\u00eda garantiza que pueda distinguir entre amenazas potenciales y movimientos inofensivos, reduciendo la probabilidad de falsas alarmas. Esta precisi\u00f3n no s\u00f3lo lo hace fiable, sino tambi\u00e9n incre\u00edblemente eficaz.<\/p>\n<p>La durabilidad es otro aspecto clave del WECO-917G. Construido con materiales robustos y dise\u00f1ado para soportar condiciones clim\u00e1ticas adversas, este sensor promete un rendimiento duradero.<\/p>\n<p>La facilidad de instalaci\u00f3n es otra ventaja significativa que ofrece el sensor de haz de cortina WECO-917G. Viene con un manual de instrucciones detallado que le gu\u00eda a trav\u00e9s de cada paso del proceso de instalaci\u00f3n. Adem\u00e1s, su dise\u00f1o compacto permite una colocaci\u00f3n discreta sin comprometer su eficacia.<\/p>\n<p>El WECO-917G tambi\u00e9n ofrece m\u00faltiples salidas de alarma, incluyendo alarma antisabotaje y salida de rel\u00e9 de fallo. Esta caracter\u00edstica permite la notificaci\u00f3n inmediata en caso de cualquier manipulaci\u00f3n o fallo del sistema, lo que garantiza que se puedan tomar medidas inmediatas para mantener la seguridad de sus instalaciones.<\/p>\n<p>En t\u00e9rminos de compatibilidad, el sensor de haz de cortina WECO-917G funciona perfectamente con la mayor\u00eda de los sistemas de alarma. Esta flexibilidad lo convierte en un complemento vers\u00e1til para su sistema de seguridad actual o en un excelente punto de partida para crear uno nuevo.<\/p>\n<p>En conclusi\u00f3n, el sensor de haz de cortina WECO-917G es una sofisticada soluci\u00f3n de seguridad que ofrece una cobertura completa, una alta precisi\u00f3n y una durabilidad excepcional. Sus caracter\u00edsticas avanzadas y su dise\u00f1o f\u00e1cil de usar lo convierten en una valiosa inversi\u00f3n para cualquiera que busque mejorar la seguridad de su propiedad. Conf\u00ede en el WECO-917G para disfrutar de la tranquilidad que se merece.<\/p>","protected":false},"excerpt":{"rendered":"<ul>\n<li>\n<h5>Serie G: El modelo Hitachi dos en uno es una combinaci\u00f3n de bordes de seguridad tradicionales con m\u00faltiples haces infrarrojos.<\/h5>\n<\/li>\n<li>\n<h5>154 haces 32 diodos<\/h5>\n<\/li>\n<li>\n<h5>Voltaje: AC220V, AC110V,DC24V<\/h5>\n<\/li>\n<li>\n<h5>Altura est\u00e1ndar de 2100 mm<\/h5>\n<\/li>\n<li>\n<h5>Alcance de detecci\u00f3n de 4000 mm<\/h5>\n<\/li>\n<li>\n<h5>Grado de protecci\u00f3n IP54<\/h5>\n<\/li>\n<li>\n<h5>EN81-70<\/h5>\n<\/li>\n<li>\n<h5>Embalaje de tubo individual, cinco tubos en un paquete.<\/h5>\n<\/li>\n<li>\n<h5>Adquiera los soportes mec\u00e1nicos adecuados para la instalaci\u00f3n.<\/h5>\n<\/li>\n<\/ul>","protected":false},"featured_media":1250,"comment_status":"open","ping_status":"closed","template":"","meta":[],"product_cat":[44,49],"product_tag":[],"class_list":{"0":"post-1287","1":"product","2":"type-product","3":"status-publish","4":"has-post-thumbnail","6":"product_cat-2-in-1-elevator-door-detector","7":"product_cat-products","9":"first","10":"instock","11":"shipping-taxable","12":"product-type-simple"},"jetpack_sharing_enabled":true,"_links":{"self":[{"href":"https:\/\/elevatorlightcurtains.com\/es\/wp-json\/wp\/v2\/product\/1287","targetHints":{"allow":["GET"]}}],"collection":[{"href":"https:\/\/elevatorlightcurtains.com\/es\/wp-json\/wp\/v2\/product"}],"about":[{"href":"https:\/\/elevatorlightcurtains.com\/es\/wp-json\/wp\/v2\/types\/product"}],"replies":[{"embeddable":true,"href":"https:\/\/elevatorlightcurtains.com\/es\/wp-json\/wp\/v2\/comments?post=1287"}],"wp:featuredmedia":[{"embeddable":true,"href":"https:\/\/elevatorlightcurtains.com\/es\/wp-json\/wp\/v2\/media\/1250"}],"wp:attachment":[{"href":"https:\/\/elevatorlightcurtains.com\/es\/wp-json\/wp\/v2\/media?parent=1287"}],"wp:term":[{"taxonomy":"product_cat","embeddable":true,"href":"https:\/\/elevatorlightcurtains.com\/es\/wp-json\/wp\/v2\/product_cat?post=1287"},{"taxonomy":"product_tag","embeddable":true,"href":"https:\/\/elevatorlightcurtains.com\/es\/wp-json\/wp\/v2\/product_tag?post=1287"}],"curies":[{"name":"wp","href":"https:\/\/api.w.org\/{rel}","templated":true}]}}