{"id":1282,"date":"2024-03-10T07:51:22","date_gmt":"2024-03-10T07:51:22","guid":{"rendered":"https:\/\/elevatorlightcurtains.com\/?post_type=product&#038;p=1282"},"modified":"2025-01-01T07:27:02","modified_gmt":"2025-01-01T07:27:02","slug":"elevator-door-safety-edge-weco-917f","status":"publish","type":"product","link":"https:\/\/elevatorlightcurtains.com\/es\/producto\/elevator-door-safety-edge-weco-917f\/","title":{"rendered":"Banda de seguridad para puertas de ascensores WECO-917F"},"content":{"rendered":"<p>Presentamos la banda de seguridad para puertas de ascensores WECO-917F, una soluci\u00f3n de seguridad de \u00faltima generaci\u00f3n dise\u00f1ada para garantizar la m\u00e1xima seguridad y fiabilidad en el funcionamiento de los ascensores. Este producto es un testimonio de nuestro compromiso de ofrecer soluciones de seguridad para ascensores de alta calidad, innovadoras y f\u00e1ciles de usar.<\/p>\n<p><img data-recalc-dims=\"1\" fetchpriority=\"high\" decoding=\"async\" class=\"alignnone wp-image-1273 size-full\" src=\"https:\/\/i0.wp.com\/elevatorlightcurtains.com\/wp-content\/uploads\/2024\/03\/917F-scaled.jpg?resize=800%2C2226&#038;ssl=1\" alt=\"\" width=\"800\" height=\"2226\" srcset=\"https:\/\/i0.wp.com\/elevatorlightcurtains.com\/wp-content\/uploads\/2024\/03\/917F-scaled.jpg?w=920&amp;ssl=1 920w, https:\/\/i0.wp.com\/elevatorlightcurtains.com\/wp-content\/uploads\/2024\/03\/917F-scaled.jpg?resize=108%2C300&amp;ssl=1 108w, https:\/\/i0.wp.com\/elevatorlightcurtains.com\/wp-content\/uploads\/2024\/03\/917F-scaled.jpg?resize=368%2C1024&amp;ssl=1 368w, https:\/\/i0.wp.com\/elevatorlightcurtains.com\/wp-content\/uploads\/2024\/03\/917F-scaled.jpg?resize=768%2C2137&amp;ssl=1 768w, https:\/\/i0.wp.com\/elevatorlightcurtains.com\/wp-content\/uploads\/2024\/03\/917F-scaled.jpg?resize=552%2C1536&amp;ssl=1 552w, https:\/\/i0.wp.com\/elevatorlightcurtains.com\/wp-content\/uploads\/2024\/03\/917F-scaled.jpg?resize=736%2C2048&amp;ssl=1 736w, https:\/\/i0.wp.com\/elevatorlightcurtains.com\/wp-content\/uploads\/2024\/03\/917F-scaled.jpg?resize=600%2C1670&amp;ssl=1 600w\" sizes=\"(max-width: 800px) 100vw, 800px\" \/><\/p>\n<p>&nbsp;<\/p>\n<p>El WECO-917F es un avanzado sistema de borde de seguridad para puertas de ascensores que ha sido meticulosamente dise\u00f1ado para proporcionar una protecci\u00f3n superior contra accidentes y lesiones. Est\u00e1 dise\u00f1ado para detectar cualquier obstrucci\u00f3n en la trayectoria de cierre de las puertas del ascensor y enviar inmediatamente una se\u00f1al al sistema de control para que detenga o invierta el funcionamiento de la puerta. Esto garantiza que los pasajeros puedan entrar y salir del ascensor de forma segura sin temor a quedar atrapados en las puertas que se cierran.<\/p>\n<p>El WECO-917F est\u00e1 equipado con una tecnolog\u00eda de vanguardia de cortina de luz infrarroja que proporciona una densa red de haces de luz invisibles en toda la altura y anchura de la abertura de la puerta del ascensor. Esta tecnolog\u00eda permite detectar con precisi\u00f3n incluso los obst\u00e1culos m\u00e1s peque\u00f1os, como manos, pies, equipaje, mascotas o cualquier otro objeto que pudiera quedar atrapado al cerrarse las puertas.<\/p>\n<p>Una de las caracter\u00edsticas m\u00e1s destacadas del WECO-917F es su robusto dise\u00f1o. Est\u00e1 fabricado con materiales de alta calidad resistentes al desgaste, lo que garantiza un rendimiento duradero incluso en entornos muy transitados. El sistema tambi\u00e9n est\u00e1 dise\u00f1ado para soportar diversas condiciones ambientales como el polvo, la humedad y las fluctuaciones de temperatura, por lo que es adecuado para su instalaci\u00f3n en una amplia gama de entornos.<\/p>\n<p>WECO-917F no es s\u00f3lo seguridad, sino tambi\u00e9n comodidad. El sistema es f\u00e1cil de instalar y requiere un mantenimiento m\u00ednimo, por lo que es una opci\u00f3n ideal para los propietarios de edificios y administradores de propiedades que desean garantizar la seguridad sin a\u00f1adir complejidad o costes innecesarios. El elegante dise\u00f1o del sistema se integra perfectamente en el interior de cualquier ascensor, mejorando la est\u00e9tica y proporcionando al mismo tiempo una seguridad de primera categor\u00eda.<\/p>\n<p>Adem\u00e1s, el WECO-917F cumple todas las normas y reglamentos internacionales de seguridad pertinentes. Esto le garantiza que est\u00e1 invirtiendo en un producto que cumple con los m\u00e1s altos est\u00e1ndares de seguridad y le proporciona la tranquilidad de saber que sus operaciones de ascensores est\u00e1n protegidas por una soluci\u00f3n de seguridad fiable y de confianza.<\/p>\n<p>En resumen, la banda de seguridad para puertas de ascensores WECO-917F es una soluci\u00f3n de seguridad sofisticada, fiable y rentable que combina tecnolog\u00eda avanzada, dise\u00f1o robusto y facilidad de uso. Est\u00e1 dise\u00f1ado para mejorar la seguridad de las operaciones del ascensor, al tiempo que proporciona una experiencia de usuario sin problemas. Invierta en el WECO-917F hoy mismo y d\u00e9 un paso importante para garantizar la seguridad y la protecci\u00f3n de las operaciones de su ascensor.<\/p>","protected":false},"excerpt":{"rendered":"<ul>\n<li>\n<h5>Serie F: El modelo dos en uno de Toshiba es una combinaci\u00f3n de bordes de seguridad tradicionales con m\u00faltiples haces de infrarrojos.<\/h5>\n<\/li>\n<li>\n<h5>154 haces 32 diodos<\/h5>\n<\/li>\n<li>\n<h5>Voltaje: AC220V, AC110V,DC24V<\/h5>\n<\/li>\n<li>\n<h5>Altura est\u00e1ndar de 2100 mm<\/h5>\n<\/li>\n<li>\n<h5>Alcance de detecci\u00f3n de 4000 mm<\/h5>\n<\/li>\n<li>\n<h5>Grado de protecci\u00f3n IP54<\/h5>\n<\/li>\n<li>\n<h5>EN81-70<\/h5>\n<\/li>\n<li>\n<h5>Embalaje de tubo individual, cinco tubos en un paquete.<\/h5>\n<\/li>\n<li>\n<h5>Se pueden fabricar a medida alturas y longitudes de cable especiales.<\/h5>\n<\/li>\n<li>\n<h5>Adquiera los soportes mec\u00e1nicos adecuados para la instalaci\u00f3n.<\/h5>\n<\/li>\n<\/ul>","protected":false},"featured_media":1249,"comment_status":"open","ping_status":"closed","template":"","meta":[],"product_cat":[44,49],"product_tag":[],"class_list":{"0":"post-1282","1":"product","2":"type-product","3":"status-publish","4":"has-post-thumbnail","6":"product_cat-2-in-1-elevator-door-detector","7":"product_cat-products","9":"first","10":"instock","11":"shipping-taxable","12":"product-type-simple"},"jetpack_sharing_enabled":true,"_links":{"self":[{"href":"https:\/\/elevatorlightcurtains.com\/es\/wp-json\/wp\/v2\/product\/1282","targetHints":{"allow":["GET"]}}],"collection":[{"href":"https:\/\/elevatorlightcurtains.com\/es\/wp-json\/wp\/v2\/product"}],"about":[{"href":"https:\/\/elevatorlightcurtains.com\/es\/wp-json\/wp\/v2\/types\/product"}],"replies":[{"embeddable":true,"href":"https:\/\/elevatorlightcurtains.com\/es\/wp-json\/wp\/v2\/comments?post=1282"}],"wp:featuredmedia":[{"embeddable":true,"href":"https:\/\/elevatorlightcurtains.com\/es\/wp-json\/wp\/v2\/media\/1249"}],"wp:attachment":[{"href":"https:\/\/elevatorlightcurtains.com\/es\/wp-json\/wp\/v2\/media?parent=1282"}],"wp:term":[{"taxonomy":"product_cat","embeddable":true,"href":"https:\/\/elevatorlightcurtains.com\/es\/wp-json\/wp\/v2\/product_cat?post=1282"},{"taxonomy":"product_tag","embeddable":true,"href":"https:\/\/elevatorlightcurtains.com\/es\/wp-json\/wp\/v2\/product_tag?post=1282"}],"curies":[{"name":"wp","href":"https:\/\/api.w.org\/{rel}","templated":true}]}}