{"id":1280,"date":"2024-03-10T07:12:38","date_gmt":"2024-03-10T07:12:38","guid":{"rendered":"https:\/\/elevatorlightcurtains.com\/?post_type=product&#038;p=1280"},"modified":"2025-01-01T07:27:17","modified_gmt":"2025-01-01T07:27:17","slug":"2-in-1-safety-door-sensor-mistubishi-917e","status":"publish","type":"product","link":"https:\/\/elevatorlightcurtains.com\/es\/producto\/2-in-1-safety-door-sensor-mistubishi-917e\/","title":{"rendered":"Sensor de puerta de seguridad Mistubishi 917E"},"content":{"rendered":"<p>Presentamos el sensor de puerta de seguridad 2 en 1 Mitsubishi tipo 917E, est\u00e1 combinado con panel t\u00e1ctil de seguridad y cortina de luz, instalado con soportes mec\u00e1nicos. Es un producto revolucionario que combina tecnolog\u00eda avanzada con un dise\u00f1o superior para proporcionar un nivel de seguridad sin precedentes para su hogar o negocio. Este producto es un testimonio del compromiso de WECO con la innovaci\u00f3n, la calidad y la satisfacci\u00f3n del cliente.<\/p>\n<p><img data-recalc-dims=\"1\" fetchpriority=\"high\" decoding=\"async\" class=\"alignnone wp-image-1272 size-full\" src=\"https:\/\/i0.wp.com\/elevatorlightcurtains.com\/wp-content\/uploads\/2024\/03\/917E-scaled.jpg?resize=800%2C2216&#038;ssl=1\" alt=\"\" width=\"800\" height=\"2216\" srcset=\"https:\/\/i0.wp.com\/elevatorlightcurtains.com\/wp-content\/uploads\/2024\/03\/917E-scaled.jpg?w=924&amp;ssl=1 924w, https:\/\/i0.wp.com\/elevatorlightcurtains.com\/wp-content\/uploads\/2024\/03\/917E-scaled.jpg?resize=108%2C300&amp;ssl=1 108w, https:\/\/i0.wp.com\/elevatorlightcurtains.com\/wp-content\/uploads\/2024\/03\/917E-scaled.jpg?resize=370%2C1024&amp;ssl=1 370w, https:\/\/i0.wp.com\/elevatorlightcurtains.com\/wp-content\/uploads\/2024\/03\/917E-scaled.jpg?resize=768%2C2128&amp;ssl=1 768w, https:\/\/i0.wp.com\/elevatorlightcurtains.com\/wp-content\/uploads\/2024\/03\/917E-scaled.jpg?resize=554%2C1536&amp;ssl=1 554w, https:\/\/i0.wp.com\/elevatorlightcurtains.com\/wp-content\/uploads\/2024\/03\/917E-scaled.jpg?resize=739%2C2048&amp;ssl=1 739w, https:\/\/i0.wp.com\/elevatorlightcurtains.com\/wp-content\/uploads\/2024\/03\/917E-scaled.jpg?resize=600%2C1663&amp;ssl=1 600w\" sizes=\"(max-width: 800px) 100vw, 800px\" \/><\/p>\n<p>&nbsp;<\/p>\n<p>El sensor de puerta de seguridad 2 en 1 917E no es s\u00f3lo un sensor de puerta, est\u00e1 dise\u00f1ado para detectar tanto la apertura como el cierre de la puerta, proporcion\u00e1ndole alertas en tiempo real y garantiz\u00e1ndole la m\u00e1xima protecci\u00f3n contra entradas no autorizadas. Esta doble funcionalidad lo convierte en una herramienta indispensable para mantener la seguridad de sus instalaciones.<\/p>\n<p>El sensor est\u00e1 equipado con tecnolog\u00eda punta que garantiza una detecci\u00f3n precisa y una notificaci\u00f3n inmediata. Utiliza una avanzada tecnolog\u00eda de infrarrojos para detectar el movimiento, garantizando que incluso la m\u00e1s m\u00ednima apertura de la puerta no pase desapercibida. El sensor tambi\u00e9n cuenta con un sistema de alarma integrado que activa una alerta cuando la puerta se abre o se cierra sin autorizaci\u00f3n, lo que le proporciona una notificaci\u00f3n inmediata y le permite tomar medidas r\u00e1pidas.<\/p>\n<p>El proceso de instalaci\u00f3n del sensor de puerta de seguridad 2 en 1 917E es sencillo y sin complicaciones. El sensor viene con un manual de instrucciones detallado que le gu\u00eda a trav\u00e9s de cada paso del proceso de instalaci\u00f3n. Est\u00e1 dise\u00f1ado para montarse f\u00e1cilmente en cualquier marco de puerta, lo que lo convierte en una soluci\u00f3n vers\u00e1til para todo tipo de puertas.<\/p>\n<p>El sensor de puerta de seguridad 2 en 1 Mitsubishi tipo 917E es m\u00e1s que un producto; es una promesa de seguridad y tranquilidad. Es un testimonio del compromiso de WECO para ofrecer soluciones innovadoras que satisfagan las necesidades de sus clientes. Con sus caracter\u00edsticas avanzadas, construcci\u00f3n robusta y f\u00e1cil proceso de instalaci\u00f3n, este sensor es una valiosa adici\u00f3n a cualquier sistema de seguridad del hogar o negocio.<\/p>\n<p>En conclusi\u00f3n, el sensor de puerta de seguridad 2 en 1 917E es una soluci\u00f3n de seguridad de alta calidad, fiable y eficaz. Ofrece un rendimiento superior, funciones avanzadas y una construcci\u00f3n robusta, por lo que es una excelente inversi\u00f3n para cualquiera que desee mejorar la seguridad de sus instalaciones. Conf\u00ede en la calidad y fiabilidad de WECO para proporcionarle lo \u00faltimo en tecnolog\u00eda de sensores de puerta.<\/p>","protected":false},"excerpt":{"rendered":"<ul>\n<li>\n<h5>Serie E: cortina de luz 2 en 1, combinada con panel t\u00e1ctil de seguridad y cortina de luz, instalada con soportes mec\u00e1nicos, el \u00e1rea de la puerta puede obtener doble seguridad.<\/h5>\n<\/li>\n<li>\n<h5>154 haces 32 diodos<\/h5>\n<\/li>\n<li>\n<h5>Voltaje: AC220V, AC110V<\/h5>\n<\/li>\n<li>\n<h5>Altura est\u00e1ndar de 2000 mm<\/h5>\n<\/li>\n<li>\n<h5>Alcance de detecci\u00f3n de 4000 mm<\/h5>\n<\/li>\n<li>\n<h5>Grado de protecci\u00f3n IP54<\/h5>\n<\/li>\n<li>\n<h5>EN81-70<\/h5>\n<\/li>\n<li>\n<h5>Embalaje de tubo individual, cinco tubos en un paquete.<\/h5>\n<\/li>\n<li>\n<h5>Se pueden fabricar a medida alturas y longitudes de cable especiales.<\/h5>\n<\/li>\n<li>\n<h5>Adquiera soportes mec\u00e1nicos a juego para la instalaci\u00f3n<\/h5>\n<\/li>\n<\/ul>","protected":false},"featured_media":1248,"comment_status":"open","ping_status":"closed","template":"","meta":[],"product_cat":[44,49],"product_tag":[],"class_list":{"0":"post-1280","1":"product","2":"type-product","3":"status-publish","4":"has-post-thumbnail","6":"product_cat-2-in-1-elevator-door-detector","7":"product_cat-products","9":"first","10":"instock","11":"shipping-taxable","12":"product-type-simple"},"jetpack_sharing_enabled":true,"_links":{"self":[{"href":"https:\/\/elevatorlightcurtains.com\/es\/wp-json\/wp\/v2\/product\/1280","targetHints":{"allow":["GET"]}}],"collection":[{"href":"https:\/\/elevatorlightcurtains.com\/es\/wp-json\/wp\/v2\/product"}],"about":[{"href":"https:\/\/elevatorlightcurtains.com\/es\/wp-json\/wp\/v2\/types\/product"}],"replies":[{"embeddable":true,"href":"https:\/\/elevatorlightcurtains.com\/es\/wp-json\/wp\/v2\/comments?post=1280"}],"wp:featuredmedia":[{"embeddable":true,"href":"https:\/\/elevatorlightcurtains.com\/es\/wp-json\/wp\/v2\/media\/1248"}],"wp:attachment":[{"href":"https:\/\/elevatorlightcurtains.com\/es\/wp-json\/wp\/v2\/media?parent=1280"}],"wp:term":[{"taxonomy":"product_cat","embeddable":true,"href":"https:\/\/elevatorlightcurtains.com\/es\/wp-json\/wp\/v2\/product_cat?post=1280"},{"taxonomy":"product_tag","embeddable":true,"href":"https:\/\/elevatorlightcurtains.com\/es\/wp-json\/wp\/v2\/product_tag?post=1280"}],"curies":[{"name":"wp","href":"https:\/\/api.w.org\/{rel}","templated":true}]}}