{"id":1279,"date":"2024-03-10T06:57:55","date_gmt":"2024-03-10T06:57:55","guid":{"rendered":"https:\/\/elevatorlightcurtains.com\/?post_type=product&#038;p=1279"},"modified":"2025-01-01T07:27:29","modified_gmt":"2025-01-01T07:27:29","slug":"elevator-door-sensor-weco-917c","status":"publish","type":"product","link":"https:\/\/elevatorlightcurtains.com\/es\/producto\/elevator-door-sensor-weco-917c\/","title":{"rendered":"sensor de puerta de ascensor WECO-917C"},"content":{"rendered":"<p>Presentamos nuestro vanguardista sensor de puerta de ascensor, un elemento de seguridad primordial dise\u00f1ado para garantizar el funcionamiento seguro y eficaz de su sistema de ascensor. Este innovador producto es una prueba de nuestro compromiso por ofrecer soluciones de alta calidad, fiables y tecnol\u00f3gicamente avanzadas para la seguridad de los ascensores.<\/p>\n<p><img data-recalc-dims=\"1\" fetchpriority=\"high\" decoding=\"async\" class=\"alignnone wp-image-1271 size-full\" src=\"https:\/\/i0.wp.com\/elevatorlightcurtains.com\/wp-content\/uploads\/2024\/03\/917C-scaled.jpg?resize=800%2C2216&#038;ssl=1\" alt=\"\" width=\"800\" height=\"2216\" srcset=\"https:\/\/i0.wp.com\/elevatorlightcurtains.com\/wp-content\/uploads\/2024\/03\/917C-scaled.jpg?w=924&amp;ssl=1 924w, https:\/\/i0.wp.com\/elevatorlightcurtains.com\/wp-content\/uploads\/2024\/03\/917C-scaled.jpg?resize=108%2C300&amp;ssl=1 108w, https:\/\/i0.wp.com\/elevatorlightcurtains.com\/wp-content\/uploads\/2024\/03\/917C-scaled.jpg?resize=370%2C1024&amp;ssl=1 370w, https:\/\/i0.wp.com\/elevatorlightcurtains.com\/wp-content\/uploads\/2024\/03\/917C-scaled.jpg?resize=768%2C2128&amp;ssl=1 768w, https:\/\/i0.wp.com\/elevatorlightcurtains.com\/wp-content\/uploads\/2024\/03\/917C-scaled.jpg?resize=554%2C1536&amp;ssl=1 554w, https:\/\/i0.wp.com\/elevatorlightcurtains.com\/wp-content\/uploads\/2024\/03\/917C-scaled.jpg?resize=739%2C2048&amp;ssl=1 739w, https:\/\/i0.wp.com\/elevatorlightcurtains.com\/wp-content\/uploads\/2024\/03\/917C-scaled.jpg?resize=600%2C1663&amp;ssl=1 600w\" sizes=\"(max-width: 800px) 100vw, 800px\" \/><\/p>\n<p>&nbsp;<\/p>\n<p>Nuestro sensor de puerta de ascensor es un componente esencial de cualquier sistema de ascensor moderno. Est\u00e1 meticulosamente dise\u00f1ado para detectar la presencia de pasajeros u objetos entre las puertas del ascensor, evitando que se cierren cuando est\u00e1n obstruidas. Este sensor desempe\u00f1a un papel crucial para garantizar la seguridad de los pasajeros, eliminando el riesgo de lesiones causadas por el cierre de las puertas.<\/p>\n<p>El sensor funciona con tecnolog\u00eda de infrarrojos de \u00faltima generaci\u00f3n. Proyecta una red de luz invisible a trav\u00e9s de la puerta del ascensor que, al ser interrumpida por un objeto o una persona, indica a la puerta que permanezca abierta o que vuelva a abrirse si ha empezado a cerrarse. Esta sofisticada tecnolog\u00eda garantiza que el sensor responda con rapidez y precisi\u00f3n, proporcionando una experiencia de usuario sin interrupciones.<\/p>\n<p>Nuestro sensor de puerta de ascensor est\u00e1 dise\u00f1ado pensando en la durabilidad. Puede soportar un uso intensivo en entornos de alto tr\u00e1fico como edificios comerciales, hoteles, hospitales y complejos residenciales. Su robusta construcci\u00f3n garantiza que pueda soportar condiciones duras manteniendo un rendimiento \u00f3ptimo.<\/p>\n<p>El dise\u00f1o compacto del sensor facilita su instalaci\u00f3n e integraci\u00f3n en los sistemas de ascensores existentes. Es compatible con una amplia gama de modelos y marcas de ascensores, lo que lo convierte en una opci\u00f3n vers\u00e1til para diversas aplicaciones. A pesar de su tama\u00f1o compacto, no compromete su alcance de detecci\u00f3n ni su precisi\u00f3n.<\/p>\n<p>Una de las caracter\u00edsticas m\u00e1s destacadas de nuestro sensor de puerta de ascensor es su bajo consumo de energ\u00eda. Funciona eficientemente sin consumir demasiada energ\u00eda, lo que lo convierte en una opci\u00f3n ecol\u00f3gica que contribuye a los esfuerzos de conservaci\u00f3n de energ\u00eda al tiempo que reduce los costes operativos.<\/p>\n<p>Adem\u00e1s de su funci\u00f3n principal de garantizar la seguridad de los pasajeros, nuestro sensor de puerta de ascensor tambi\u00e9n contribuye a la eficiencia general de su sistema de ascensor. Al evitar el cierre y la reapertura innecesarios de las puertas, ayuda a mantener un tr\u00e1fico fluido y reduce el desgaste de otros componentes, lo que prolonga la vida \u00fatil de su sistema de ascensores.<\/p>\n<p>Nuestro sensor de puerta de ascensor cumple todas las normas y reglamentos de seguridad pertinentes. Ha sido sometido a rigurosas pruebas para garantizar su fiabilidad y eficacia en diversos escenarios. Con este producto, puede estar seguro de que su sistema de ascensor est\u00e1 equipado con una funci\u00f3n de seguridad de primer nivel que prioriza la seguridad de los pasajeros y la eficiencia operativa.<\/p>\n<p>En conclusi\u00f3n, nuestro sensor de puerta de ascensor es m\u00e1s que un elemento de seguridad; es una inversi\u00f3n en la longevidad y eficiencia de su sistema de ascensor. Su avanzada tecnolog\u00eda, robusta construcci\u00f3n, eficiencia energ\u00e9tica y f\u00e1cil integraci\u00f3n lo convierten en un componente indispensable para cualquier sistema de ascensores moderno. Conf\u00ede en nuestro sensor de puerta de ascensor para obtener una seguridad y un rendimiento incomparables en el funcionamiento de su ascensor.<\/p>","protected":false},"excerpt":{"rendered":"<ul>\n<li>\n<h5>WECO Sensores de haz Componentes de elevaci\u00f3n 917C71 -AC220<\/h5>\n<\/li>\n<li>\n<h5>94\/154 haces de 17\/32 diodos<\/h5>\n<\/li>\n<li>\n<h5>Tensi\u00f3n: AC220V, AC110V, DC24V, NPN\/ PNP<\/h5>\n<\/li>\n<li>\n<h5>Altura est\u00e1ndar de 2000 mm<\/h5>\n<\/li>\n<li>\n<h5>Alcance de detecci\u00f3n de 4000 mm<\/h5>\n<\/li>\n<li>\n<h5>Grado de protecci\u00f3n IP54<\/h5>\n<\/li>\n<li>\n<h5>EN81-70<\/h5>\n<\/li>\n<li>\n<h5>Embalaje de tubo individual, cinco tubos en un paquete.<\/h5>\n<\/li>\n<li>\n<h5>Se pueden fabricar a medida alturas y longitudes de cable especiales.<\/h5>\n<\/li>\n<\/ul>","protected":false},"featured_media":1247,"comment_status":"open","ping_status":"closed","template":"","meta":[],"product_cat":[36,49],"product_tag":[],"class_list":{"0":"post-1279","1":"product","2":"type-product","3":"status-publish","4":"has-post-thumbnail","6":"product_cat-universal-elevator-beam-sensor","7":"product_cat-products","9":"first","10":"instock","11":"shipping-taxable","12":"product-type-simple"},"jetpack_sharing_enabled":true,"_links":{"self":[{"href":"https:\/\/elevatorlightcurtains.com\/es\/wp-json\/wp\/v2\/product\/1279","targetHints":{"allow":["GET"]}}],"collection":[{"href":"https:\/\/elevatorlightcurtains.com\/es\/wp-json\/wp\/v2\/product"}],"about":[{"href":"https:\/\/elevatorlightcurtains.com\/es\/wp-json\/wp\/v2\/types\/product"}],"replies":[{"embeddable":true,"href":"https:\/\/elevatorlightcurtains.com\/es\/wp-json\/wp\/v2\/comments?post=1279"}],"wp:featuredmedia":[{"embeddable":true,"href":"https:\/\/elevatorlightcurtains.com\/es\/wp-json\/wp\/v2\/media\/1247"}],"wp:attachment":[{"href":"https:\/\/elevatorlightcurtains.com\/es\/wp-json\/wp\/v2\/media?parent=1279"}],"wp:term":[{"taxonomy":"product_cat","embeddable":true,"href":"https:\/\/elevatorlightcurtains.com\/es\/wp-json\/wp\/v2\/product_cat?post=1279"},{"taxonomy":"product_tag","embeddable":true,"href":"https:\/\/elevatorlightcurtains.com\/es\/wp-json\/wp\/v2\/product_tag?post=1279"}],"curies":[{"name":"wp","href":"https:\/\/api.w.org\/{rel}","templated":true}]}}