{"id":1269,"date":"2024-03-10T05:50:56","date_gmt":"2024-03-10T05:50:56","guid":{"rendered":"https:\/\/elevatorlightcurtains.com\/?post_type=product&#038;p=1269"},"modified":"2025-01-01T07:27:43","modified_gmt":"2025-01-01T07:27:43","slug":"elevator-door-detector-weco-917b-copy","status":"publish","type":"product","link":"https:\/\/elevatorlightcurtains.com\/es\/producto\/elevator-door-detector-weco-917b-copy\/","title":{"rendered":"detector de puerta de ascensor WECO-917B"},"content":{"rendered":"<p>Presentamos nuestro detector de puertas de ascensor de \u00faltima generaci\u00f3n, un producto revolucionario dise\u00f1ado para mejorar la seguridad y la eficacia de su sistema de ascensores. Este dispositivo de vanguardia est\u00e1 meticulosamente dise\u00f1ado para garantizar el buen funcionamiento de las puertas del ascensor, proporcionando un nivel incomparable de seguridad y comodidad para todos los usuarios.<\/p>\n<p><img data-recalc-dims=\"1\" fetchpriority=\"high\" decoding=\"async\" class=\"alignnone wp-image-1270 size-full\" src=\"https:\/\/i0.wp.com\/elevatorlightcurtains.com\/wp-content\/uploads\/2024\/03\/917B-scaled.jpg?resize=800%2C2216&#038;ssl=1\" alt=\"\" width=\"800\" height=\"2216\" srcset=\"https:\/\/i0.wp.com\/elevatorlightcurtains.com\/wp-content\/uploads\/2024\/03\/917B-scaled.jpg?w=924&amp;ssl=1 924w, https:\/\/i0.wp.com\/elevatorlightcurtains.com\/wp-content\/uploads\/2024\/03\/917B-scaled.jpg?resize=108%2C300&amp;ssl=1 108w, https:\/\/i0.wp.com\/elevatorlightcurtains.com\/wp-content\/uploads\/2024\/03\/917B-scaled.jpg?resize=370%2C1024&amp;ssl=1 370w, https:\/\/i0.wp.com\/elevatorlightcurtains.com\/wp-content\/uploads\/2024\/03\/917B-scaled.jpg?resize=768%2C2128&amp;ssl=1 768w, https:\/\/i0.wp.com\/elevatorlightcurtains.com\/wp-content\/uploads\/2024\/03\/917B-scaled.jpg?resize=554%2C1536&amp;ssl=1 554w, https:\/\/i0.wp.com\/elevatorlightcurtains.com\/wp-content\/uploads\/2024\/03\/917B-scaled.jpg?resize=739%2C2048&amp;ssl=1 739w, https:\/\/i0.wp.com\/elevatorlightcurtains.com\/wp-content\/uploads\/2024\/03\/917B-scaled.jpg?resize=600%2C1663&amp;ssl=1 600w\" sizes=\"(max-width: 800px) 100vw, 800px\" \/><\/p>\n<p>&nbsp;<\/p>\n<p>Nuestro detector de puertas de ascensor es un testimonio del avance tecnol\u00f3gico, que combina un dise\u00f1o innovador con una funcionalidad superior. Es un componente esencial en los sistemas de ascensores modernos, actuando como un centinela vigilante que garantiza el paso seguro de los pasajeros mediante la detecci\u00f3n precisa de cualquier obstrucci\u00f3n que pudiera interferir con el cierre de las puertas del ascensor.<\/p>\n<p>El detector emplea una avanzada tecnolog\u00eda de infrarrojos para crear una cortina de seguridad invisible a lo largo de la puerta del ascensor. Esta cortina se compone de m\u00faltiples haces horizontales y verticales que cubren toda la zona de la puerta. Cuando estos haces se interrumpen, el detector env\u00eda instant\u00e1neamente una se\u00f1al al sistema de control del ascensor, impidiendo que las puertas se cierren hasta que se elimine la obstrucci\u00f3n. Este sofisticado mecanismo reduce significativamente el riesgo de accidentes, proporcionando tranquilidad a todos los usuarios.<\/p>\n<p>Nuestro detector de puertas de ascensor no es s\u00f3lo una cuesti\u00f3n de seguridad, sino tambi\u00e9n de eficacia. Al evitar el cierre innecesario de las puertas, ayuda a minimizar el desgaste del sistema del ascensor, prolongando su vida \u00fatil y reduciendo los costes de mantenimiento. Adem\u00e1s, contribuye al ahorro de energ\u00eda reduciendo el consumo de energ\u00eda asociado a las operaciones repetidas de las puertas.<\/p>\n<p>El detector est\u00e1 dise\u00f1ado para facilitar su instalaci\u00f3n y compatibilidad con una amplia gama de modelos de ascensores. Su dise\u00f1o compacto no compromete su rendimiento ni su fiabilidad. Funciona eficazmente en diversas condiciones ambientales, demostrando una durabilidad y resistencia excepcionales.<\/p>\n<p>Adem\u00e1s, nuestro detector de puertas de ascensor cumple todas las normas y reglamentos de seguridad pertinentes. Ha sido sometido a rigurosas pruebas para garantizar su fiabilidad y eficacia en situaciones reales. La robusta construcci\u00f3n del detector y sus componentes de alta calidad garantizan un rendimiento duradero y un mantenimiento m\u00ednimo.<\/p>\n<p>En resumen, nuestro detector de puertas de ascensor representa un avance significativo en la tecnolog\u00eda de seguridad de los ascensores. Combina un dise\u00f1o innovador con tecnolog\u00eda avanzada para ofrecer un producto que aumenta la seguridad, mejora la eficiencia y reduce los costes de mantenimiento. Ya sea usted fabricante de ascensores, propietario de un edificio o administrador de instalaciones, nuestro detector de puertas de ascensores es una inversi\u00f3n que le reportar\u00e1 importantes beneficios en t\u00e9rminos de seguridad, eficiencia y tranquilidad.<\/p>\n<p>Experimente hoy mismo la diferencia con nuestro detector de puertas de ascensor, donde la seguridad se une a la eficacia.<\/p>","protected":false},"excerpt":{"rendered":"<ul>\n<li>\n<h5>WECO Fotoc\u00e9lula de altura total Piezas de ascensor WECO-917B71-AC220<\/h5>\n<\/li>\n<li>\n<h5>94\/154 haces de 17\/32 diodos<\/h5>\n<\/li>\n<li>\n<h5>Tensi\u00f3n: AC220V, AC110V, DC24V, NPN\/ PNP<\/h5>\n<\/li>\n<li>\n<h5>Altura est\u00e1ndar de 2000 mm<\/h5>\n<\/li>\n<li>\n<h5>Alcance de detecci\u00f3n de 4000 mm<\/h5>\n<\/li>\n<li>\n<h5>Grado de protecci\u00f3n IP54<\/h5>\n<\/li>\n<li>\n<h5>EN81-70<\/h5>\n<\/li>\n<li>\n<h5>Embalaje de tubo individual, cinco tubos en un paquete.<\/h5>\n<\/li>\n<li>\n<h5>Se pueden fabricar a medida alturas y longitudes de cable especiales.<\/h5>\n<\/li>\n<\/ul>","protected":false},"featured_media":1246,"comment_status":"open","ping_status":"closed","template":"","meta":[],"product_cat":[36,49],"product_tag":[],"class_list":{"0":"post-1269","1":"product","2":"type-product","3":"status-publish","4":"has-post-thumbnail","6":"product_cat-universal-elevator-beam-sensor","7":"product_cat-products","9":"first","10":"instock","11":"shipping-taxable","12":"product-type-simple"},"jetpack_sharing_enabled":true,"_links":{"self":[{"href":"https:\/\/elevatorlightcurtains.com\/es\/wp-json\/wp\/v2\/product\/1269","targetHints":{"allow":["GET"]}}],"collection":[{"href":"https:\/\/elevatorlightcurtains.com\/es\/wp-json\/wp\/v2\/product"}],"about":[{"href":"https:\/\/elevatorlightcurtains.com\/es\/wp-json\/wp\/v2\/types\/product"}],"replies":[{"embeddable":true,"href":"https:\/\/elevatorlightcurtains.com\/es\/wp-json\/wp\/v2\/comments?post=1269"}],"wp:featuredmedia":[{"embeddable":true,"href":"https:\/\/elevatorlightcurtains.com\/es\/wp-json\/wp\/v2\/media\/1246"}],"wp:attachment":[{"href":"https:\/\/elevatorlightcurtains.com\/es\/wp-json\/wp\/v2\/media?parent=1269"}],"wp:term":[{"taxonomy":"product_cat","embeddable":true,"href":"https:\/\/elevatorlightcurtains.com\/es\/wp-json\/wp\/v2\/product_cat?post=1269"},{"taxonomy":"product_tag","embeddable":true,"href":"https:\/\/elevatorlightcurtains.com\/es\/wp-json\/wp\/v2\/product_tag?post=1269"}],"curies":[{"name":"wp","href":"https:\/\/api.w.org\/{rel}","templated":true}]}}