{"id":1161,"date":"2023-09-24T06:25:00","date_gmt":"2023-09-24T06:25:00","guid":{"rendered":"https:\/\/elevatorlightcurtains.com\/?post_type=product&#038;p=1161"},"modified":"2025-01-01T07:27:54","modified_gmt":"2025-01-01T07:27:54","slug":"elevator-light-curtain-weco-917a","status":"publish","type":"product","link":"https:\/\/elevatorlightcurtains.com\/es\/producto\/elevator-light-curtain-weco-917a\/","title":{"rendered":"cortina de luz para ascensores WECO-917A"},"content":{"rendered":"<p>Presentamos nuestra cortina de luz para ascensores de \u00faltima generaci\u00f3n, un producto revolucionario dise\u00f1ado para mejorar la seguridad y la eficacia de su sistema de ascensores. Este producto es la encarnaci\u00f3n de una tecnolog\u00eda de vanguardia, una ingenier\u00eda meticulosa y el compromiso de ofrecer los m\u00e1s altos est\u00e1ndares de seguridad.<\/p>\n<p><img data-recalc-dims=\"1\" fetchpriority=\"high\" decoding=\"async\" class=\"alignnone wp-image-1265 size-full\" src=\"https:\/\/i0.wp.com\/elevatorlightcurtains.com\/wp-content\/uploads\/2023\/11\/917A-light-curtain-data-scaled.webp?resize=800%2C2216&#038;ssl=1\" alt=\"\" width=\"800\" height=\"2216\" srcset=\"https:\/\/i0.wp.com\/elevatorlightcurtains.com\/wp-content\/uploads\/2023\/11\/917A-light-curtain-data-scaled.webp?w=924&amp;ssl=1 924w, https:\/\/i0.wp.com\/elevatorlightcurtains.com\/wp-content\/uploads\/2023\/11\/917A-light-curtain-data-scaled.webp?resize=108%2C300&amp;ssl=1 108w, https:\/\/i0.wp.com\/elevatorlightcurtains.com\/wp-content\/uploads\/2023\/11\/917A-light-curtain-data-scaled.webp?resize=370%2C1024&amp;ssl=1 370w, https:\/\/i0.wp.com\/elevatorlightcurtains.com\/wp-content\/uploads\/2023\/11\/917A-light-curtain-data-scaled.webp?resize=768%2C2128&amp;ssl=1 768w, https:\/\/i0.wp.com\/elevatorlightcurtains.com\/wp-content\/uploads\/2023\/11\/917A-light-curtain-data-scaled.webp?resize=554%2C1536&amp;ssl=1 554w, https:\/\/i0.wp.com\/elevatorlightcurtains.com\/wp-content\/uploads\/2023\/11\/917A-light-curtain-data-scaled.webp?resize=739%2C2048&amp;ssl=1 739w, https:\/\/i0.wp.com\/elevatorlightcurtains.com\/wp-content\/uploads\/2023\/11\/917A-light-curtain-data-scaled.webp?resize=600%2C1663&amp;ssl=1 600w\" sizes=\"(max-width: 800px) 100vw, 800px\" \/><\/p>\n<p>&nbsp;<\/p>\n<p>Nuestra cortina \u00f3ptica para ascensores es un sistema de detecci\u00f3n por infrarrojos que garantiza el funcionamiento seguro de los ascensores al detectar cualquier obstrucci\u00f3n en la puerta. Est\u00e1 dise\u00f1ada para ofrecer una combinaci\u00f3n perfecta de funcionalidad, fiabilidad y seguridad, lo que la convierte en un componente indispensable para cualquier sistema de ascensor moderno.<\/p>\n<p>La cortina de luz del ascensor funciona proyectando numerosos haces infrarrojos invisibles a trav\u00e9s de la entrada del ascensor. Si alg\u00fan objeto o persona interrumpe estos haces, el sistema env\u00eda inmediatamente una se\u00f1al al mecanismo de control del ascensor para que detenga su funcionamiento. Esto impide que las puertas se cierren sobre pasajeros u objetos, garantizando as\u00ed un viaje seguro y fluido para todos los usuarios.<\/p>\n<p>Fabricada con materiales y componentes de alta calidad, nuestra cortina de luz para ascensores garantiza durabilidad y longevidad. Es resistente al desgaste, por lo que puede soportar un uso intensivo en zonas de mucho tr\u00e1nsito, como edificios comerciales, hoteles, hospitales y complejos residenciales.<\/p>\n<p>El producto es de f\u00e1cil instalaci\u00f3n y mantenimiento. Su dise\u00f1o compacto permite integrarlo perfectamente en cualquier sistema de ascensores sin necesidad de realizar modificaciones importantes. Adem\u00e1s, su capacidad de autodiagn\u00f3stico le permite detectar y notificar r\u00e1pidamente cualquier aver\u00eda, lo que reduce el tiempo de inactividad y los costes de mantenimiento.<\/p>\n<p>Nuestra cortina de luz para ascensores no se limita a la seguridad, sino que tambi\u00e9n mejora la experiencia del usuario. El sistema funciona de forma silenciosa y eficiente, garantizando que los pasajeros no se vean molestados por ruidos o retrasos innecesarios. Su r\u00e1pido tiempo de respuesta garantiza que las puertas del ascensor se cierren r\u00e1pidamente una vez eliminados todos los obst\u00e1culos, mejorando as\u00ed la eficiencia general.<\/p>\n<p>Este producto cumple todas las normas y reglamentos internacionales de seguridad. Ha sido sometido a rigurosas pruebas en diversas condiciones para garantizar su fiabilidad y eficacia en la prevenci\u00f3n de accidentes. Con nuestra cortina de luz para ascensores instalada en su sistema de ascensores, puede estar seguro de que est\u00e1 proporcionando el m\u00e1ximo nivel de seguridad a sus usuarios.<\/p>\n<p>En conclusi\u00f3n, nuestra cortina de luz para ascensores es un testimonio de nuestro compromiso con la seguridad, la eficacia y la calidad. Es un producto que no s\u00f3lo cumple las normas del sector, sino que las supera. Al elegir nuestra cortina de luz para ascensores, est\u00e1 invirtiendo en un producto que ofrece una seguridad incomparable, un rendimiento superior y una relaci\u00f3n calidad-precio excepcional. Eleve su sistema de ascensores a nuevas cotas de seguridad y eficiencia con nuestra cortina de luz para ascensores.<\/p>","protected":false},"excerpt":{"rendered":"<h5><\/h5>\n<ul>\n<li>\n<h5>Serie A: producto estrella, gran versatilidad, adecuado para la mayor\u00eda de tipos de ascensores, el m\u00e1s vendido.<\/h5>\n<\/li>\n<li>\n<h5>N\u00famero de modelo: WECO-917A61-AC220, WECO-917A71-AC110<\/h5>\n<\/li>\n<li>\n<h5>94\/154 haces de 17\/32 diodos<\/h5>\n<\/li>\n<li>\n<h5>Tensi\u00f3n: AC220V, AC110V, DC24V, NPN\/ PNP<\/h5>\n<\/li>\n<li>\n<h5>Altura est\u00e1ndar de 2000 mm<\/h5>\n<\/li>\n<li>\n<h5>Alcance de detecci\u00f3n de 4000 mm<\/h5>\n<\/li>\n<li>\n<h5>Grado de protecci\u00f3n IP54<\/h5>\n<\/li>\n<li>\n<h5>EN81-70<\/h5>\n<\/li>\n<li>\n<h5>Embalaje de tubo individual, cinco tubos en un paquete.<\/h5>\n<\/li>\n<li>\n<h5>Se pueden fabricar a medida alturas y longitudes de cable especiales.<\/h5>\n<\/li>\n<\/ul>","protected":false},"featured_media":1245,"comment_status":"open","ping_status":"closed","template":"","meta":[],"product_cat":[36,49],"product_tag":[],"class_list":{"0":"post-1161","1":"product","2":"type-product","3":"status-publish","4":"has-post-thumbnail","6":"product_cat-universal-elevator-beam-sensor","7":"product_cat-products","9":"first","10":"instock","11":"shipping-taxable","12":"product-type-simple"},"jetpack_sharing_enabled":true,"_links":{"self":[{"href":"https:\/\/elevatorlightcurtains.com\/es\/wp-json\/wp\/v2\/product\/1161","targetHints":{"allow":["GET"]}}],"collection":[{"href":"https:\/\/elevatorlightcurtains.com\/es\/wp-json\/wp\/v2\/product"}],"about":[{"href":"https:\/\/elevatorlightcurtains.com\/es\/wp-json\/wp\/v2\/types\/product"}],"replies":[{"embeddable":true,"href":"https:\/\/elevatorlightcurtains.com\/es\/wp-json\/wp\/v2\/comments?post=1161"}],"wp:featuredmedia":[{"embeddable":true,"href":"https:\/\/elevatorlightcurtains.com\/es\/wp-json\/wp\/v2\/media\/1245"}],"wp:attachment":[{"href":"https:\/\/elevatorlightcurtains.com\/es\/wp-json\/wp\/v2\/media?parent=1161"}],"wp:term":[{"taxonomy":"product_cat","embeddable":true,"href":"https:\/\/elevatorlightcurtains.com\/es\/wp-json\/wp\/v2\/product_cat?post=1161"},{"taxonomy":"product_tag","embeddable":true,"href":"https:\/\/elevatorlightcurtains.com\/es\/wp-json\/wp\/v2\/product_tag?post=1161"}],"curies":[{"name":"wp","href":"https:\/\/api.w.org\/{rel}","templated":true}]}}